{"id":41443,"date":"2025-06-09T20:21:10","date_gmt":"2025-06-09T18:21:10","guid":{"rendered":"https:\/\/pawz.rs\/?post_type=product&#038;p=41443"},"modified":"2025-06-29T19:47:46","modified_gmt":"2025-06-29T17:47:46","slug":"versele-laga-oropharma-jungle-shower-500ml","status":"publish","type":"product","link":"https:\/\/pawz.rs\/en\/versele-laga-oropharma-jungle-shower-500ml\/","title":{"rendered":"Versele Laga Oropharma Jungle Shower &#8211; 500ml"},"content":{"rendered":"<p><strong>Versele Laga Oropharma Jungle Shower &#8211; 500 ml<\/strong><\/p>\n<div class=\"col-md-12 text-center\">\n<div class=\"col-md-12 text-center\">\n<p>Kondicioner za perje<\/p>\n<\/div>\n<p>Sprej sa aloja verom koji perju daje blistav izgled a ko\u017eu \u010dini zdravom.<\/p>\n<p>Ovaj proizvod \u010disti perje, uspostavlja balans vlage ko\u017ee i perja, spre\u010dava opadanje perja i \u010dini ko\u017eu zdravom.<\/p>\n<ul>\n<li>Idealan za odr\u017eavanje higijene kod ptica koje se dr\u017ee kao ku\u0107ni ljubimci<\/li>\n<li>Blagotvoran tretman za perje i ko\u017eu<\/li>\n<li>Ne\u017eno \u010disti i obnavlja perje<\/li>\n<\/ul>\n<p><strong>Sastav:<\/strong><\/p>\n<p>Voda, gel aloje barbadenzis, PEG-10 propilen glikol, metil paraben, propil paraben, kalijum sorbat, natrijum benzoat<\/p>\n<p><strong>Uputstvo za upotrebu:<\/strong><\/p>\n<p>Poprskajte ptice sa razdaljine od 30cm.<\/p>\n<p>Pogodan za svakodnevnu upotrebu.<\/p>\n<p>Nije potrebno ispiranje<\/p>\n<p>Dostupno u pakovanju od 500ml<\/p>\n<p>Proizvo\u0111a\u010d: Versele Laga<br \/>\nZemlja porekla: Belgija (EU)<\/p>\n<\/div>\n\n    <div class=\"xs_social_share_widget xs_share_url after_content \t\tmain_content  wslu-style-1 wslu-share-box-shaped wslu-fill-colored wslu-none wslu-share-horizontal wslu-theme-font-no wslu-main_content\">\n\n\t\t\n        <ul>\n\t\t\t        <\/ul>\n    <\/div>","protected":false},"excerpt":{"rendered":"<div class=\"col-md-12 text-center\">\n<div class=\"col-md-12 text-center\">\n<p>Kondicioner za perje<\/p>\n<\/div>\n<\/div>","protected":false},"featured_media":41444,"comment_status":"open","ping_status":"closed","template":"","meta":{"_acf_changed":false},"pwb-brand":[318],"product_cat":[1281,1119],"product_tag":[],"class_list":{"0":"post-41443","1":"product","2":"type-product","3":"status-publish","4":"has-post-thumbnail","6":"pwb-brand-versele-laga","7":"product_cat-oprema-higijena-za-ptice","8":"product_cat-ptice","10":"first","11":"instock","12":"taxable","13":"shipping-taxable","14":"purchasable","15":"product-type-simple"},"acf":[],"brands":[{"id":318,"name":"Versele-Laga","slug":"versele-laga"}],"_links":{"self":[{"href":"https:\/\/pawz.rs\/en\/wp-json\/wp\/v2\/product\/41443","targetHints":{"allow":["GET"]}}],"collection":[{"href":"https:\/\/pawz.rs\/en\/wp-json\/wp\/v2\/product"}],"about":[{"href":"https:\/\/pawz.rs\/en\/wp-json\/wp\/v2\/types\/product"}],"replies":[{"embeddable":true,"href":"https:\/\/pawz.rs\/en\/wp-json\/wp\/v2\/comments?post=41443"}],"wp:featuredmedia":[{"embeddable":true,"href":"https:\/\/pawz.rs\/en\/wp-json\/wp\/v2\/media\/41444"}],"wp:attachment":[{"href":"https:\/\/pawz.rs\/en\/wp-json\/wp\/v2\/media?parent=41443"}],"wp:term":[{"taxonomy":"pwb-brand","embeddable":true,"href":"https:\/\/pawz.rs\/en\/wp-json\/wp\/v2\/pwb-brand?post=41443"},{"taxonomy":"product_cat","embeddable":true,"href":"https:\/\/pawz.rs\/en\/wp-json\/wp\/v2\/product_cat?post=41443"},{"taxonomy":"product_tag","embeddable":true,"href":"https:\/\/pawz.rs\/en\/wp-json\/wp\/v2\/product_tag?post=41443"}],"curies":[{"name":"wp","href":"https:\/\/api.w.org\/{rel}","templated":true}]}}