{"id":41498,"date":"2025-06-17T21:18:59","date_gmt":"2025-06-17T19:18:59","guid":{"rendered":"https:\/\/pawz.rs\/?post_type=product&#038;p=41498"},"modified":"2025-06-29T19:47:46","modified_gmt":"2025-06-29T17:47:46","slug":"manitoba-carduelis-spinus-extra-fancy-divlje-ptice-15kg","status":"publish","type":"product","link":"https:\/\/pawz.rs\/en\/manitoba-carduelis-spinus-extra-fancy-divlje-ptice-15kg\/","title":{"rendered":"Manitoba Carduelis-Spinus Extra Fancy Divlje ptice 15kg"},"content":{"rendered":"<p><strong>Carduelis-spinus EXTRA FANCY Divlje ptice 15kg<\/strong><\/p>\n<div class=\"col-md-12 text-center\">\n<div class=\"col-md-12 text-center\">\n<p>Kompletna hrana namenjena ishrani Divlje ptice<\/p>\n<p><strong>Sastav:<\/strong> Seme trave za voc\u0301njak, seme crnog luka, seme kanarinskog luka, cikorija, sme\u0111a perila, bela perila, seme susama, zlatno laneno seme, seme bele salate, kamelina, seme kinoa, crveno proso, lucerka, seme komora\u010da, seme \u010di\u010dka, plavo seme maka, anis, seme crne salate<\/p>\n<\/div>\n<p>Proizvo\u0111a\u010d: Manitoba S.R.L<br \/>\nZemlja porekla: Italija (EU)<\/p>\n<\/div>\n\n    <div class=\"xs_social_share_widget xs_share_url after_content \t\tmain_content  wslu-style-1 wslu-share-box-shaped wslu-fill-colored wslu-none wslu-share-horizontal wslu-theme-font-no wslu-main_content\">\n\n\t\t\n        <ul>\n\t\t\t        <\/ul>\n    <\/div>","protected":false},"excerpt":{"rendered":"<div class=\"col-md-12 text-center\">\n<div class=\"col-md-12 text-center\">\n<p>Kompletna hrana namenjena ishrani Divlje ptice<\/p>\n<\/div>\n<\/div>","protected":false},"featured_media":41618,"comment_status":"open","ping_status":"closed","template":"","meta":{"_acf_changed":false,"_aa_vp_cena":"","_aa_online_cena":""},"pwb-brand":[1297],"product_cat":[1277,1119],"product_tag":[],"class_list":{"0":"post-41498","1":"product","2":"type-product","3":"status-publish","4":"has-post-thumbnail","6":"pwb-brand-manitoba","7":"product_cat-hrana-za-ptice","8":"product_cat-ptice","10":"first","11":"instock","12":"taxable","13":"shipping-taxable","14":"purchasable","15":"product-type-simple"},"acf":[],"brands":[{"id":1297,"name":"Manitoba","slug":"manitoba"}],"_links":{"self":[{"href":"https:\/\/pawz.rs\/en\/wp-json\/wp\/v2\/product\/41498","targetHints":{"allow":["GET"]}}],"collection":[{"href":"https:\/\/pawz.rs\/en\/wp-json\/wp\/v2\/product"}],"about":[{"href":"https:\/\/pawz.rs\/en\/wp-json\/wp\/v2\/types\/product"}],"replies":[{"embeddable":true,"href":"https:\/\/pawz.rs\/en\/wp-json\/wp\/v2\/comments?post=41498"}],"wp:featuredmedia":[{"embeddable":true,"href":"https:\/\/pawz.rs\/en\/wp-json\/wp\/v2\/media\/41618"}],"wp:attachment":[{"href":"https:\/\/pawz.rs\/en\/wp-json\/wp\/v2\/media?parent=41498"}],"wp:term":[{"taxonomy":"pwb-brand","embeddable":true,"href":"https:\/\/pawz.rs\/en\/wp-json\/wp\/v2\/pwb-brand?post=41498"},{"taxonomy":"product_cat","embeddable":true,"href":"https:\/\/pawz.rs\/en\/wp-json\/wp\/v2\/product_cat?post=41498"},{"taxonomy":"product_tag","embeddable":true,"href":"https:\/\/pawz.rs\/en\/wp-json\/wp\/v2\/product_tag?post=41498"}],"curies":[{"name":"wp","href":"https:\/\/api.w.org\/{rel}","templated":true}]}}