{"id":41510,"date":"2025-06-10T21:26:48","date_gmt":"2025-06-10T19:26:48","guid":{"rendered":"https:\/\/pawz.rs\/?post_type=product&#038;p=41510"},"modified":"2025-06-29T19:47:50","modified_gmt":"2025-06-29T17:47:50","slug":"versele-laga-prestige-premium-african-parakeet","status":"publish","type":"product","link":"https:\/\/pawz.rs\/en\/versele-laga-prestige-premium-african-parakeet\/","title":{"rendered":"Versele Laga Prestige Premium African Parakeet"},"content":{"rendered":"<p><strong>Versele Laga Prestige Premium African Parakeet<\/strong><\/p>\n<div class=\"col-md-12 text-center\">\n<div class=\"col-md-12 text-center\">\n<p>Oboga\u0107ena semenska me\u0161avina sa ekstrudiranim VAM peletima namenjena ishrani srednjih papagaja \u010dija je zemlja porekla Afrika poput ljubavnih ptica<\/p>\n<\/div>\n<ul>\n<li>Oboga\u0107ena semenska me\u0161avina: vitamini, amino kiseline i minerali za optimalno stanje organizma<\/li>\n<li>Napravljena u konsultaciji sa nau\u010dnim timom Loro Parque sa Tenerifa<\/li>\n<\/ul>\n<p><strong>Sastav:<\/strong>\u00a0\u017duta proso, bela proso, olju\u0161\u0107eni ovas, mrvljeni pirina\u010d, olju\u0161\u0107eno seme suncokreta, \u0161afranika, seme za kanarince, heljda, crvena proso, seme lana, VAM peleti, ljuske ostrige<\/p>\n<p><strong>Analytical composition:<\/strong>\u00a0Proteini 12,5%, masti 7%, sirova vlakna 8%, sirovi pepeo 6%, kalcijum 0,90%, fosfor 0,40%, lizin 0,35%, metionin 0,30%, treonin 0,40%<\/p>\n<p><strong>Dodaci po kilogramu proizvoda: Nutritivni dodaci:<\/strong>\u00a0Vitamin A 8800 IU, Vitamin D3 1600 IU, Vitamin E 20 mg, 3b103 (gvo\u017e\u0111e) 20 mg, 3b202 (jod) 1.5 mg, 3b405 (bakar) 7 mg, 3b502 (mangan) 48 mg, 3b603 (cink) 45 mg;<\/p>\n<p><strong>Tehnolo\u0161ki dodaci:\u00a0<\/strong>Konzervansi, antioksidansi;<\/p>\n<p><strong>\u00a0Senzorni dodaci:<\/strong>\u00a0Boje za hranu<\/p>\n<p><strong>Uputsvo za upotrebu:<\/strong><\/p>\n<p>Bez ograni\u010denja hranite ptice ovom hranom.<\/p>\n<p>Sve\u017ea pija\u0107a voda mora uvek biti dostupna pticama<\/p>\n<p>Dostupno u pakovanjima od 1kg i 2,5kg<\/p>\n<p>Proizvo\u0111a\u010d: Versele-Laga<br \/>\nZemlja porekla: Belgija (EU)<\/p>\n<\/div>\n\n    <div class=\"xs_social_share_widget xs_share_url after_content \t\tmain_content  wslu-style-1 wslu-share-box-shaped wslu-fill-colored wslu-none wslu-share-horizontal wslu-theme-font-no wslu-main_content\">\n\n\t\t\n        <ul>\n\t\t\t        <\/ul>\n    <\/div>","protected":false},"excerpt":{"rendered":"<div class=\"col-md-12 text-center\">\n<p>Oboga\u0107ena semenska me\u0161avina sa ekstrudiranim VAM peletima namenjena ishrani srednjih papagaja \u010dija je zemlja porekla Afrika poput ljubavnih ptica<\/p>\n<\/div>","protected":false},"featured_media":41514,"comment_status":"open","ping_status":"closed","template":"","meta":{"_acf_changed":false},"pwb-brand":[318],"product_cat":[1277,1119],"product_tag":[],"class_list":{"0":"post-41510","1":"product","2":"type-product","3":"status-publish","4":"has-post-thumbnail","6":"pwb-brand-versele-laga","7":"product_cat-hrana-za-ptice","8":"product_cat-ptice","10":"first","11":"instock","12":"taxable","13":"shipping-taxable","14":"purchasable","15":"product-type-variable","16":"has-default-attributes"},"acf":[],"brands":[{"id":318,"name":"Versele-Laga","slug":"versele-laga"}],"_links":{"self":[{"href":"https:\/\/pawz.rs\/en\/wp-json\/wp\/v2\/product\/41510","targetHints":{"allow":["GET"]}}],"collection":[{"href":"https:\/\/pawz.rs\/en\/wp-json\/wp\/v2\/product"}],"about":[{"href":"https:\/\/pawz.rs\/en\/wp-json\/wp\/v2\/types\/product"}],"replies":[{"embeddable":true,"href":"https:\/\/pawz.rs\/en\/wp-json\/wp\/v2\/comments?post=41510"}],"wp:featuredmedia":[{"embeddable":true,"href":"https:\/\/pawz.rs\/en\/wp-json\/wp\/v2\/media\/41514"}],"wp:attachment":[{"href":"https:\/\/pawz.rs\/en\/wp-json\/wp\/v2\/media?parent=41510"}],"wp:term":[{"taxonomy":"pwb-brand","embeddable":true,"href":"https:\/\/pawz.rs\/en\/wp-json\/wp\/v2\/pwb-brand?post=41510"},{"taxonomy":"product_cat","embeddable":true,"href":"https:\/\/pawz.rs\/en\/wp-json\/wp\/v2\/product_cat?post=41510"},{"taxonomy":"product_tag","embeddable":true,"href":"https:\/\/pawz.rs\/en\/wp-json\/wp\/v2\/product_tag?post=41510"}],"curies":[{"name":"wp","href":"https:\/\/api.w.org\/{rel}","templated":true}]}}