{"id":41515,"date":"2025-06-11T07:46:42","date_gmt":"2025-06-11T05:46:42","guid":{"rendered":"https:\/\/pawz.rs\/?post_type=product&#038;p=41515"},"modified":"2025-06-29T19:47:46","modified_gmt":"2025-06-29T17:47:46","slug":"versele-laga-prestige-tropical-finches-1kg","status":"publish","type":"product","link":"https:\/\/pawz.rs\/en\/versele-laga-prestige-tropical-finches-1kg\/","title":{"rendered":"Versele Laga Prestige Tropical Finches &#8211; 1kg"},"content":{"rendered":"<p><strong>Versele Laga Prestige Tropical Finches &#8211; 1kg<\/strong><\/p>\n<p><strong>Minimalna kupovina 2 komada<\/strong><\/p>\n<div class=\"col-md-12 text-center\">\n<p>Visoko kvalitetna semenska me\u0161avina namenjena ishrani tropskih zeba<\/p>\n<ul>\n<li>Za optimalnu kondiciju Va\u0161ih ptica<\/li>\n<\/ul>\n<p><strong>Sastav:<\/strong>\u00a0\u017euti panikum 42%, \u017euti proso 28%, japanski proso 11,5%, seme za kanarince 8,5%, crveni proso 5%, crveni panikum 4%, seme nigera 1%<\/p>\n<p><strong>Uputstvo za hranjenje:\u00a0<\/strong><\/p>\n<p>Va\u0161e ptice \u0107e biti u vrhunskoj kondici uz redovni dodatak jajj\u010dane hrane, vitamina i minerala poput Orlux Gold Patee Tropical finches, Oropharma Omni-Vit or Orlux Clay Bloc Mini.<\/p>\n<p>Sve\u017ea pija\u0107a voda mora uvek biti dostupna pticama<\/p>\n<p>Dostupno u pakovanju od 1kg<\/p>\n<p>Proizvo\u0111a\u010d: Versele Laga<br \/>\nZemlja porekla: Belgija (EU)<\/p>\n<\/div>\n\n    <div class=\"xs_social_share_widget xs_share_url after_content \t\tmain_content  wslu-style-1 wslu-share-box-shaped wslu-fill-colored wslu-none wslu-share-horizontal wslu-theme-font-no wslu-main_content\">\n\n\t\t\n        <ul>\n\t\t\t        <\/ul>\n    <\/div>","protected":false},"excerpt":{"rendered":"<div class=\"col-md-12 text-center\">\n<p>Visoko kvalitetna semenska me\u0161avina namenjena ishrani tropskih zeba<\/p>\n<\/div>","protected":false},"featured_media":41516,"comment_status":"open","ping_status":"closed","template":"","meta":{"_acf_changed":false},"pwb-brand":[318],"product_cat":[1277,1119],"product_tag":[],"class_list":{"0":"post-41515","1":"product","2":"type-product","3":"status-publish","4":"has-post-thumbnail","6":"pwb-brand-versele-laga","7":"product_cat-hrana-za-ptice","8":"product_cat-ptice","10":"first","11":"instock","12":"taxable","13":"shipping-taxable","14":"purchasable","15":"product-type-simple"},"acf":[],"brands":[{"id":318,"name":"Versele-Laga","slug":"versele-laga"}],"_links":{"self":[{"href":"https:\/\/pawz.rs\/en\/wp-json\/wp\/v2\/product\/41515","targetHints":{"allow":["GET"]}}],"collection":[{"href":"https:\/\/pawz.rs\/en\/wp-json\/wp\/v2\/product"}],"about":[{"href":"https:\/\/pawz.rs\/en\/wp-json\/wp\/v2\/types\/product"}],"replies":[{"embeddable":true,"href":"https:\/\/pawz.rs\/en\/wp-json\/wp\/v2\/comments?post=41515"}],"wp:featuredmedia":[{"embeddable":true,"href":"https:\/\/pawz.rs\/en\/wp-json\/wp\/v2\/media\/41516"}],"wp:attachment":[{"href":"https:\/\/pawz.rs\/en\/wp-json\/wp\/v2\/media?parent=41515"}],"wp:term":[{"taxonomy":"pwb-brand","embeddable":true,"href":"https:\/\/pawz.rs\/en\/wp-json\/wp\/v2\/pwb-brand?post=41515"},{"taxonomy":"product_cat","embeddable":true,"href":"https:\/\/pawz.rs\/en\/wp-json\/wp\/v2\/product_cat?post=41515"},{"taxonomy":"product_tag","embeddable":true,"href":"https:\/\/pawz.rs\/en\/wp-json\/wp\/v2\/product_tag?post=41515"}],"curies":[{"name":"wp","href":"https:\/\/api.w.org\/{rel}","templated":true}]}}