{"id":41518,"date":"2025-06-10T21:26:48","date_gmt":"2025-06-10T19:26:48","guid":{"rendered":"https:\/\/pawz.rs\/?post_type=product&#038;p=41518"},"modified":"2025-06-29T19:47:46","modified_gmt":"2025-06-29T17:47:46","slug":"versele-laga-prestige-european-finches-1kg","status":"publish","type":"product","link":"https:\/\/pawz.rs\/en\/versele-laga-prestige-european-finches-1kg\/","title":{"rendered":"Versele Laga Prestige European Finches &#8211; 1kg"},"content":{"rendered":"<p><strong>Versele Laga Prestige European Finches &#8211; 1kg<\/strong><\/p>\n<div class=\"col-md-12 text-center\">\n<div class=\"col-md-12 text-center\">\n<p>Osnovna visoko kvalitetna semenska me\u0161avina namenjena ishrani svih vrsta evropskih zeba<\/p>\n<\/div>\n<p>Osnovna me\u0161avina koja odr\u017eava ptice u dobroj kondiciji<\/p>\n<p><strong>Sastav:<\/strong>\u00a0seme za kanarince 42,5%, seme uljane repice 17%, olju\u0161\u0107eni ovas 10%, seme nigera 10%, seme lana 7%, repica 5%, divlje semenje 4%, seme perile 3%, seme spana\u0107a 1,5%<\/p>\n<p><strong>Uputstvo za upotrebu:<br \/>\n<\/strong>Za optimalno stanje organizma ptica neophodno je davati im i jaj\u010danu hranu, vitamine i\/ili minerale ( npr Orlux Gold Patee European Finches, Oropharma Omni-Vit or Orlux Clay Bloc Mini )<\/p>\n<p>Redovno sipajte pticama sve\u017eu vodu i hranu<\/p>\n<p>Dostupno u pakovanju od 1kg<\/p>\n<p>Proizvo\u0111a\u010d: Versele Laga<br \/>\nZemlja porekla: Belgija (EU)<\/p>\n<\/div>\n\n    <div class=\"xs_social_share_widget xs_share_url after_content \t\tmain_content  wslu-style-1 wslu-share-box-shaped wslu-fill-colored wslu-none wslu-share-horizontal wslu-theme-font-no wslu-main_content\">\n\n\t\t\n        <ul>\n\t\t\t        <\/ul>\n    <\/div>","protected":false},"excerpt":{"rendered":"<div class=\"col-md-12 text-center\">\n<div class=\"col-md-12 text-center\">\n<p>Osnovna visoko kvalitetna semenska me\u0161avina namenjena ishrani svih vrsta evropskih zeba<\/p>\n<\/div>\n<\/div>","protected":false},"featured_media":41519,"comment_status":"open","ping_status":"closed","template":"","meta":{"_acf_changed":false},"pwb-brand":[318],"product_cat":[1277,1119],"product_tag":[],"class_list":{"0":"post-41518","1":"product","2":"type-product","3":"status-publish","4":"has-post-thumbnail","6":"pwb-brand-versele-laga","7":"product_cat-hrana-za-ptice","8":"product_cat-ptice","10":"first","11":"instock","12":"taxable","13":"shipping-taxable","14":"purchasable","15":"product-type-simple"},"acf":[],"brands":[{"id":318,"name":"Versele-Laga","slug":"versele-laga"}],"_links":{"self":[{"href":"https:\/\/pawz.rs\/en\/wp-json\/wp\/v2\/product\/41518","targetHints":{"allow":["GET"]}}],"collection":[{"href":"https:\/\/pawz.rs\/en\/wp-json\/wp\/v2\/product"}],"about":[{"href":"https:\/\/pawz.rs\/en\/wp-json\/wp\/v2\/types\/product"}],"replies":[{"embeddable":true,"href":"https:\/\/pawz.rs\/en\/wp-json\/wp\/v2\/comments?post=41518"}],"wp:featuredmedia":[{"embeddable":true,"href":"https:\/\/pawz.rs\/en\/wp-json\/wp\/v2\/media\/41519"}],"wp:attachment":[{"href":"https:\/\/pawz.rs\/en\/wp-json\/wp\/v2\/media?parent=41518"}],"wp:term":[{"taxonomy":"pwb-brand","embeddable":true,"href":"https:\/\/pawz.rs\/en\/wp-json\/wp\/v2\/pwb-brand?post=41518"},{"taxonomy":"product_cat","embeddable":true,"href":"https:\/\/pawz.rs\/en\/wp-json\/wp\/v2\/product_cat?post=41518"},{"taxonomy":"product_tag","embeddable":true,"href":"https:\/\/pawz.rs\/en\/wp-json\/wp\/v2\/product_tag?post=41518"}],"curies":[{"name":"wp","href":"https:\/\/api.w.org\/{rel}","templated":true}]}}