{"id":41520,"date":"2025-06-10T19:08:00","date_gmt":"2025-06-10T17:08:00","guid":{"rendered":"https:\/\/pawz.rs\/?post_type=product&#038;p=41520"},"modified":"2025-06-29T19:47:46","modified_gmt":"2025-06-29T17:47:46","slug":"versele-laga-prestige-doves-1kg","status":"publish","type":"product","link":"https:\/\/pawz.rs\/en\/versele-laga-prestige-doves-1kg\/","title":{"rendered":"Versele Laga Prestige Doves &#8211; 1kg"},"content":{"rendered":"<p><strong>Versele Laga Prestige Doves &#8211; 1kg<\/strong><\/p>\n<p><strong>Minimalna kupovina 3 komada<\/strong><\/p>\n<div class=\"col-md-12 text-center\">\n<div class=\"col-md-12 text-center\">\n<div class=\"col-md-12 text-center\">\n<p>Visoko kvalitetna semenska me\u0161avina namenjena svim vrstama gugutki<\/p>\n<\/div>\n<\/div>\n<ul>\n<li>Visoko kvalitetna me\u0161avina namenjena ishrani svih vrsta gugutki i malih egzoti\u010dnih golubova<\/li>\n<li>Vrlo \u010desto se koristi za ishranu ptica u ba\u0161tama i parkovima<\/li>\n<li>Bogata finim semenjem<\/li>\n<\/ul>\n<p><strong>Sastav<\/strong>: p\u0161enica 30%, \u017euti proso 18%, dari 13%, milo 7%, olju\u0161teni ovas 5%, heljda 5%, neobra\u0111eni pirina\u010d 4%, crveni proso 4%, seme konoplje 3%, \u0161afranika 3%, seme za kanarince 2%, mung pasulj 2%, grahorica 2%, mrvljeni gra\u0161ak 2%<\/p>\n<p><strong>Analytical composition:\u00a0<\/strong>proteini 12%, masti 4,5%, sirova vlakna 5%, sirovi pepeo 2,5%, kalcijum 0.06%, fosfor 0.30%, lizin 0.38%, metionin 0.22%, treonin 0.37%<\/p>\n<p><strong>Uputstvo za hranjenje:<br \/>\n<\/strong>Va\u0161a ptica \u0107e biti u vrhunskoj kondiciji ako joj se uz osnovnu hranu dodaju suplementi vitamina i minerala poput\u00a0\u00a0Oropharma Omni-Vit or Orlux Clay Bloc Amazon River.<\/p>\n<p>Sve\u017ea pija\u0107a voda mora uvek biti dostupna pticama<\/p>\n<p>Dostupno u pakovanju od 1kg<\/p>\n<p>Proizvo\u0111a\u010d: Versele Laga<br \/>\nZemlja porekla: Belgija (EU)<\/p>\n<\/div>\n\n    <div class=\"xs_social_share_widget xs_share_url after_content \t\tmain_content  wslu-style-1 wslu-share-box-shaped wslu-fill-colored wslu-none wslu-share-horizontal wslu-theme-font-no wslu-main_content\">\n\n\t\t\n        <ul>\n\t\t\t        <\/ul>\n    <\/div>","protected":false},"excerpt":{"rendered":"<div class=\"col-md-12 text-center\">\n<div class=\"col-md-12 text-center\">\n<div class=\"col-md-12 text-center\">\n<p>Visoko kvalitetna semenska me\u0161avina namenjena svim vrstama gugutki<\/p>\n<\/div>\n<\/div>\n<\/div>","protected":false},"featured_media":41521,"comment_status":"open","ping_status":"closed","template":"","meta":{"_acf_changed":false},"pwb-brand":[318],"product_cat":[1277,1119],"product_tag":[],"class_list":{"0":"post-41520","1":"product","2":"type-product","3":"status-publish","4":"has-post-thumbnail","6":"pwb-brand-versele-laga","7":"product_cat-hrana-za-ptice","8":"product_cat-ptice","10":"first","11":"instock","12":"taxable","13":"shipping-taxable","14":"purchasable","15":"product-type-simple"},"acf":[],"brands":[{"id":318,"name":"Versele-Laga","slug":"versele-laga"}],"_links":{"self":[{"href":"https:\/\/pawz.rs\/en\/wp-json\/wp\/v2\/product\/41520","targetHints":{"allow":["GET"]}}],"collection":[{"href":"https:\/\/pawz.rs\/en\/wp-json\/wp\/v2\/product"}],"about":[{"href":"https:\/\/pawz.rs\/en\/wp-json\/wp\/v2\/types\/product"}],"replies":[{"embeddable":true,"href":"https:\/\/pawz.rs\/en\/wp-json\/wp\/v2\/comments?post=41520"}],"wp:featuredmedia":[{"embeddable":true,"href":"https:\/\/pawz.rs\/en\/wp-json\/wp\/v2\/media\/41521"}],"wp:attachment":[{"href":"https:\/\/pawz.rs\/en\/wp-json\/wp\/v2\/media?parent=41520"}],"wp:term":[{"taxonomy":"pwb-brand","embeddable":true,"href":"https:\/\/pawz.rs\/en\/wp-json\/wp\/v2\/pwb-brand?post=41520"},{"taxonomy":"product_cat","embeddable":true,"href":"https:\/\/pawz.rs\/en\/wp-json\/wp\/v2\/product_cat?post=41520"},{"taxonomy":"product_tag","embeddable":true,"href":"https:\/\/pawz.rs\/en\/wp-json\/wp\/v2\/product_tag?post=41520"}],"curies":[{"name":"wp","href":"https:\/\/api.w.org\/{rel}","templated":true}]}}