{"id":41522,"date":"2025-06-10T21:26:47","date_gmt":"2025-06-10T19:26:47","guid":{"rendered":"https:\/\/pawz.rs\/?post_type=product&#038;p=41522"},"modified":"2025-06-29T19:47:46","modified_gmt":"2025-06-29T17:47:46","slug":"versele-laga-nutribird-insect-patee-premium-2kg","status":"publish","type":"product","link":"https:\/\/pawz.rs\/en\/versele-laga-nutribird-insect-patee-premium-2kg\/","title":{"rendered":"Versele Laga NutriBird Insect Patee Premium &#8211; 2kg"},"content":{"rendered":"<p class=\"my-3 tamnozelena2\"><strong>Versele Laga NutriBird Insect Patee Premium &#8211; 2kg <\/strong><\/p>\n<div class=\"col-md-12 text-center\">\n<p>Kompletna hrana za ptice koje se hrane insektima<\/p>\n<ul>\n<li>Visoka nutritivna vrednost i jako dobra apsorpcija<\/li>\n<li>Veoma visok udeo proteina \u017eivotinjskog porekla i kao takva ova hrana je idealna dodatna hrana za doma\u0107e i tropske ptice kao i srednje i velike papagaje<\/li>\n<li>Idealna za odgajiva\u010de prepelica, jarebica i mo\u010dvarica<\/li>\n<\/ul>\n<p><strong>Opti Taste<\/strong><\/p>\n<p>Osigurava dobru apsorpciju &#8211; idealna da se u nju dodaju suplementi ili lekovi<\/p>\n<p><strong>Opti Feather<\/strong><\/p>\n<p>Sadr\u0107i sve nutrijente koji osiguravaju gusto i sjajno perje<\/p>\n<p><strong>Opti Kalcijum<\/strong><\/p>\n<p>Optimalan odnos kalcijuma i fosfora za zdrave kosti<\/p>\n<p><strong>Sastav<\/strong>: insekti 34%, rakovi i meku\u0161ci 20%, pekarski proizvodi, med, ekstrakt proteina povr\u0107a, ulja i masti, \u0161e\u0107eri, minerali<\/p>\n<p><strong>Analytical composition:<\/strong>\u00a0proteini 29%, masti 10,5%, sirova vlakna 4%, sirovi pepeo 17%, kalcijum 2%, fosfor 1%, metionin 0,4%, lizin 1,4%, treonin 0,95%, triptofan 0,25%, cistin 0,35%<\/p>\n<p><strong>Dodaci po kg proizvoda:\u00a0<\/strong>Vitamin A 8500 IU, Vitamin D3 1000 IU, \u03b2-karoten 4.8 mg, Vitamin E 190 mg, Vitamin B1 4 mg, Vitamin B2 8.8 mg, Kalcijum-D-pantotenat 11 mg, Vitamin B6 3.3 mg, Vitamin B12 0.02 mg, Vitamin C 41 mg, Niacin 35 mg, Folna kiselina 0.66 mg, Biotin 0.11 mg, Holin hlorid 1200 mg, 3b202 (jod) 2 mg, 3b405 (bakar) 10 mg, 3b503 (mangan) 100 mg, 3b605 (cink) 97 mg, 3b802 (selenijum) 0.20 mg<\/p>\n<p><strong>Uputstvo za upotrebu:<br \/>\n<\/strong>Me\u0161avina je spremna za kori\u0161\u0107enje.<\/p>\n<p>Bez ograni\u010denja hranite ptice ovom hranom i redovno je osve\u017eavajte<\/p>\n<p>Idealna dopunska hrana za mnoge druge vrste ptica<\/p>\n<div id=\"info\" class=\"collapse show\">\n<div class=\"row\">\n<div class=\"col-sm-12\">Proizvo\u0111a\u010d: Versele Laga<br \/>\nZemlja porekla: Belgija (EU)<\/div>\n<\/div>\n<\/div>\n<\/div>\n\n    <div class=\"xs_social_share_widget xs_share_url after_content \t\tmain_content  wslu-style-1 wslu-share-box-shaped wslu-fill-colored wslu-none wslu-share-horizontal wslu-theme-font-no wslu-main_content\">\n\n\t\t\n        <ul>\n\t\t\t        <\/ul>\n    <\/div>","protected":false},"excerpt":{"rendered":"<p>Kompletna hrana za ptice koje se hrane insektima<\/p>","protected":false},"featured_media":41523,"comment_status":"open","ping_status":"closed","template":"","meta":{"_acf_changed":false},"pwb-brand":[318],"product_cat":[1277,1119],"product_tag":[],"class_list":{"0":"post-41522","1":"product","2":"type-product","3":"status-publish","4":"has-post-thumbnail","6":"pwb-brand-versele-laga","7":"product_cat-hrana-za-ptice","8":"product_cat-ptice","10":"first","11":"instock","12":"taxable","13":"shipping-taxable","14":"purchasable","15":"product-type-simple"},"acf":[],"brands":[{"id":318,"name":"Versele-Laga","slug":"versele-laga"}],"_links":{"self":[{"href":"https:\/\/pawz.rs\/en\/wp-json\/wp\/v2\/product\/41522","targetHints":{"allow":["GET"]}}],"collection":[{"href":"https:\/\/pawz.rs\/en\/wp-json\/wp\/v2\/product"}],"about":[{"href":"https:\/\/pawz.rs\/en\/wp-json\/wp\/v2\/types\/product"}],"replies":[{"embeddable":true,"href":"https:\/\/pawz.rs\/en\/wp-json\/wp\/v2\/comments?post=41522"}],"wp:featuredmedia":[{"embeddable":true,"href":"https:\/\/pawz.rs\/en\/wp-json\/wp\/v2\/media\/41523"}],"wp:attachment":[{"href":"https:\/\/pawz.rs\/en\/wp-json\/wp\/v2\/media?parent=41522"}],"wp:term":[{"taxonomy":"pwb-brand","embeddable":true,"href":"https:\/\/pawz.rs\/en\/wp-json\/wp\/v2\/pwb-brand?post=41522"},{"taxonomy":"product_cat","embeddable":true,"href":"https:\/\/pawz.rs\/en\/wp-json\/wp\/v2\/product_cat?post=41522"},{"taxonomy":"product_tag","embeddable":true,"href":"https:\/\/pawz.rs\/en\/wp-json\/wp\/v2\/product_tag?post=41522"}],"curies":[{"name":"wp","href":"https:\/\/api.w.org\/{rel}","templated":true}]}}