{"id":41555,"date":"2025-06-12T18:35:54","date_gmt":"2025-06-12T16:35:54","guid":{"rendered":"https:\/\/pawz.rs\/?post_type=product&#038;p=41555"},"modified":"2025-06-29T19:47:49","modified_gmt":"2025-06-29T17:47:49","slug":"tauro-pro-line-tanka-drvena-cetka-l","status":"publish","type":"product","link":"https:\/\/pawz.rs\/en\/tauro-pro-line-tanka-drvena-cetka-l\/","title":{"rendered":"Tauro Pro Line Tanka Drvena \u010cetka L"},"content":{"rendered":"<p><strong>Tauro Pro Line Tanka Drvena \u010cetka L<\/strong><\/p>\n<div class=\"col-md-12 text-center\">\n<div class=\"col-md-12 text-center\">\n<div class=\"col-md-12 text-center\">\n<p>Profesionalna tanka drvena \u010detka napravljena za efikasno \u010detkanje dlake pasa i ma\u010daka<\/p>\n<\/div>\n<\/div>\n<\/div>\n<p><strong>Visoko &#8211; kvalitetna<\/strong><\/p>\n<p>Zupci su du\u017ei nego kod obi\u010dnik \u010detki te svaki od njih ne\u017eno razdvaja umr\u0161ene delove dlake ne stvaraju\u0107i o\u0161te\u0107enja<\/p>\n<p><strong>Prakti\u010dna<\/strong><\/p>\n<p>Prakti\u010dna je i efikasna kod \u010detkanja pasa i ma\u010daka svih veli\u010dina i rasa<\/p>\n<p><strong>Antistati\u010dka<\/strong><\/p>\n<p>Specijalni antistati\u010dki premaz na zupcima spre\u010dava stvaranje elektriciteta tokom \u010detkanja \u0161to dlaku \u010dini ugla\u0111enom i sjajnom<\/p>\n<p><strong>Univerzalna upotreba<\/strong><\/p>\n<p>Ova \u010detka se mo\u017ee koristiti kako kod ku\u0107e tako i u salonima<\/p>\n<p><strong>Du\u017eina zubaca:<\/strong>\u00a011mm<\/p>\n<p><strong>Dimenzije: <\/strong>12x17cm<\/p>\n<p>Proizvo\u0111a\u010d: AKVATERA LT, UAB; EU<br \/>\nZemlja porekla: Litvanija<\/p>\n\n    <div class=\"xs_social_share_widget xs_share_url after_content \t\tmain_content  wslu-style-1 wslu-share-box-shaped wslu-fill-colored wslu-none wslu-share-horizontal wslu-theme-font-no wslu-main_content\">\n\n\t\t\n        <ul>\n\t\t\t        <\/ul>\n    <\/div>","protected":false},"excerpt":{"rendered":"<div class=\"col-md-12 text-center\">\n<div class=\"col-md-12 text-center\">\n<div class=\"col-md-12 text-center\">\n<p>Profesionalna tanka drvena \u010detka napravljena za efikasno \u010detkanje dlake pasa i ma\u010daka<\/p>\n<\/div>\n<\/div>\n<\/div>","protected":false},"featured_media":41553,"comment_status":"open","ping_status":"closed","template":"","meta":{"_acf_changed":false},"pwb-brand":[374],"product_cat":[23,765,80,47,104,389],"product_tag":[],"class_list":{"0":"post-41555","1":"product","2":"type-product","3":"status-publish","4":"has-post-thumbnail","6":"pwb-brand-tauro-pro-line","7":"product_cat-macke","8":"product_cat-oprema-za-macke","9":"product_cat-higijena-nega-macaka","10":"product_cat-psi","11":"product_cat-higijena-i-nega-pasa","12":"product_cat-higijenski-proizvodi-higijena-i-nega-pasa","14":"first","15":"instock","16":"taxable","17":"shipping-taxable","18":"purchasable","19":"product-type-variable","20":"has-default-attributes"},"acf":[],"brands":[{"id":374,"name":"Tauro Pro Line","slug":"tauro-pro-line"}],"_links":{"self":[{"href":"https:\/\/pawz.rs\/en\/wp-json\/wp\/v2\/product\/41555","targetHints":{"allow":["GET"]}}],"collection":[{"href":"https:\/\/pawz.rs\/en\/wp-json\/wp\/v2\/product"}],"about":[{"href":"https:\/\/pawz.rs\/en\/wp-json\/wp\/v2\/types\/product"}],"replies":[{"embeddable":true,"href":"https:\/\/pawz.rs\/en\/wp-json\/wp\/v2\/comments?post=41555"}],"wp:featuredmedia":[{"embeddable":true,"href":"https:\/\/pawz.rs\/en\/wp-json\/wp\/v2\/media\/41553"}],"wp:attachment":[{"href":"https:\/\/pawz.rs\/en\/wp-json\/wp\/v2\/media?parent=41555"}],"wp:term":[{"taxonomy":"pwb-brand","embeddable":true,"href":"https:\/\/pawz.rs\/en\/wp-json\/wp\/v2\/pwb-brand?post=41555"},{"taxonomy":"product_cat","embeddable":true,"href":"https:\/\/pawz.rs\/en\/wp-json\/wp\/v2\/product_cat?post=41555"},{"taxonomy":"product_tag","embeddable":true,"href":"https:\/\/pawz.rs\/en\/wp-json\/wp\/v2\/product_tag?post=41555"}],"curies":[{"name":"wp","href":"https:\/\/api.w.org\/{rel}","templated":true}]}}