{"id":41588,"date":"2025-06-12T18:35:51","date_gmt":"2025-06-12T16:35:51","guid":{"rendered":"https:\/\/pawz.rs\/?post_type=product&#038;p=41588"},"modified":"2025-06-29T19:47:46","modified_gmt":"2025-06-29T17:47:46","slug":"tauro-pro-line-cesalj-sa-dvostrukim-zupcima-m","status":"publish","type":"product","link":"https:\/\/pawz.rs\/en\/tauro-pro-line-cesalj-sa-dvostrukim-zupcima-m\/","title":{"rendered":"Tauro Pro Line \u010ce\u0161alj Sa Dvostrukim Zupcima M"},"content":{"rendered":"<p><strong>Tauro Pro Line \u010ce\u0161alj Sa Dvostrukim Zupcima M <\/strong><\/p>\n<div class=\"col-md-12 text-center\">\n<div class=\"col-md-12 text-center\">\n<div class=\"col-md-12 text-center\">\n<div class=\"col-md-12 text-center\">\n<div class=\"col-md-12 text-center\">\n<p>Visoko-kvalitetni \u010de\u0161alj namenjen nezi pasa i ma\u010daka svih veli\u010dina i rasa<\/p>\n<\/div>\n<\/div>\n<\/div>\n<\/div>\n<\/div>\n<p><strong>Prednosti Tauro Pro Line \u010de\u0161ljeva:<\/strong><\/p>\n<p><strong>Visoki kvalitet<\/strong><\/p>\n<p>\u010ce\u0161ljevi su izrazito izdr\u017eljivi zahvaljuju\u0107i aluminijumskoj dr\u0161ci i zupcima napravljenim od ner\u0111aju\u0107eg \u010delika.<\/p>\n<p>Svaki zubac je napravljen posebnom tehnologijom kako bi ne\u017eno razdvajao svaku dlaku<\/p>\n<p><strong>Lagani<\/strong><\/p>\n<p>\u010ce\u0161ljevi su izrazito lagani te ne optere\u0107uju zglobove ruku tokom \u010de\u0161ljanja<\/p>\n<p><strong>Besprekorni rezultati svaki dan<\/strong><\/p>\n<p>\u010ce\u0161alj sa dvostrukim zupcima razli\u010dite du\u017eine ne\u017eno klizi kroz dlaku spre\u010davaju\u0107i njeno mr\u0161enje i lomljenje.<\/p>\n<p>Pogodan je za svakodnevno \u010de\u0161ljanje pasa i ma\u010daka svih rasa i tipova dlake.<\/p>\n<p><strong>Otporan na vlagu i koroziju<\/strong><\/p>\n<p>Ne samo da je \u010de\u0161alj \u010dvrst i izdr\u017eljiv ve\u0107 je i otporan na vlagu i koroziju zahvaljuju\u0107i posebnoj tehnologiji izrade \u010dime se omogu\u0107ava njegova duotrajnost.<\/p>\n<p><strong>Univerzalna upotreba<\/strong><\/p>\n<p>Ova \u010de\u0161ljevi se mogu koristiti kako kod ku\u0107e tako i u salonima<\/p>\n<p><strong>Dimenzije:\u00a0<\/strong>19cm<\/p>\n<p>Proizvo\u0111a\u010d: AKVATERA LT, UAB; EU<br \/>\nZemlja porekla: Litvanija<\/p>\n\n    <div class=\"xs_social_share_widget xs_share_url after_content \t\tmain_content  wslu-style-1 wslu-share-box-shaped wslu-fill-colored wslu-none wslu-share-horizontal wslu-theme-font-no wslu-main_content\">\n\n\t\t\n        <ul>\n\t\t\t        <\/ul>\n    <\/div>","protected":false},"excerpt":{"rendered":"<div class=\"col-md-12 text-center\">\n<div class=\"col-md-12 text-center\">\n<div class=\"col-md-12 text-center\">\n<div class=\"col-md-12 text-center\">\n<div class=\"col-md-12 text-center\">\n<p>Visoko-kvalitetni \u010de\u0161alj namenjen nezi pasa i ma\u010daka svih veli\u010dina i rasa<\/p>\n<\/div>\n<\/div>\n<\/div>\n<\/div>\n<\/div>","protected":false},"featured_media":41589,"comment_status":"open","ping_status":"closed","template":"","meta":{"_acf_changed":false},"pwb-brand":[374],"product_cat":[23,765,80,47,104,389],"product_tag":[],"class_list":{"0":"post-41588","1":"product","2":"type-product","3":"status-publish","4":"has-post-thumbnail","6":"pwb-brand-tauro-pro-line","7":"product_cat-macke","8":"product_cat-oprema-za-macke","9":"product_cat-higijena-nega-macaka","10":"product_cat-psi","11":"product_cat-higijena-i-nega-pasa","12":"product_cat-higijenski-proizvodi-higijena-i-nega-pasa","14":"first","15":"instock","16":"taxable","17":"shipping-taxable","18":"purchasable","19":"product-type-simple"},"acf":[],"brands":[{"id":374,"name":"Tauro Pro Line","slug":"tauro-pro-line"}],"_links":{"self":[{"href":"https:\/\/pawz.rs\/en\/wp-json\/wp\/v2\/product\/41588","targetHints":{"allow":["GET"]}}],"collection":[{"href":"https:\/\/pawz.rs\/en\/wp-json\/wp\/v2\/product"}],"about":[{"href":"https:\/\/pawz.rs\/en\/wp-json\/wp\/v2\/types\/product"}],"replies":[{"embeddable":true,"href":"https:\/\/pawz.rs\/en\/wp-json\/wp\/v2\/comments?post=41588"}],"wp:featuredmedia":[{"embeddable":true,"href":"https:\/\/pawz.rs\/en\/wp-json\/wp\/v2\/media\/41589"}],"wp:attachment":[{"href":"https:\/\/pawz.rs\/en\/wp-json\/wp\/v2\/media?parent=41588"}],"wp:term":[{"taxonomy":"pwb-brand","embeddable":true,"href":"https:\/\/pawz.rs\/en\/wp-json\/wp\/v2\/pwb-brand?post=41588"},{"taxonomy":"product_cat","embeddable":true,"href":"https:\/\/pawz.rs\/en\/wp-json\/wp\/v2\/product_cat?post=41588"},{"taxonomy":"product_tag","embeddable":true,"href":"https:\/\/pawz.rs\/en\/wp-json\/wp\/v2\/product_tag?post=41588"}],"curies":[{"name":"wp","href":"https:\/\/api.w.org\/{rel}","templated":true}]}}