{"id":41671,"date":"2025-06-13T17:39:40","date_gmt":"2025-06-13T15:39:40","guid":{"rendered":"https:\/\/pawz.rs\/?post_type=product&#038;p=41671"},"modified":"2025-06-29T19:47:46","modified_gmt":"2025-06-29T17:47:46","slug":"manitoba-pate-red-400g","status":"publish","type":"product","link":"https:\/\/pawz.rs\/en\/manitoba-pate-red-400g\/","title":{"rendered":"Manitoba Pat\u00e9 Red 400g"},"content":{"rendered":"<p class=\"text-3xl max-w-[380px] break-words font-semibold\"><strong>MANITOBA Pat\u00e9 Red 400g<\/strong><\/p>\n<p><b>Minimalna kupovina 3 komada<\/b><\/p>\n<div class=\"col-md-12 text-center\">\n<div class=\"col-md-12 text-center\">\n<p>Kompletna hrana namenjena ishrani uzgoj crvenih Kanarinaca<\/p>\n<\/div>\n<p><strong>Sastav:<\/strong> Hlebni proizvodi, masti i ulja, \u017eitarice, \u0161e\u0107er (med 1%), biljni ekstrati proteina, minerali, semenke, mleko i mle\u010dni proizvodi, jaja i proizvodi na bazi jaja (1%), arome.<\/p>\n<p><strong>Uputstvo za upotrebu:<\/strong> Svakodnevno davanje hrane mora odgovarati prose\u010dnoj koli\u010dini koja se konzumira tokom 24 sata, vodec\u0301i ra\u010duna da se hranilice o\u010diste i operu pre svake primene. Ova sanitarna praksa tako\u0111e se mora pro\u0161iriti i na pojilice, osiguravajuc\u0301i uvek dostupnu sve\u017eu i \u010distu vodu.<\/p>\n<p>Proizvo\u0111a\u010d: Manitoba S.R.L<br \/>\nZemlja porekla: Italija (EU)<\/p>\n<\/div>\n\n    <div class=\"xs_social_share_widget xs_share_url after_content \t\tmain_content  wslu-style-1 wslu-share-box-shaped wslu-fill-colored wslu-none wslu-share-horizontal wslu-theme-font-no wslu-main_content\">\n\n\t\t\n        <ul>\n\t\t\t        <\/ul>\n    <\/div> \n","protected":false},"excerpt":{"rendered":"<div class=\"col-md-12 text-center\">\n<div class=\"col-md-12 text-center\">\n<p>Kompletna hrana namenjena ishrani uzgoj crvenih Kanarinaca<\/p>\n<\/div>\n<\/div>","protected":false},"featured_media":41672,"comment_status":"open","ping_status":"closed","template":"","meta":{"_acf_changed":false},"pwb-brand":[1297],"product_cat":[1277,1119],"product_tag":[],"class_list":{"0":"post-41671","1":"product","2":"type-product","3":"status-publish","4":"has-post-thumbnail","6":"pwb-brand-manitoba","7":"product_cat-hrana-za-ptice","8":"product_cat-ptice","10":"first","11":"instock","12":"taxable","13":"shipping-taxable","14":"purchasable","15":"product-type-simple"},"acf":[],"brands":[{"id":1297,"name":"Manitoba","slug":"manitoba"}],"_links":{"self":[{"href":"https:\/\/pawz.rs\/en\/wp-json\/wp\/v2\/product\/41671","targetHints":{"allow":["GET"]}}],"collection":[{"href":"https:\/\/pawz.rs\/en\/wp-json\/wp\/v2\/product"}],"about":[{"href":"https:\/\/pawz.rs\/en\/wp-json\/wp\/v2\/types\/product"}],"replies":[{"embeddable":true,"href":"https:\/\/pawz.rs\/en\/wp-json\/wp\/v2\/comments?post=41671"}],"wp:featuredmedia":[{"embeddable":true,"href":"https:\/\/pawz.rs\/en\/wp-json\/wp\/v2\/media\/41672"}],"wp:attachment":[{"href":"https:\/\/pawz.rs\/en\/wp-json\/wp\/v2\/media?parent=41671"}],"wp:term":[{"taxonomy":"pwb-brand","embeddable":true,"href":"https:\/\/pawz.rs\/en\/wp-json\/wp\/v2\/pwb-brand?post=41671"},{"taxonomy":"product_cat","embeddable":true,"href":"https:\/\/pawz.rs\/en\/wp-json\/wp\/v2\/product_cat?post=41671"},{"taxonomy":"product_tag","embeddable":true,"href":"https:\/\/pawz.rs\/en\/wp-json\/wp\/v2\/product_tag?post=41671"}],"curies":[{"name":"wp","href":"https:\/\/api.w.org\/{rel}","templated":true}]}}