{"id":41863,"date":"2025-06-17T15:23:30","date_gmt":"2025-06-17T13:23:30","guid":{"rendered":"https:\/\/pawz.rs\/?post_type=product&#038;p=41863"},"modified":"2025-06-29T19:47:48","modified_gmt":"2025-06-29T17:47:48","slug":"manitoba-roditori-hrana-za-glodare","status":"publish","type":"product","link":"https:\/\/pawz.rs\/en\/manitoba-roditori-hrana-za-glodare\/","title":{"rendered":"Manitoba Roditori hrana za Glodare"},"content":{"rendered":"<p class=\"product-headline\"><strong>Manitoba Roditori hrana za Glodare<\/strong><\/p>\n<div class=\"col-md-12 text-center\">\n<div class=\"col-md-12 text-center\">\n<p>Kompletna hrana namenjena ishrani glodare<\/p>\n<\/div>\n<p><strong>Sastav:<\/strong> Valjani gra\u0161ak, Mali pelet, Beli zob, Roga\u010d, P\u0161eni\u010dna kukuruz, Rolovani fava pasulj, Prugaste semenke suncokreta, Paddi (neolu\u010deni pirina\u010d), Puhani kukuruz, Pahuljica gra\u0161ka, Valjani kukuruz, Ekstrudirani kukuruz, Olju\u0161teni kikiriki, Celi bademi, Celi kikiriki, Le\u0161nici<\/p>\n<p><strong>Uputstvo za upotrebu:<\/strong> Svakodnevno davanje hrane mora odgovarati prose\u010dnoj koli\u010dini koja se konzumira tokom 24 sata, vodec\u0301i ra\u010duna da se hranilice o\u010diste i operu pre svake primene. Ova sanitarna praksa tako\u0111e se mora pro\u0161iriti i na pojilice, osiguravajuc\u0301i uvek dostupnu sve\u017eu i \u010distu vodu.<\/p>\n<p>Proizvo\u0111a\u010d: Manitoba S.R.L<br \/>\nZemlja porekla: Italija (EU)<\/p>\n<\/div>\n\n    <div class=\"xs_social_share_widget xs_share_url after_content \t\tmain_content  wslu-style-1 wslu-share-box-shaped wslu-fill-colored wslu-none wslu-share-horizontal wslu-theme-font-no wslu-main_content\">\n\n\t\t\n        <ul>\n\t\t\t        <\/ul>\n    <\/div>","protected":false},"excerpt":{"rendered":"<div class=\"col-md-12 text-center\">\n<div class=\"col-md-12 text-center\">\n<p>Kompletna hrana namenjena ishrani glodare<\/p>\n<\/div>\n<\/div>","protected":false},"featured_media":41866,"comment_status":"open","ping_status":"closed","template":"","meta":{"_acf_changed":false},"pwb-brand":[1297],"product_cat":[1277,1119],"product_tag":[],"class_list":{"0":"post-41863","1":"product","2":"type-product","3":"status-publish","4":"has-post-thumbnail","6":"pwb-brand-manitoba","7":"product_cat-hrana-za-ptice","8":"product_cat-ptice","10":"first","11":"instock","12":"taxable","13":"shipping-taxable","14":"purchasable","15":"product-type-variable","16":"has-default-attributes"},"acf":[],"brands":[{"id":1297,"name":"Manitoba","slug":"manitoba"}],"_links":{"self":[{"href":"https:\/\/pawz.rs\/en\/wp-json\/wp\/v2\/product\/41863","targetHints":{"allow":["GET"]}}],"collection":[{"href":"https:\/\/pawz.rs\/en\/wp-json\/wp\/v2\/product"}],"about":[{"href":"https:\/\/pawz.rs\/en\/wp-json\/wp\/v2\/types\/product"}],"replies":[{"embeddable":true,"href":"https:\/\/pawz.rs\/en\/wp-json\/wp\/v2\/comments?post=41863"}],"wp:featuredmedia":[{"embeddable":true,"href":"https:\/\/pawz.rs\/en\/wp-json\/wp\/v2\/media\/41866"}],"wp:attachment":[{"href":"https:\/\/pawz.rs\/en\/wp-json\/wp\/v2\/media?parent=41863"}],"wp:term":[{"taxonomy":"pwb-brand","embeddable":true,"href":"https:\/\/pawz.rs\/en\/wp-json\/wp\/v2\/pwb-brand?post=41863"},{"taxonomy":"product_cat","embeddable":true,"href":"https:\/\/pawz.rs\/en\/wp-json\/wp\/v2\/product_cat?post=41863"},{"taxonomy":"product_tag","embeddable":true,"href":"https:\/\/pawz.rs\/en\/wp-json\/wp\/v2\/product_tag?post=41863"}],"curies":[{"name":"wp","href":"https:\/\/api.w.org\/{rel}","templated":true}]}}