{"id":41874,"date":"2025-06-17T16:24:26","date_gmt":"2025-06-17T14:24:26","guid":{"rendered":"https:\/\/pawz.rs\/?post_type=product&#038;p=41874"},"modified":"2026-05-07T08:55:20","modified_gmt":"2026-05-07T06:55:20","slug":"manitoba-monello-pellet-pro-hrana-za-zeceve-bez-zitarica-900g","status":"publish","type":"product","link":"https:\/\/pawz.rs\/en\/manitoba-monello-pellet-pro-hrana-za-zeceve-bez-zitarica-900g\/","title":{"rendered":"Manitoba Monello Pellet Pro hrana za ze\u010deve bez \u017eitarica 900g"},"content":{"rendered":"<p class=\"product-headline\"><strong>Manitoba Monello Pellet Pro hrana za ze\u010deve bez \u017eitarica 900g<\/strong><\/p>\n<p><b>Minimalna kupovina 2 komada<\/b><\/p>\n<div class=\"col-md-12 text-center\">\n<div class=\"col-md-12 text-center\">\n<p>Kompletna hrana namenjena ishrani ze\u010deva<\/p>\n<\/div>\n<p><strong>Sastav:<\/strong> Krmno bilje (su\u0161ena lucerka 33%, seno sa livada sa me\u0161ovitom travom 10%), Biljni nusproizvodi, Mahunarke, Ekstrakti biljnih proteina, Roga\u010d, Minerali, Osu\u0161ene alge<\/p>\n<p><strong>Uputstvo za upotrebu:<\/strong> Svakodnevno davanje hrane mora odgovarati prose\u010dnoj koli\u010dini koja se konzumira tokom 24 sata, vodec\u0301i ra\u010duna da se hranilice o\u010diste i operu pre svake primene. Ova sanitarna praksa tako\u0111e se mora pro\u0161iriti i na pojilice, osiguravajuc\u0301i uvek dostupnu sve\u017eu i \u010distu vodu.<\/p>\n<p>Proizvo\u0111a\u010d: Manitoba S.R.L<br \/>\nZemlja porekla: Italija (EU)<\/p>\n<\/div>\n\n    <div class=\"xs_social_share_widget xs_share_url after_content \t\tmain_content  wslu-style-1 wslu-share-box-shaped wslu-fill-colored wslu-none wslu-share-horizontal wslu-theme-font-no wslu-main_content\">\n\n\t\t\n        <ul>\n\t\t\t        <\/ul>\n    <\/div>","protected":false},"excerpt":{"rendered":"<div class=\"col-md-12 text-center\">\n<div class=\"col-md-12 text-center\">\n<p>Kompletna hrana namenjena ishrani ze\u010deve<\/p>\n<\/div>\n<\/div>","protected":false},"featured_media":41877,"comment_status":"open","ping_status":"closed","template":"","meta":{"_acf_changed":false},"pwb-brand":[1297],"product_cat":[986,987,989],"product_tag":[],"class_list":{"0":"post-41874","1":"product","2":"type-product","3":"status-publish","4":"has-post-thumbnail","6":"pwb-brand-manitoba","7":"product_cat-glodari","8":"product_cat-zecevi","9":"product_cat-hrana-za-zeceve","11":"first","12":"instock","13":"sale","14":"taxable","15":"shipping-taxable","16":"purchasable","17":"product-type-simple"},"acf":[],"brands":[{"id":1297,"name":"Manitoba","slug":"manitoba"}],"_links":{"self":[{"href":"https:\/\/pawz.rs\/en\/wp-json\/wp\/v2\/product\/41874","targetHints":{"allow":["GET"]}}],"collection":[{"href":"https:\/\/pawz.rs\/en\/wp-json\/wp\/v2\/product"}],"about":[{"href":"https:\/\/pawz.rs\/en\/wp-json\/wp\/v2\/types\/product"}],"replies":[{"embeddable":true,"href":"https:\/\/pawz.rs\/en\/wp-json\/wp\/v2\/comments?post=41874"}],"wp:featuredmedia":[{"embeddable":true,"href":"https:\/\/pawz.rs\/en\/wp-json\/wp\/v2\/media\/41877"}],"wp:attachment":[{"href":"https:\/\/pawz.rs\/en\/wp-json\/wp\/v2\/media?parent=41874"}],"wp:term":[{"taxonomy":"pwb-brand","embeddable":true,"href":"https:\/\/pawz.rs\/en\/wp-json\/wp\/v2\/pwb-brand?post=41874"},{"taxonomy":"product_cat","embeddable":true,"href":"https:\/\/pawz.rs\/en\/wp-json\/wp\/v2\/product_cat?post=41874"},{"taxonomy":"product_tag","embeddable":true,"href":"https:\/\/pawz.rs\/en\/wp-json\/wp\/v2\/product_tag?post=41874"}],"curies":[{"name":"wp","href":"https:\/\/api.w.org\/{rel}","templated":true}]}}