{"id":4200,"date":"2023-02-25T19:59:39","date_gmt":"2023-02-25T18:59:39","guid":{"rendered":"https:\/\/pawz.rs\/?post_type=product&#038;p=4200"},"modified":"2023-06-01T15:16:01","modified_gmt":"2023-06-01T13:16:01","slug":"nd-pumpkin-cat-venison-apple","status":"publish","type":"product","link":"https:\/\/pawz.rs\/en\/nd-pumpkin-cat-venison-apple\/","title":{"rendered":"N&#038;D Pumpkin Cat Venison &#038; Apple"},"content":{"rendered":"<p><strong>N&amp;D Cat Pumpkin Venison &amp; Apple<\/strong><\/p>\n<p>Venison, Pumpkin and Apple. Divlja\u010d, bundeva i jabuka.<\/p>\n<p><strong>SASTAV<\/strong><br \/>\nSve\u017ee meso jelena bez kostiju (28%), dehidrirano meso jelena (26%), skrob gra\u0161ka, pile\u0107a mast, osu\u0161ena bundeva (5%), jaja u prahu, sve\u017ea haringa, dehidrirana haringa, riblje ulje (haringe), osu\u0161ena \u0161argarepa, osu\u0161ena lucerka, inulin, fruktooligosaharidi, ekstrakt kvasca (izvor manan-oligosaharida), osu\u0161ena jabuka (0,5%), osu\u0161ena borovnica, osu\u0161eni nar, osu\u0161eni spana\u0107, psilijum (0,3%), osu\u0161ena slatka pomorand\u017ea, natrijum hlorid, suvi pivski kvasac, koren kurkume (0,2%), glukozamin, hondroitin sulfat.<\/p>\n<p><strong>NUTRITIVNI SASTOJCI ADITIVI PO KG<\/strong><br \/>\nHranljivi dodaci: vitamin A 18000 IJ; vitamin D3 1200 IJ; vitamin E 600 mg; vitamin C 300 mg; nijacin 150 mg; pantotenska kiselina 50 mg; vitamin B2 20 mg; vitamin B6 8,1 mg; vitamin B1 10 mg; vitamin H 1,5 mg; folna kiselina 1,5 mg; vitamin B12 0,1 mg; holin hlorid 2500 mg; beta karoten 1,5 mg; cink helat analog metionin hidroksilaze 910 mg; mangan helat analog metionin hidroksilaze 380 mg; gvo\u017e\u0111e helat glicin hidrata 250 mg; bakar helat analog metionin hidroksilaze 88 mg; DL metionin 5000 mg; taurin 4000 mg, L-karnitin 300 mg. Organolepti\u010dki dodaci: ekstrakt aloe vere 1000 mg; ekstrakt zelnog \u010daja 100 mg; ekstrakt ruzmarina. Antioksidant: tokoferolom bogati ekstrakti iz prirodnih izvora.<\/p>\n<p><strong>ANALITI\u010cKI SASTAV<\/strong><br \/>\nSirovi proteini 42%; sirova ulja i masti 20%; sirova vlakna 1,8%; vlaga 8%; sirovi pepeo 8,7%; kalcijum 1,5%; fosfor 1,3%; omega 6 3,4%; omega 3 0,9%; DHA 0,5%; EPA 0,3%; glukozamin 1200 mg\/kg; hondroitin sulfat 900 mg\/kg.<\/p>\n<p><strong>ENERGETSKA VREDNOST<\/strong><br \/>\nEM Kcal\/Kg 4185 &#8211; Mj\/Kg 17,51<\/p>\n<p>Serve food in dry form with available fresh water.<br \/>\nFor your pet&#039;s health, consult a veterinarian regularly.<\/p>\n<p>Store the product in a dry, dark and cool place.<\/p>\n<p>Proizvo\u0111a\u010d: Farmina Pet Foods, In\u0111ija, Srbija<br \/>\nZemlja porekla: Srbija<\/p>\n\n    <div class=\"xs_social_share_widget xs_share_url after_content \t\tmain_content  wslu-style-1 wslu-share-box-shaped wslu-fill-colored wslu-none wslu-share-horizontal wslu-theme-font-no wslu-main_content\">\n\n\t\t\n        <ul>\n\t\t\t        <\/ul>\n    <\/div>","protected":false},"excerpt":{"rendered":"<p>N&amp;D Pumpkin Cat Venison &amp; Apple &#8211; Venison, Pumpkin and Apple. Divlja\u010d\/srnetina, bundeva i jabuka.<\/p>","protected":false},"featured_media":4204,"comment_status":"open","ping_status":"closed","template":"","meta":{"_acf_changed":false},"pwb-brand":[309,310],"product_cat":[149,23,21],"product_tag":[],"class_list":{"0":"post-4200","1":"product","2":"type-product","3":"status-publish","4":"has-post-thumbnail","6":"pwb-brand-nd-natural-delicious","7":"pwb-brand-nd-natural-delicious-hrana-za-macke","8":"product_cat-granule-za-macke","9":"product_cat-macke","10":"product_cat-hrana-za-macke","12":"first","13":"instock","14":"taxable","15":"shipping-taxable","16":"purchasable","17":"product-type-variable","18":"has-default-attributes"},"acf":[],"brands":[{"id":309,"name":"N&amp;D - Natural &amp; Delicious","slug":"nd-natural-delicious"},{"id":310,"name":"N&amp;D \u2013 Natural &amp; Delicious Cat Food","slug":"nd-natural-delicious-hrana-za-macke"}],"_links":{"self":[{"href":"https:\/\/pawz.rs\/en\/wp-json\/wp\/v2\/product\/4200","targetHints":{"allow":["GET"]}}],"collection":[{"href":"https:\/\/pawz.rs\/en\/wp-json\/wp\/v2\/product"}],"about":[{"href":"https:\/\/pawz.rs\/en\/wp-json\/wp\/v2\/types\/product"}],"replies":[{"embeddable":true,"href":"https:\/\/pawz.rs\/en\/wp-json\/wp\/v2\/comments?post=4200"}],"wp:featuredmedia":[{"embeddable":true,"href":"https:\/\/pawz.rs\/en\/wp-json\/wp\/v2\/media\/4204"}],"wp:attachment":[{"href":"https:\/\/pawz.rs\/en\/wp-json\/wp\/v2\/media?parent=4200"}],"wp:term":[{"taxonomy":"pwb-brand","embeddable":true,"href":"https:\/\/pawz.rs\/en\/wp-json\/wp\/v2\/pwb-brand?post=4200"},{"taxonomy":"product_cat","embeddable":true,"href":"https:\/\/pawz.rs\/en\/wp-json\/wp\/v2\/product_cat?post=4200"},{"taxonomy":"product_tag","embeddable":true,"href":"https:\/\/pawz.rs\/en\/wp-json\/wp\/v2\/product_tag?post=4200"}],"curies":[{"name":"wp","href":"https:\/\/api.w.org\/{rel}","templated":true}]}}