{"id":4205,"date":"2023-02-25T20:05:36","date_gmt":"2023-02-25T19:05:36","guid":{"rendered":"https:\/\/pawz.rs\/?post_type=product&#038;p=4205"},"modified":"2026-04-25T15:36:42","modified_gmt":"2026-04-25T13:36:42","slug":"nd-quinoa-cat-neutered-duck-broccoli-asparagus","status":"publish","type":"product","link":"https:\/\/pawz.rs\/en\/nd-quinoa-cat-neutered-duck-broccoli-asparagus\/","title":{"rendered":"N&#038;D Quinoa Cat Neutered Duck, Broccoli &#038; Asparagus"},"content":{"rendered":"<p><strong>N&amp;D Cat Quinoa Neutered Duck, Broccoli &amp; Asparagus<\/strong><\/p>\n<p>N&amp;D Quinoa Neutered je kompletna hrana za odrasle sterilisane\/kastrirane ma\u010dke.<\/p>\n<p>Neutered &#8211; Pa\u010detina, kinoa, brokoli i \u0161pargla recept.<\/p>\n<p><strong>SASTAV<\/strong><br \/>\nPa\u010detina bez kostiju (22%), dehidrirani protein pa\u010detine (22%), slatki krompir (batat), su\u0161en repin rezanac, dehidrirani protein haringe, ekstrahovano seme kinoe (8%), dehidrirana jaja, pile\u0107a mast, vlakna gra\u0161ka, laneno seme, riblje ulje (iz haringe), su\u0161eni brokoli (2.5%), su\u0161ena \u0161pargla (2.5%), celuloza u prahu, frukto-oligosaharidi, ekstrakt kvasca (izvor mano-oligosaharida), suvi pivski kvasac, psilijum, kalcijumsulfat-dihidrat, kalijum-hlorid, natrijum-hlorid, glukozamin, hondroitin sulfat.<\/p>\n<p><strong>NUTRITIVNI SASTOJCI ADITIVI PO KG<\/strong><br \/>\nHranljivi dodaci: vitamin A 22000 IJ; vitamin D3 1500 IJ; vitamin E 600 mg; vitamin C 300 mg; niacin 150 mg; kalcijum D-pantotenat 50 mg; vitamin B2 20 mg; vitamin B6 8.1 mg; vitamin B1 10 mg; biotin 1.5 mg; folna kiselina 1.5 mg; vitamin B12 0.1 mg; holin hlorid 2500 mg; beta-karoten 5 mg; cink (cink helat metion hidrata): 130.5 mg; mangan (mangan helat metionin hidrata): 65.5 mg; gvo\u017e\u0111e (gvo\u017e\u0111e-(II)-helat glicin hidrata): 43.1 mg; bakar (bakar helat metionin hidrata): 10.8 mg; DL-metionin, tehni\u010dki \u010dist 5000 mg; taurin 2600 mg; L-karnitin 300 mg. Antioksidansi: bogati ekstraktima tokoferola iz biljnih ulja 10 mg.<\/p>\n<p><strong>ANALITI\u010cKI SASTAV<\/strong><br \/>\nSirovi proteini 35%; sirova mast 10%; sirova vlakna 6.5%; vlaga 8%; sirovi pepeo 8.2%; kalcijum 1.1%; fosfor 0.9%; kalijum 0.6%; natrijum 0.5%; magnezijum 0.07%; omega 6 masne kiseline 2%; omega 3 masne kiseline 0.4%; DHA 0.15% EPA 0.10%; glukozamin 1200 mg\/kg; hondroitin 900 mg\/kg.<\/p>\n<p><strong>ENERGETSKA VREDNOST<\/strong><br \/>\nEM Kcal\/Kg 3500 &#8211; Mj\/Kg 14,64<\/p>\n<p>Serve food in dry form with available fresh water.<br \/>\nFor your pet&#039;s health, consult a veterinarian regularly.<\/p>\n<p>Store the product in a dry, dark and cool place.<\/p>\n<p>Proizvo\u0111a\u010d: Farmina Pet Foods, In\u0111ija, Srbija<br \/>\nZemlja porekla: Srbija<\/p>\n\n    <div class=\"xs_social_share_widget xs_share_url after_content \t\tmain_content  wslu-style-1 wslu-share-box-shaped wslu-fill-colored wslu-none wslu-share-horizontal wslu-theme-font-no wslu-main_content\">\n\n\t\t\n        <ul>\n\t\t\t        <\/ul>\n    <\/div>","protected":false},"excerpt":{"rendered":"<p>N&amp;D Quinoa Cat Neutered Duck, Broccoli &amp; Asparagus &#8211; kompletna hrana za odrasle sterilisane\/kastrirane ma\u010dke. Neutered &#8211; Pa\u010detina, kinoa, brokoli i \u0161pargla recept.<\/p>","protected":false},"featured_media":4215,"comment_status":"open","ping_status":"closed","template":"","meta":{"_acf_changed":false},"pwb-brand":[309,310],"product_cat":[149,21,23],"product_tag":[],"class_list":{"0":"post-4205","1":"product","2":"type-product","3":"status-publish","4":"has-post-thumbnail","6":"pwb-brand-nd-natural-delicious","7":"pwb-brand-nd-natural-delicious-hrana-za-macke","8":"product_cat-granule-za-macke","9":"product_cat-hrana-za-macke","10":"product_cat-macke","12":"first","13":"instock","14":"taxable","15":"shipping-taxable","16":"purchasable","17":"product-type-variable","18":"has-default-attributes"},"acf":[],"brands":[{"id":309,"name":"N&amp;D - Natural &amp; Delicious","slug":"nd-natural-delicious"},{"id":310,"name":"N&amp;D \u2013 Natural &amp; Delicious Cat Food","slug":"nd-natural-delicious-hrana-za-macke"}],"_links":{"self":[{"href":"https:\/\/pawz.rs\/en\/wp-json\/wp\/v2\/product\/4205","targetHints":{"allow":["GET"]}}],"collection":[{"href":"https:\/\/pawz.rs\/en\/wp-json\/wp\/v2\/product"}],"about":[{"href":"https:\/\/pawz.rs\/en\/wp-json\/wp\/v2\/types\/product"}],"replies":[{"embeddable":true,"href":"https:\/\/pawz.rs\/en\/wp-json\/wp\/v2\/comments?post=4205"}],"wp:featuredmedia":[{"embeddable":true,"href":"https:\/\/pawz.rs\/en\/wp-json\/wp\/v2\/media\/4215"}],"wp:attachment":[{"href":"https:\/\/pawz.rs\/en\/wp-json\/wp\/v2\/media?parent=4205"}],"wp:term":[{"taxonomy":"pwb-brand","embeddable":true,"href":"https:\/\/pawz.rs\/en\/wp-json\/wp\/v2\/pwb-brand?post=4205"},{"taxonomy":"product_cat","embeddable":true,"href":"https:\/\/pawz.rs\/en\/wp-json\/wp\/v2\/product_cat?post=4205"},{"taxonomy":"product_tag","embeddable":true,"href":"https:\/\/pawz.rs\/en\/wp-json\/wp\/v2\/product_tag?post=4205"}],"curies":[{"name":"wp","href":"https:\/\/api.w.org\/{rel}","templated":true}]}}