{"id":4217,"date":"2023-02-25T20:29:57","date_gmt":"2023-02-25T19:29:57","guid":{"rendered":"https:\/\/pawz.rs\/?post_type=product&#038;p=4217"},"modified":"2023-06-01T15:16:01","modified_gmt":"2023-06-01T13:16:01","slug":"nd-pumpkin-cat-neutered-lamb-blueberry","status":"publish","type":"product","link":"https:\/\/pawz.rs\/en\/nd-pumpkin-cat-neutered-lamb-blueberry\/","title":{"rendered":"N&#038;D Pumpkin Cat Neutered Lamb &#038; Blueberry"},"content":{"rendered":"<p><strong>N&amp;D Cat Pumpkin Neutered Lamb &amp; Blueberry<\/strong><\/p>\n<p>Neutered \u2013 jagnjetina, bundeva i borovnica.Kompletna hrana za odrasle ma\u010dke, posebno namenjena sterilisanim ma\u010dkama<\/p>\n<p><strong>SASTAV<\/strong><br \/>\nJagnjetina (28%), dehidrirani proteini jagnjetine (26%), slatki krompir, pileca mast, su\u0161ena bundeva (5%), su\u0161ena jaja, haringa, dehidrirani proteini haringe, riblje ulje (od haringe), vlakna gra\u0161ka, su\u0161ena \u0161argarepa, bra\u0161no lucerke, inulin, fruktooligosaharidi, ekstrakst kvasca (izvor mananoligosaharida), su\u0161ena su\u0161ena plava borovnica borovnica (0,5%), su\u0161eni nar, su\u0161eni spanac , su\u0161eni spanac , ljuska i seme psilliuma, su\u0161ena slatka pomorand\u017ea, su\u0161ena jabuka, natrijum-hlorid, su\u0161en pivski kvasac, kurkuma (0,2%), ekstrakt aloe vere.<\/p>\n<p><strong>NUTRITIVNI SASTOJCI ADITIVI PO KG<\/strong><br \/>\nHranljivi dodaci: vitamin A 18000 IJ; vitamin D3 1200 IJ; vitamin E 600 mg; vitamin C 300 mg; nijacin 150 mg; pantotenska kiselina 50 mg; vitamin B2 20 mg; vitamin B6 8,1 mg; vitamin B1 10 mg; vitamin H 1,5 mg; folna kiselina 1,5 mg; vitamin B12 0,1 mg; holin hlorid 2800 mg; beta karoten 1,5 mg; cink helat analog metionin hidroksilaze 910 mg; mangan helat analog metionin hidroksilaze 380 mg; gvo\u017e\u0111e helat glicin hidrata 250 mg; bakar helat analog metionin hidroksilaze 88 mg; DL metionin 5000 mg; taurin 4000 mg, L-karnitin 400 mg. Organolepti\u010dki dodaci: ekstrakt aloe vere 1000 mg; ekstrakt zelenog \u010daja 100 mg; ekstrakt ruzmarina. Antioksidant: toferolom bogati ekstrakti iz prirodnih izvora.<\/p>\n<p><strong>ANALITI\u010cKI SASTAV<\/strong><br \/>\nSirovi proteini 46%; Sirove masti 11%; Sirova vlakna 5.10%; Vlaga 8%; Sirovi pepeo 8.90%; Kalcijum 1.20%; Fosfor 1%; Magnezijum 0.09%; Omega-6 masne kiseline 2%; Omega-3 masne kiseline 4.45%.<\/p>\n<p><strong>ENERGETSKA VREDNOST<br \/>\n<\/strong>EM Kcal\/Kg 3646 &#8211; Mj\/Kg 15,25<\/p>\n<p>Serve food in dry form with available fresh water.<br \/>\nFor your pet&#039;s health, consult a veterinarian regularly.<\/p>\n<p>Store the product in a dry, dark and cool place.<\/p>\n<p>Proizvo\u0111a\u010d: Farmina Pet Foods, In\u0111ija, Srbija<br \/>\nZemlja porekla: Srbija<\/p>\n\n    <div class=\"xs_social_share_widget xs_share_url after_content \t\tmain_content  wslu-style-1 wslu-share-box-shaped wslu-fill-colored wslu-none wslu-share-horizontal wslu-theme-font-no wslu-main_content\">\n\n\t\t\n        <ul>\n\t\t\t        <\/ul>\n    <\/div>","protected":false},"excerpt":{"rendered":"<p>N&amp;D Pumpkin Cat Neutered Lamb &amp; Blueberry &#8211; jagnjetina, bundeva i borovnica.Kompletna hrana za odrasle ma\u010dke, posebno namenjena sterilisanim ma\u010dkama<\/p>","protected":false},"featured_media":4210,"comment_status":"open","ping_status":"closed","template":"","meta":{"_acf_changed":false},"pwb-brand":[309,310],"product_cat":[149,23,21],"product_tag":[],"class_list":{"0":"post-4217","1":"product","2":"type-product","3":"status-publish","4":"has-post-thumbnail","6":"pwb-brand-nd-natural-delicious","7":"pwb-brand-nd-natural-delicious-hrana-za-macke","8":"product_cat-granule-za-macke","9":"product_cat-macke","10":"product_cat-hrana-za-macke","12":"first","13":"instock","14":"taxable","15":"shipping-taxable","16":"purchasable","17":"product-type-variable","18":"has-default-attributes"},"acf":[],"brands":[{"id":309,"name":"N&amp;D - Natural &amp; Delicious","slug":"nd-natural-delicious"},{"id":310,"name":"N&amp;D \u2013 Natural &amp; Delicious Cat Food","slug":"nd-natural-delicious-hrana-za-macke"}],"_links":{"self":[{"href":"https:\/\/pawz.rs\/en\/wp-json\/wp\/v2\/product\/4217","targetHints":{"allow":["GET"]}}],"collection":[{"href":"https:\/\/pawz.rs\/en\/wp-json\/wp\/v2\/product"}],"about":[{"href":"https:\/\/pawz.rs\/en\/wp-json\/wp\/v2\/types\/product"}],"replies":[{"embeddable":true,"href":"https:\/\/pawz.rs\/en\/wp-json\/wp\/v2\/comments?post=4217"}],"wp:featuredmedia":[{"embeddable":true,"href":"https:\/\/pawz.rs\/en\/wp-json\/wp\/v2\/media\/4210"}],"wp:attachment":[{"href":"https:\/\/pawz.rs\/en\/wp-json\/wp\/v2\/media?parent=4217"}],"wp:term":[{"taxonomy":"pwb-brand","embeddable":true,"href":"https:\/\/pawz.rs\/en\/wp-json\/wp\/v2\/pwb-brand?post=4217"},{"taxonomy":"product_cat","embeddable":true,"href":"https:\/\/pawz.rs\/en\/wp-json\/wp\/v2\/product_cat?post=4217"},{"taxonomy":"product_tag","embeddable":true,"href":"https:\/\/pawz.rs\/en\/wp-json\/wp\/v2\/product_tag?post=4217"}],"curies":[{"name":"wp","href":"https:\/\/api.w.org\/{rel}","templated":true}]}}