{"id":42332,"date":"2025-06-23T17:59:45","date_gmt":"2025-06-23T15:59:45","guid":{"rendered":"https:\/\/pawz.rs\/?post_type=product&#038;p=42332"},"modified":"2026-02-08T11:59:27","modified_gmt":"2026-02-08T10:59:27","slug":"district-70-grebalica-kucica-can","status":"publish","type":"product","link":"https:\/\/pawz.rs\/en\/district-70-grebalica-kucica-can\/","title":{"rendered":"District 70 Grebalica-Ku\u0107ica Can"},"content":{"rendered":"<div id=\"model-response-message-contentr_a4c1277ec2bbe524\" class=\"markdown markdown-main-panel stronger enable-updated-hr-color\" dir=\"ltr\" aria-live=\"polite\" aria-busy=\"false\">\n<h2 data-path-to-node=\"0\">District 70 Grebalica-Ku\u0107ica Can<\/h2>\n<p data-path-to-node=\"1\"><b data-path-to-node=\"1\" data-index-in-node=\"0\">District 70 Can<\/b> je originalno dizajnirana 2u1 grebalica i ku\u0107ica koja donosi dozu humora i modernog stila u va\u0161 dom. Napravljena u obliku d\u017einovske konzerve hrane, ova ku\u0107ica je savr\u0161eno re\u0161enje za ma\u010dke koje obo\u017eavaju kartonske kutije, ali im je potreban \u010dvr\u0161\u0107i i atraktivniji prostor za igru.<\/p>\n<p data-path-to-node=\"2\">Sa ulazima sa obe strane i prostranim krovom, KONZERVA omogu\u0107ava ma\u010dki da bira izme\u0111u skrivenog uto\u010di\u0161ta unutar &#8220;ambala\u017ee&#8221; ili osmatra\u010dnice na samom vrhu.<\/p>\n<h3 data-path-to-node=\"3\">Klju\u010dne karakteristike i prednosti:<\/h3>\n<ul>\n<li data-path-to-node=\"4,0,0\"><b data-path-to-node=\"4,0,0\" data-index-in-node=\"0\">2u1 Zabava i funkcionalnost:<\/b> Ovaj proizvod slu\u017ei kao sigurno mesto za spavanje i kao efikasna povr\u0161ina za o\u0161trenje noktiju. Ma\u010dke mogu da biraju da li \u0107e se odmarati unutra ili \u0107e se popeti na krov radi dremke i nadgledanja teritorije.<\/li>\n<li data-path-to-node=\"4,1,0\"><b data-path-to-node=\"4,1,0\" data-index-in-node=\"0\">Ma\u010diji magnet \u2013 Karton:<\/b> Poznato je da su ma\u010dke op\u010dinjene kartonom. KONZERVA koristi tu naklonost, pru\u017eaju\u0107i im teksturu korugovanog kartona koja je idealna za zarivanje kand\u017ei i protezanje mi\u0161i\u0107a.<\/li>\n<li data-path-to-node=\"4,2,0\"><b data-path-to-node=\"4,2,0\" data-index-in-node=\"0\">Dvostrani ulaz:<\/b> Dizajn sa otvorima na obe strane spre\u010dava da se ma\u010dka oseti zarobljeno, olak\u0161ava ventilaciju i omogu\u0107ava uzbudljive igre provla\u010denja i &#8220;napada&#8221; iz zasede.<\/li>\n<li data-path-to-node=\"4,3,0\"><b data-path-to-node=\"4,3,0\" data-index-in-node=\"0\">Za\u0161tita name\u0161taja:<\/b> Pru\u017eanjem namenske, ekolo\u0161ke povr\u0161ine za grebanje, direktno \u0161titite svoje sofe i tepihe. Mogu\u0107nost grebanja i spolja i iznutra produ\u017eava vek trajanja proizvoda u pore\u0111enju sa klasi\u010dnim grebalicama.<\/li>\n<li data-path-to-node=\"4,4,0\"><b data-path-to-node=\"4,4,0\" data-index-in-node=\"0\">Ekolo\u0161ki materijali:<\/b> Izra\u0111ena je od najboljeg recikliranog korugovanog kartona sa netoksi\u010dnim lepkom, bez ve\u0161ta\u010dkih mirisa, \u0161to je \u010dini potpuno bezbednom za va\u0161e ljubimce.<\/li>\n<\/ul>\n<h3 data-path-to-node=\"5\">Specifikacije proizvoda:<\/h3>\n<ul>\n<li data-path-to-node=\"6,0,0\"><b data-path-to-node=\"6,0,0\" data-index-in-node=\"0\">Materijal:<\/b> Ekolo\u0161ki prihvatljiv reciklirani korugovani karton.<\/li>\n<li data-path-to-node=\"6,1,0\"><b data-path-to-node=\"6,1,0\" data-index-in-node=\"0\">Dimenzije:<\/b> 36 x 40 x 38 cm.<\/li>\n<li data-path-to-node=\"6,2,0\"><b data-path-to-node=\"6,2,0\" data-index-in-node=\"0\">Dizajn:<\/b> Unikatni oblik konzerve sa atraktivnim grafi\u010dkim detaljima.<\/li>\n<\/ul>\n<h3 data-path-to-node=\"7\">Odr\u017eavanje i bezbednost:<\/h3>\n<ul>\n<li data-path-to-node=\"8,0,0\"><b data-path-to-node=\"8,0,0\" data-index-in-node=\"0\">Potro\u0161ni karakter:<\/b> Iako je karton \u010dvrst, grebanje je destruktivan proces koji \u0107e vremenom ostaviti tragove. To je jasan znak da ma\u010dka koristi ku\u0107icu umesto va\u0161eg name\u0161taja.<\/li>\n<li data-path-to-node=\"8,1,0\"><b data-path-to-node=\"8,1,0\" data-index-in-node=\"0\">Vlaga:<\/b> Proizvod je napravljen od kartona, stoga ga treba dr\u017eati isklju\u010divo u suvim prostorijama kako bi zadr\u017eao svoju stabilnost i oblik.<\/li>\n<li data-path-to-node=\"8,2,0\"><b data-path-to-node=\"8,2,0\" data-index-in-node=\"0\">Stabilnost:<\/b> Zahvaljuju\u0107i svom kockastom\/cilindri\u010dnom obliku, KONZERVA je veoma stabilna i sigurna za skakanje i energi\u010dnu igru.<\/li>\n<\/ul>\n<h3 data-path-to-node=\"9\">Pawz.rs Savet:<\/h3>\n<p data-path-to-node=\"10\">District 70 Can na <b data-path-to-node=\"10\" data-index-in-node=\"19\">Pawz.rs<\/b> je idealna za vlasnike koji \u017eele ne\u0161to druga\u010dije od klasi\u010dnih &#8220;penjalica&#8221; oblo\u017eenih kanapom. Zbog dva ulaza, ova ku\u0107ica je savr\u0161ena ako imate dve ma\u010dke koje vole da se igraju jurnjave \u2013 jedna mo\u017ee u\u0107i sa prednje, a druga &#8220;izleteti&#8221; sa zadnje strane. Ako primetite da va\u0161a ma\u010dka retko ulazi unutra, ubacite njen omiljeni jastu\u010di\u0107 ili malo ma\u010dije trave; karton odli\u010dno zadr\u017eava toplotu tela, pa \u0107e unutra\u0161njost konzerve brzo postati najtoplije i naju\u0161u\u0161kanije mesto u va\u0161em stanu.<\/p>\n<p data-path-to-node=\"11\">Proizvo\u0111a\u010d: Orange Pet Brands B.V.<br \/>\nZemlja porekla: Holandija<\/p>\n<\/div>\n\n    <div class=\"xs_social_share_widget xs_share_url after_content \t\tmain_content  wslu-style-1 wslu-share-box-shaped wslu-fill-colored wslu-none wslu-share-horizontal wslu-theme-font-no wslu-main_content\">\n\n\t\t\n        <ul>\n\t\t\t        <\/ul>\n    <\/div>","protected":false},"excerpt":{"rendered":"<p>Zabavna grebalica &#8211; ku\u0107ica napravljena od korugovanog kartona<\/p>","protected":false},"featured_media":42333,"comment_status":"open","ping_status":"closed","template":"","meta":{"_acf_changed":false},"pwb-brand":[1336],"product_cat":[1525,23,765,767],"product_tag":[],"class_list":{"0":"post-42332","1":"product","2":"type-product","3":"status-publish","4":"has-post-thumbnail","6":"pwb-brand-district-70","7":"product_cat-grebalice-penjalice-za-macke","8":"product_cat-macke","9":"product_cat-oprema-za-macke","10":"product_cat-igracke-za-macke","12":"first","13":"instock","14":"taxable","15":"shipping-taxable","16":"purchasable","17":"product-type-simple"},"acf":[],"brands":[{"id":1336,"name":"District 70","slug":"district-70"}],"_links":{"self":[{"href":"https:\/\/pawz.rs\/en\/wp-json\/wp\/v2\/product\/42332","targetHints":{"allow":["GET"]}}],"collection":[{"href":"https:\/\/pawz.rs\/en\/wp-json\/wp\/v2\/product"}],"about":[{"href":"https:\/\/pawz.rs\/en\/wp-json\/wp\/v2\/types\/product"}],"replies":[{"embeddable":true,"href":"https:\/\/pawz.rs\/en\/wp-json\/wp\/v2\/comments?post=42332"}],"wp:featuredmedia":[{"embeddable":true,"href":"https:\/\/pawz.rs\/en\/wp-json\/wp\/v2\/media\/42333"}],"wp:attachment":[{"href":"https:\/\/pawz.rs\/en\/wp-json\/wp\/v2\/media?parent=42332"}],"wp:term":[{"taxonomy":"pwb-brand","embeddable":true,"href":"https:\/\/pawz.rs\/en\/wp-json\/wp\/v2\/pwb-brand?post=42332"},{"taxonomy":"product_cat","embeddable":true,"href":"https:\/\/pawz.rs\/en\/wp-json\/wp\/v2\/product_cat?post=42332"},{"taxonomy":"product_tag","embeddable":true,"href":"https:\/\/pawz.rs\/en\/wp-json\/wp\/v2\/product_tag?post=42332"}],"curies":[{"name":"wp","href":"https:\/\/api.w.org\/{rel}","templated":true}]}}