{"id":42714,"date":"2025-07-06T14:00:58","date_gmt":"2025-07-06T12:00:58","guid":{"rendered":"https:\/\/pawz.rs\/?post_type=product&#038;p=42714"},"modified":"2025-07-06T14:00:58","modified_gmt":"2025-07-06T12:00:58","slug":"padovan-pesak-za-cincile-2l","status":"publish","type":"product","link":"https:\/\/pawz.rs\/en\/padovan-pesak-za-cincile-2l\/","title":{"rendered":"Padovan Pesak za \u010cin\u010dile 2L"},"content":{"rendered":"<p><strong>Padovan Pesak za \u010cin\u010dile 2L<\/strong><\/p>\n<p><strong>PESAK ZA KUPANJE \u010cIN\u010cILE<\/strong><\/p>\n<p>\u010cIN\u010cILa se mora svakodnevno kupati u pesku kako bi odr\u017eala svoje krzno mekanim, gustim i bez ne\u010distoca. Ovaj specijalan pesak, sa okruglim, vrlo sitnim granulima, sti\u017ee do ko\u017ee \u017eivotinje i ne o\u0161tecuje krhku dlaku, upija vlagu i vi\u0161ak masno\u0107a koje se stvaraju na njezinom krznu.<\/p>\n<p><strong>NACIN UPOTREBE: <\/strong>sipajte u posebnu posudu 3\u00f75 cm peska. Odstranite eventualne fekalije posle svake UPOTREBE; u svakom slu\u010daju menjajte pesak svake nedelje.<\/p>\n<p>Proizvo\u0111a\u010d: Valman s.r.l<br \/>\nCountry of origin: Germany<\/p>\n\n    <div class=\"xs_social_share_widget xs_share_url after_content \t\tmain_content  wslu-style-1 wslu-share-box-shaped wslu-fill-colored wslu-none wslu-share-horizontal wslu-theme-font-no wslu-main_content\">\n\n\t\t\n        <ul>\n\t\t\t        <\/ul>\n    <\/div>","protected":false},"excerpt":{"rendered":"<p><strong>Padovan Pesak za \u010cin\u010dile 2L<\/strong><\/p>","protected":false},"featured_media":42738,"comment_status":"closed","ping_status":"closed","template":"","meta":{"_acf_changed":false,"_aa_vp_cena":"","_aa_online_cena":""},"pwb-brand":[1362],"product_cat":[1010,986,1106],"product_tag":[],"class_list":{"0":"post-42714","1":"product","2":"type-product","3":"status-publish","4":"has-post-thumbnail","6":"pwb-brand-padovan","7":"product_cat-cincila","8":"product_cat-glodari","9":"product_cat-higijena-za-cincile","11":"first","12":"instock","13":"taxable","14":"shipping-taxable","15":"purchasable","16":"product-type-simple"},"acf":[],"brands":[{"id":1362,"name":"Padovan","slug":"padovan"}],"_links":{"self":[{"href":"https:\/\/pawz.rs\/en\/wp-json\/wp\/v2\/product\/42714","targetHints":{"allow":["GET"]}}],"collection":[{"href":"https:\/\/pawz.rs\/en\/wp-json\/wp\/v2\/product"}],"about":[{"href":"https:\/\/pawz.rs\/en\/wp-json\/wp\/v2\/types\/product"}],"replies":[{"embeddable":true,"href":"https:\/\/pawz.rs\/en\/wp-json\/wp\/v2\/comments?post=42714"}],"wp:featuredmedia":[{"embeddable":true,"href":"https:\/\/pawz.rs\/en\/wp-json\/wp\/v2\/media\/42738"}],"wp:attachment":[{"href":"https:\/\/pawz.rs\/en\/wp-json\/wp\/v2\/media?parent=42714"}],"wp:term":[{"taxonomy":"pwb-brand","embeddable":true,"href":"https:\/\/pawz.rs\/en\/wp-json\/wp\/v2\/pwb-brand?post=42714"},{"taxonomy":"product_cat","embeddable":true,"href":"https:\/\/pawz.rs\/en\/wp-json\/wp\/v2\/product_cat?post=42714"},{"taxonomy":"product_tag","embeddable":true,"href":"https:\/\/pawz.rs\/en\/wp-json\/wp\/v2\/product_tag?post=42714"}],"curies":[{"name":"wp","href":"https:\/\/api.w.org\/{rel}","templated":true}]}}