{"id":42850,"date":"2025-07-06T14:01:01","date_gmt":"2025-07-06T12:01:01","guid":{"rendered":"https:\/\/pawz.rs\/?post_type=product&#038;p=42850"},"modified":"2026-02-04T22:21:47","modified_gmt":"2026-02-04T21:21:47","slug":"padovan-wood-chips-zelena-jabuka-14lit-1kg","status":"publish","type":"product","link":"https:\/\/pawz.rs\/en\/padovan-wood-chips-zelena-jabuka-14lit-1kg\/","title":{"rendered":"Padovan Wood Chips Zelena Jabuka 14lit\/1kg"},"content":{"rendered":"<p><strong>Padovan Wood Chips Zelena Jabuka 14lit\/1kg<\/strong><\/p>\n<p><strong>HIGIJENSKA GNEZDO sa AROMOM ZELENE JABUKE<\/strong><\/p>\n<p>Gnezdo od slatke strugotine neobradjenog drveta, osu\u0161eno i bez pra\u0161ine, koja ne samo osigurava higijenu i komfor svim glodarima vec oslobada sve\u017e i ugodan miris zelene jabuke.<\/p>\n<p>Najbolje upotrebiti do datuma utisnutog na pakovanju.<\/p>\n<p>Proizvo\u0111a\u010d: Valman s.r.l<br \/>\nCountry of origin: Germany<\/p>\n\n    <div class=\"xs_social_share_widget xs_share_url after_content \t\tmain_content  wslu-style-1 wslu-share-box-shaped wslu-fill-colored wslu-none wslu-share-horizontal wslu-theme-font-no wslu-main_content\">\n\n\t\t\n        <ul>\n\t\t\t        <\/ul>\n    <\/div>","protected":false},"excerpt":{"rendered":"<p>Padovan Wood Chips Zelena Jabuka 14lit\/1kg<\/p>","protected":false},"featured_media":42852,"comment_status":"closed","ping_status":"closed","template":"","meta":{"_acf_changed":false},"pwb-brand":[1362],"product_cat":[986,1010,1106,987,1107,1030,1108,988,1109,1007,1110],"product_tag":[],"class_list":{"0":"post-42850","1":"product","2":"type-product","3":"status-publish","4":"has-post-thumbnail","6":"pwb-brand-padovan","7":"product_cat-glodari","8":"product_cat-cincila","9":"product_cat-higijena-za-cincile","10":"product_cat-zecevi","11":"product_cat-higijena-za-zeceve","12":"product_cat-feretka","13":"product_cat-higijena-za-feretke","14":"product_cat-hrcci","15":"product_cat-higijena-za-hrcke","16":"product_cat-morsko-prase","17":"product_cat-higijena-za-morsko-prase","19":"first","20":"instock","21":"taxable","22":"shipping-taxable","23":"purchasable","24":"product-type-simple"},"acf":[],"brands":[{"id":1362,"name":"Padovan","slug":"padovan"}],"_links":{"self":[{"href":"https:\/\/pawz.rs\/en\/wp-json\/wp\/v2\/product\/42850","targetHints":{"allow":["GET"]}}],"collection":[{"href":"https:\/\/pawz.rs\/en\/wp-json\/wp\/v2\/product"}],"about":[{"href":"https:\/\/pawz.rs\/en\/wp-json\/wp\/v2\/types\/product"}],"replies":[{"embeddable":true,"href":"https:\/\/pawz.rs\/en\/wp-json\/wp\/v2\/comments?post=42850"}],"wp:featuredmedia":[{"embeddable":true,"href":"https:\/\/pawz.rs\/en\/wp-json\/wp\/v2\/media\/42852"}],"wp:attachment":[{"href":"https:\/\/pawz.rs\/en\/wp-json\/wp\/v2\/media?parent=42850"}],"wp:term":[{"taxonomy":"pwb-brand","embeddable":true,"href":"https:\/\/pawz.rs\/en\/wp-json\/wp\/v2\/pwb-brand?post=42850"},{"taxonomy":"product_cat","embeddable":true,"href":"https:\/\/pawz.rs\/en\/wp-json\/wp\/v2\/product_cat?post=42850"},{"taxonomy":"product_tag","embeddable":true,"href":"https:\/\/pawz.rs\/en\/wp-json\/wp\/v2\/product_tag?post=42850"}],"curies":[{"name":"wp","href":"https:\/\/api.w.org\/{rel}","templated":true}]}}