{"id":42894,"date":"2025-07-06T14:01:04","date_gmt":"2025-07-06T12:01:04","guid":{"rendered":"https:\/\/pawz.rs\/?post_type=product&#038;p=42894"},"modified":"2026-03-24T10:51:03","modified_gmt":"2026-03-24T09:51:03","slug":"padovan-aquabio-sredstvo-za-preciscavanje-vode-100ml","status":"publish","type":"product","link":"https:\/\/pawz.rs\/en\/padovan-aquabio-sredstvo-za-preciscavanje-vode-100ml\/","title":{"rendered":"Padovan AquaBio Sredstvo Za Pre\u010di\u0161\u0107avanje Vode 100ml"},"content":{"rendered":"<p><strong>Padovan AquaBio Sredstvo Za Pre\u010di\u0161\u0107avanje Vode 100ml<\/strong><\/p>\n<p>Odmah \u010dini vodu iz slavine bezbednom za ribe i kornja\u010de neutrali\u0161uc\u0301i hlor, hloramine i \u0161tetne metale.<br \/>\nSadr\u017ei koloide koji ja\u010daju sluz za za\u0161titu ko\u017ee, kao i Aloe Veru, koja ima antistresna svojstva i poma\u017ee u zarastanju manjih rana.<br \/>\nPogodan i za slatkovodne i za slane akvarijume, Akuabio treba koristiti nakon \u0161to napunite akvarijum ili terakvarij vodom i kad god promenite vodu.<\/p>\n<p>Dodajte 3 kapi Akuabio na svaki litar vode (ekvivalentno pribli\u017eno 5 ml na 10 litara).<br \/>\nProtresite pre upotrebe. Nakon upotrebe, bocu dobro zatvorite i \u010duvajte van sun\u010deve svetlosti.<\/p>\n<p>Proizvo\u0111a\u010d: Valman s.r.l<br \/>\nCountry of origin: Germany<\/p>\n\n    <div class=\"xs_social_share_widget xs_share_url after_content \t\tmain_content  wslu-style-1 wslu-share-box-shaped wslu-fill-colored wslu-none wslu-share-horizontal wslu-theme-font-no wslu-main_content\">\n\n\t\t\n        <ul>\n\t\t\t        <\/ul>\n    <\/div>","protected":false},"excerpt":{"rendered":"<p><strong>Padovan AquaBio Sredstvo Za Pre\u010di\u0161\u0107avanje Vode 100ml<\/strong><\/p>","protected":false},"featured_media":42895,"comment_status":"closed","ping_status":"closed","template":"","meta":{"_acf_changed":false},"pwb-brand":[1362],"product_cat":[993,994],"product_tag":[],"class_list":{"0":"post-42894","1":"product","2":"type-product","3":"status-publish","4":"has-post-thumbnail","6":"pwb-brand-padovan","7":"product_cat-akvaristika","8":"product_cat-oprema-akvaristika","10":"first","11":"instock","12":"taxable","13":"shipping-taxable","14":"purchasable","15":"product-type-simple"},"acf":[],"brands":[{"id":1362,"name":"Padovan","slug":"padovan"}],"_links":{"self":[{"href":"https:\/\/pawz.rs\/en\/wp-json\/wp\/v2\/product\/42894","targetHints":{"allow":["GET"]}}],"collection":[{"href":"https:\/\/pawz.rs\/en\/wp-json\/wp\/v2\/product"}],"about":[{"href":"https:\/\/pawz.rs\/en\/wp-json\/wp\/v2\/types\/product"}],"replies":[{"embeddable":true,"href":"https:\/\/pawz.rs\/en\/wp-json\/wp\/v2\/comments?post=42894"}],"wp:featuredmedia":[{"embeddable":true,"href":"https:\/\/pawz.rs\/en\/wp-json\/wp\/v2\/media\/42895"}],"wp:attachment":[{"href":"https:\/\/pawz.rs\/en\/wp-json\/wp\/v2\/media?parent=42894"}],"wp:term":[{"taxonomy":"pwb-brand","embeddable":true,"href":"https:\/\/pawz.rs\/en\/wp-json\/wp\/v2\/pwb-brand?post=42894"},{"taxonomy":"product_cat","embeddable":true,"href":"https:\/\/pawz.rs\/en\/wp-json\/wp\/v2\/product_cat?post=42894"},{"taxonomy":"product_tag","embeddable":true,"href":"https:\/\/pawz.rs\/en\/wp-json\/wp\/v2\/product_tag?post=42894"}],"curies":[{"name":"wp","href":"https:\/\/api.w.org\/{rel}","templated":true}]}}