{"id":42929,"date":"2025-07-06T14:01:06","date_gmt":"2025-07-06T12:01:06","guid":{"rendered":"https:\/\/pawz.rs\/?post_type=product&#038;p=42929"},"modified":"2026-03-24T10:51:02","modified_gmt":"2026-03-24T09:51:02","slug":"padovan-cantovigor-30ml","status":"publish","type":"product","link":"https:\/\/pawz.rs\/en\/padovan-cantovigor-30ml\/","title":{"rendered":"Padovan Cantovigor 30ml"},"content":{"rendered":"<p><strong>Padovan Cantovigor 30ml<\/strong><\/p>\n<p><strong>DOPUNSKA TEKU\u0106A HRANA ZA PTICE U KAVEZU I VOLARIJU<\/strong><\/p>\n<p>Poma\u017ee smanjiti stres ptica, pove\u0107ava imunolo\u0161ki odgovor a u isto vreme pobolj\u0161ava cvrkut zahvaljuju\u0107i vitaminu A, koji potice dobru funkcionalnost sluznice grla.<\/p>\n<p><strong>SASTAV: <\/strong>glicerin, sorbitol, propilen glikol, saharoza.<\/p>\n<p><strong>ADITIVI ZA KG:<\/strong>\u00a0A vitamin 6000000 IJ, D3 vitamin 200000 IJ, E vitamin (alfa tokoferol acetat) 6500 mg, B12 vitamin 15 mg, biotin 200 mg, niacinamid 25000 mg, L-karnitin 1000 mg, natrijumev selenit (Se) 5 mg.<\/p>\n<p><strong>ANALIZA: <\/strong>vla\u017enost 60%.<\/p>\n<p><strong>NACIN UPOTREBE: <\/strong>4-5 ml za svaki Kg potpune hrane ili litru vode (otprilike 8-10 kapi za svaku srednju\/100ml posudicu za vodu), za cikluse od 7 uzastopnih dana; sa intervalom od 10 dana za tra\u017eeni period. PRE UPOTREBE PROME\u0160ATI.<\/p>\n<p>Moguce su promene u jacini boje i\/ili promene u velicini zrna proizvoda koji ne uticu na njegovu kvalitetu i hemijsku analizu. Cuvati na sve\u017eem i suvom mestu.<\/p>\n<p>Najbolje upotrebljivo do datuma utisnutog na pakovanju.<\/p>\n<p>Proizvo\u0111a\u010d: Valman s.r.l<br \/>\nCountry of origin: Germany<\/p>\n\n    <div class=\"xs_social_share_widget xs_share_url after_content \t\tmain_content  wslu-style-1 wslu-share-box-shaped wslu-fill-colored wslu-none wslu-share-horizontal wslu-theme-font-no wslu-main_content\">\n\n\t\t\n        <ul>\n\t\t\t        <\/ul>\n    <\/div>","protected":false},"excerpt":{"rendered":"<p><strong>Padovan Cantovigor 30ml<\/strong><\/p>","protected":false},"featured_media":42931,"comment_status":"closed","ping_status":"closed","template":"","meta":{"_acf_changed":false},"pwb-brand":[1362],"product_cat":[1281,1119],"product_tag":[],"class_list":{"0":"post-42929","1":"product","2":"type-product","3":"status-publish","4":"has-post-thumbnail","6":"pwb-brand-padovan","7":"product_cat-oprema-higijena-za-ptice","8":"product_cat-ptice","10":"first","11":"instock","12":"taxable","13":"shipping-taxable","14":"purchasable","15":"product-type-simple"},"acf":[],"brands":[{"id":1362,"name":"Padovan","slug":"padovan"}],"_links":{"self":[{"href":"https:\/\/pawz.rs\/en\/wp-json\/wp\/v2\/product\/42929","targetHints":{"allow":["GET"]}}],"collection":[{"href":"https:\/\/pawz.rs\/en\/wp-json\/wp\/v2\/product"}],"about":[{"href":"https:\/\/pawz.rs\/en\/wp-json\/wp\/v2\/types\/product"}],"replies":[{"embeddable":true,"href":"https:\/\/pawz.rs\/en\/wp-json\/wp\/v2\/comments?post=42929"}],"wp:featuredmedia":[{"embeddable":true,"href":"https:\/\/pawz.rs\/en\/wp-json\/wp\/v2\/media\/42931"}],"wp:attachment":[{"href":"https:\/\/pawz.rs\/en\/wp-json\/wp\/v2\/media?parent=42929"}],"wp:term":[{"taxonomy":"pwb-brand","embeddable":true,"href":"https:\/\/pawz.rs\/en\/wp-json\/wp\/v2\/pwb-brand?post=42929"},{"taxonomy":"product_cat","embeddable":true,"href":"https:\/\/pawz.rs\/en\/wp-json\/wp\/v2\/product_cat?post=42929"},{"taxonomy":"product_tag","embeddable":true,"href":"https:\/\/pawz.rs\/en\/wp-json\/wp\/v2\/product_tag?post=42929"}],"curies":[{"name":"wp","href":"https:\/\/api.w.org\/{rel}","templated":true}]}}