{"id":43080,"date":"2025-07-06T14:01:08","date_gmt":"2025-07-06T12:01:08","guid":{"rendered":"https:\/\/pawz.rs\/?post_type=product&#038;p=43080"},"modified":"2026-03-24T10:51:00","modified_gmt":"2026-03-24T09:51:00","slug":"padovan-fatball","status":"publish","type":"product","link":"https:\/\/pawz.rs\/en\/padovan-fatball\/","title":{"rendered":"Padovan Fatball"},"content":{"rendered":"<p><strong>Padovan Fatball<\/strong><\/p>\n<p><strong>Sastav:<\/strong> \u017eitarice, ulja i masti, seme<\/p>\n<p><strong>Analiti\u010dki sadr\u017eaj:<\/strong> sirovi proteini 8,7%, sirova vlakna 1,7%, sirova ulja i masti 23,1%, sirovi pepeo 1,3%, vlaga 13%<\/p>\n<p>Oka\u010dite kuglu masti napolju da je ptice jedu po \u017eelji. Dr\u017eite je na hladnom i suvom mestu.<\/p>\n<p>Proizvo\u0111a\u010d: Valman s.r.l<br \/>\nCountry of origin: Germany<\/p>\n\n    <div class=\"xs_social_share_widget xs_share_url after_content \t\tmain_content  wslu-style-1 wslu-share-box-shaped wslu-fill-colored wslu-none wslu-share-horizontal wslu-theme-font-no wslu-main_content\">\n\n\t\t\n        <ul>\n\t\t\t        <\/ul>\n    <\/div>","protected":false},"excerpt":{"rendered":"<p><strong>Padovan Fatball <\/strong><\/p>","protected":false},"featured_media":43081,"comment_status":"closed","ping_status":"closed","template":"","meta":{"_acf_changed":false},"pwb-brand":[1362],"product_cat":[1277,1119],"product_tag":[],"class_list":{"0":"post-43080","1":"product","2":"type-product","3":"status-publish","4":"has-post-thumbnail","6":"pwb-brand-padovan","7":"product_cat-hrana-za-ptice","8":"product_cat-ptice","10":"first","11":"instock","12":"taxable","13":"shipping-taxable","14":"purchasable","15":"product-type-variable","16":"has-default-attributes"},"acf":[],"brands":[{"id":1362,"name":"Padovan","slug":"padovan"}],"_links":{"self":[{"href":"https:\/\/pawz.rs\/en\/wp-json\/wp\/v2\/product\/43080","targetHints":{"allow":["GET"]}}],"collection":[{"href":"https:\/\/pawz.rs\/en\/wp-json\/wp\/v2\/product"}],"about":[{"href":"https:\/\/pawz.rs\/en\/wp-json\/wp\/v2\/types\/product"}],"replies":[{"embeddable":true,"href":"https:\/\/pawz.rs\/en\/wp-json\/wp\/v2\/comments?post=43080"}],"wp:featuredmedia":[{"embeddable":true,"href":"https:\/\/pawz.rs\/en\/wp-json\/wp\/v2\/media\/43081"}],"wp:attachment":[{"href":"https:\/\/pawz.rs\/en\/wp-json\/wp\/v2\/media?parent=43080"}],"wp:term":[{"taxonomy":"pwb-brand","embeddable":true,"href":"https:\/\/pawz.rs\/en\/wp-json\/wp\/v2\/pwb-brand?post=43080"},{"taxonomy":"product_cat","embeddable":true,"href":"https:\/\/pawz.rs\/en\/wp-json\/wp\/v2\/product_cat?post=43080"},{"taxonomy":"product_tag","embeddable":true,"href":"https:\/\/pawz.rs\/en\/wp-json\/wp\/v2\/product_tag?post=43080"}],"curies":[{"name":"wp","href":"https:\/\/api.w.org\/{rel}","templated":true}]}}