{"id":4345,"date":"2023-02-26T15:58:17","date_gmt":"2023-02-26T14:58:17","guid":{"rendered":"https:\/\/pawz.rs\/?post_type=product&#038;p=4345"},"modified":"2023-06-01T14:33:11","modified_gmt":"2023-06-01T12:33:11","slug":"nd-ocean-cat-neutered-herring-orange","status":"publish","type":"product","link":"https:\/\/pawz.rs\/en\/nd-ocean-cat-neutered-herring-orange\/","title":{"rendered":"N&#038;D Ocean Cat Neutered Herring &#038; Orange"},"content":{"rendered":"<p><strong>N&amp;D Ocean Neutered Cat Herring &amp; Orange<\/strong><\/p>\n<p>Neutered \u2013 Haringa i pomorand\u017ea. Kompletna hrana za odrasle ma\u010dke, posebno namenjena sterilisanim ma\u010dkama<\/p>\n<p><strong>SASTAV<\/strong><br \/>\nHaringa (34%), dehidrirani protein haringe (32%), slatki krompir (batat), dehidrirana jaja, riblje ulje (iz haringe), su\u0161ena \u0161argarepa, bra\u0161no lucerke, inulin, frukto-oligosaharidi, ekstrakt kvasca (izvor mano-oligosaharida), su\u0161ena slatka pomorand\u017ea (0,5%), su\u0161ena jabuka, su\u0161eni nar, su\u0161eni spana\u0107, psilijum, su\u0161ena borovnica, natrijum hlorid, su\u0161eni pivski kvasac, kurkuma (0,2%), ekstrakt aloe vere.<\/p>\n<p><strong>NUTRITIVNI SASTOJCI ADITIVI PO KG<\/strong><br \/>\nHranljivi dodaci: vitamin A 18000 IJ; vitamin D3 1200 IJ; vitamin E 600 mg; vitamin C 300 mg; nijacin 150 mg; kalcijum-D-pantotenat 50 mg; vitamin B2 20 mg; vitamin B6 8,1 mg; vitamin B1 10 mg; biotin 1,5 mg; folna kiselina 1,5 mg; vitamin B12 0,1 mg; holin hlorid 2800 mg; beta-karoten 1,5 mg; cink (cink helat metionin hidrata): 163,8 mg; mangan (mangan helat metionin hidrata): 64,6 mg; gvo\u017e\u0111e [gvo\u017e\u0111e (II) helat glicin hidrata]: 58,3 mg; bakar (bakar helat metionin hidrata): 15,8 mg; tehni\u010dki \u010dist DL\u2010metionin 5000 mg; taurin 5000 mg; L-karnitin 400 mg. Organolepti\u010dki dodaci: ekstrakt zelenog \u010daja 100 mg; ekstrakt ruzmarina. Antiokidanti: ekstrakti tokoferola iz biljnih ulja.<\/p>\n<p><strong>ANALITI\u010cKI SASTAV<\/strong><br \/>\nSirovi proteini 46%; sirova mast 11%; sirova vlakna 5,10%; vlaga 8%; sirovi pepeo 8,90%; kalcijum 1%; fosfor 0,9%; magnezijum 0,08%; omega-6 masne kiseline 1,8%; omega-3 masne kiseline 0,6%; DHA 0,35%; EPA 0,15%.<\/p>\n<p><strong>ENERGETSKA VREDNOST<\/strong><br \/>\nEM Kcal\/Kg 3643 &#8211; Mj\/Kg 15,24<\/p>\n<p>Poslu\u017eiti hranu u suvom obliku uz dostupnu sve\u017eu vodu.<br \/>\nZbog zdravlja Va\u0161eg ljubimca redovno konsultujte veterinara.<\/p>\n<p>Proizvod \u010duvati na suvom, tamnom i hladnom mestu.<\/p>\n<p>Proizvo\u0111a\u010d: Farmina Pet Foods, In\u0111ija, Srbija<br \/>\nZemlja porekla: Srbija<\/p>\n\n    <div class=\"xs_social_share_widget xs_share_url after_content \t\tmain_content  wslu-style-1 wslu-share-box-shaped wslu-fill-colored wslu-none wslu-share-horizontal wslu-theme-font-no wslu-main_content\">\n\n\t\t\n        <ul>\n\t\t\t        <\/ul>\n    <\/div> \n","protected":false},"excerpt":{"rendered":"<p>N&amp;D Ocean Cat Neutered Herring &amp; Orange &#8211; Haringa i pomorand\u017ea. Kompletna hrana za odrasle ma\u010dke, posebno namenjena sterilisanim ma\u010dkama<\/p>","protected":false},"featured_media":4349,"comment_status":"open","ping_status":"closed","template":"","meta":{"_acf_changed":false},"pwb-brand":[309,310],"product_cat":[149,23,21],"product_tag":[],"class_list":{"0":"post-4345","1":"product","2":"type-product","3":"status-publish","4":"has-post-thumbnail","6":"pwb-brand-nd-natural-delicious","7":"pwb-brand-nd-natural-delicious-hrana-za-macke","8":"product_cat-granule-za-macke","9":"product_cat-macke","10":"product_cat-hrana-za-macke","12":"first","13":"instock","14":"taxable","15":"shipping-taxable","16":"purchasable","17":"product-type-variable","18":"has-default-attributes"},"acf":[],"brands":[{"id":309,"name":"N&amp;D - Natural &amp; Delicious","slug":"nd-natural-delicious"},{"id":310,"name":"N&amp;D \u2013 Natural &amp; Delicious Cat Food","slug":"nd-natural-delicious-hrana-za-macke"}],"_links":{"self":[{"href":"https:\/\/pawz.rs\/en\/wp-json\/wp\/v2\/product\/4345","targetHints":{"allow":["GET"]}}],"collection":[{"href":"https:\/\/pawz.rs\/en\/wp-json\/wp\/v2\/product"}],"about":[{"href":"https:\/\/pawz.rs\/en\/wp-json\/wp\/v2\/types\/product"}],"replies":[{"embeddable":true,"href":"https:\/\/pawz.rs\/en\/wp-json\/wp\/v2\/comments?post=4345"}],"wp:featuredmedia":[{"embeddable":true,"href":"https:\/\/pawz.rs\/en\/wp-json\/wp\/v2\/media\/4349"}],"wp:attachment":[{"href":"https:\/\/pawz.rs\/en\/wp-json\/wp\/v2\/media?parent=4345"}],"wp:term":[{"taxonomy":"pwb-brand","embeddable":true,"href":"https:\/\/pawz.rs\/en\/wp-json\/wp\/v2\/pwb-brand?post=4345"},{"taxonomy":"product_cat","embeddable":true,"href":"https:\/\/pawz.rs\/en\/wp-json\/wp\/v2\/product_cat?post=4345"},{"taxonomy":"product_tag","embeddable":true,"href":"https:\/\/pawz.rs\/en\/wp-json\/wp\/v2\/product_tag?post=4345"}],"curies":[{"name":"wp","href":"https:\/\/api.w.org\/{rel}","templated":true}]}}