{"id":4365,"date":"2023-02-26T18:49:59","date_gmt":"2023-02-26T17:49:59","guid":{"rendered":"https:\/\/pawz.rs\/?post_type=product&#038;p=4365"},"modified":"2026-04-25T15:45:29","modified_gmt":"2026-04-25T13:45:29","slug":"nd-ag-puppy-chicken-pomegranate-medium-maxi","status":"publish","type":"product","link":"https:\/\/pawz.rs\/en\/nd-ag-puppy-chicken-pomegranate-medium-maxi\/","title":{"rendered":"N&#038;D AG Puppy Chicken &#038; Pomegranate Medium\/Maxi"},"content":{"rendered":"<p><strong>N&amp;D Ancestral Grain Puppy Chicken &amp; Pomegranate Medium\/Maxi<\/strong><\/p>\n<p>Piletina i nar recept. Kompletna hrana za \u0161tence, gravidne kuje ili kuje u laktaciji<\/p>\n<p><strong>SASTAV<\/strong><br \/>\nPiletina bez kostiju (20%), dehidrirani protein piletine (20%), spelta (10%), ovas (10%), pile\u0107a mast, dehidrirana jaja, haringa, dehidrirani protein haringe, su\u0161en repin rezanac, riblje ulje (iz haringe), su\u0161ena \u0161argarepa, bra\u0161no lucerke, pile\u0107a hrskavica (izvor glukozamina i hondroitin sulfata), inulin, frukto-oligosaharidi, ekstrakt kvasca (izvor mano-oligosaharida), su\u0161eni nar (0,5%), su\u0161ena jabuka, su\u0161eni spana\u0107, psilijum (0,3%), su\u0161ena slatka pomorand\u017ea, su\u0161ena borovnica, natrijum-hlorid, suvi pivski kvasac, kurkuma (0,2%), ekstrakt aloe vera.<\/p>\n<p><strong>NUTRITIVNI SASTOJCI ADITIVI PO KG<\/strong><br \/>\nHranljivi dodaci: vitamin A 16000 IJ; vitamin D3 1600 IJ; vitamin E 600 mg; vitamin C 160 mg; nijacin 40 mg; kalcijum-D-pantotenat 16 mg; vitamin B2 8 mg; vitamin B6 6,4 mg; vitamin B1 4,8 mg; biotin 0,4 mg; folna kiselina 0,48 mg; vitamin B12 0,1 mg; holin hlorid 2800 mg; beta-karoten 1,5 mg; cink (cink helat metionin hidrata): 163,8 mg; mangan (mangan helat metionin hidrata): 64,6 mg; gvo\u017e\u0111e [gvo\u017e\u0111e-(II)-helat glicin hidrata]: 58,3 mg; bakar (bakar helat metionin hidrata): 15,8 mg; selen (selenizovani kvasac inaktivisani): 0,00088 mg; tehni\u010dki \u010dist DL-metionin 6000 mg; taurin 1000 mg; L-karnitin 300 mg. Organolepti\u010dki dodaci: ekstrakt zelenog \u010daja 100 mg; ekstrakt ruzmarina. Antiokidanti: ekstrakti tokoferola<\/p>\n<p><strong>ANALITI\u010cKI SASTAV<br \/>\n<\/strong>Sirovi proteini 35%; sirova mast 20%; sirova vlakna 1,7%; vlaga 9%; sirovi pepeo 7,3%; kalcijum 1,1%; fosfor 0,91%; omega-6 masne kiseline 3,4%; omega-3 masne kiseline 0,9%; DHA 0,5%; EPA 0,3%; glukozamin 1400 mg\/kg; hondroitin sulfat 1100 mg\/kg.<\/p>\n<p><strong><span class=\"titoletto\">ENERGETSKA VREDNOST<br \/>\n<\/span><\/strong>EM Kcal\/Kg 4184 &#8211; Mj\/Kg 17,50<\/p>\n<p>Poslu\u017eiti hranu u suvom obliku uz dostupnu sve\u017eu vodu.<br \/>\nZbog zdravlja Va\u0161eg ljubimca redovno konsultujte veterinara.<\/p>\n<p>Proizvod \u010duvati na suvom, tamnom i hladnom mestu.<\/p>\n<p>Proizvo\u0111a\u010d: Farmina Pet Foods, In\u0111ija, Srbija<br \/>\nZemlja porekla: Srbija<\/p>\n\n    <div class=\"xs_social_share_widget xs_share_url after_content \t\tmain_content  wslu-style-1 wslu-share-box-shaped wslu-fill-colored wslu-none wslu-share-horizontal wslu-theme-font-no wslu-main_content\">\n\n\t\t\n        <ul>\n\t\t\t        <\/ul>\n    <\/div> \n","protected":false},"excerpt":{"rendered":"<p>N&amp;D AG Puppy Chicken &amp; Pomegranate Medium\/Maxi &#8211; Piletina i nar recept. Kompletna hrana za \u0161tence, gravidne kuje ili kuje u laktaciji<\/p>","protected":false},"featured_media":4368,"comment_status":"open","ping_status":"closed","template":"","meta":{"_acf_changed":false},"pwb-brand":[309,311],"product_cat":[49,47,48],"product_tag":[],"class_list":{"0":"post-4365","1":"product","2":"type-product","3":"status-publish","4":"has-post-thumbnail","6":"pwb-brand-nd-natural-delicious","7":"pwb-brand-nd-natural-delicious-hrana-za-pse","8":"product_cat-granule-za-pse","9":"product_cat-psi","10":"product_cat-hrana-za-pse","12":"first","13":"instock","14":"taxable","15":"shipping-taxable","16":"purchasable","17":"product-type-variable","18":"has-default-attributes"},"acf":[],"brands":[{"id":309,"name":"N&amp;D - Natural &amp; Delicious","slug":"nd-natural-delicious"},{"id":311,"name":"N&amp;D \u2013 Natural &amp; Delicious Dog Food","slug":"nd-natural-delicious-hrana-za-pse"}],"_links":{"self":[{"href":"https:\/\/pawz.rs\/en\/wp-json\/wp\/v2\/product\/4365","targetHints":{"allow":["GET"]}}],"collection":[{"href":"https:\/\/pawz.rs\/en\/wp-json\/wp\/v2\/product"}],"about":[{"href":"https:\/\/pawz.rs\/en\/wp-json\/wp\/v2\/types\/product"}],"replies":[{"embeddable":true,"href":"https:\/\/pawz.rs\/en\/wp-json\/wp\/v2\/comments?post=4365"}],"wp:featuredmedia":[{"embeddable":true,"href":"https:\/\/pawz.rs\/en\/wp-json\/wp\/v2\/media\/4368"}],"wp:attachment":[{"href":"https:\/\/pawz.rs\/en\/wp-json\/wp\/v2\/media?parent=4365"}],"wp:term":[{"taxonomy":"pwb-brand","embeddable":true,"href":"https:\/\/pawz.rs\/en\/wp-json\/wp\/v2\/pwb-brand?post=4365"},{"taxonomy":"product_cat","embeddable":true,"href":"https:\/\/pawz.rs\/en\/wp-json\/wp\/v2\/product_cat?post=4365"},{"taxonomy":"product_tag","embeddable":true,"href":"https:\/\/pawz.rs\/en\/wp-json\/wp\/v2\/product_tag?post=4365"}],"curies":[{"name":"wp","href":"https:\/\/api.w.org\/{rel}","templated":true}]}}