{"id":4381,"date":"2023-02-26T19:14:09","date_gmt":"2023-02-26T18:14:09","guid":{"rendered":"https:\/\/pawz.rs\/?post_type=product&#038;p=4381"},"modified":"2023-06-01T15:25:55","modified_gmt":"2023-06-01T13:25:55","slug":"nd-ag-puppy-lamb-blueberry-mini","status":"publish","type":"product","link":"https:\/\/pawz.rs\/en\/nd-ag-puppy-lamb-blueberry-mini\/","title":{"rendered":"N&#038;D AG Puppy Lamb &#038; Blueberry Mini"},"content":{"rendered":"<p><strong>N&amp;D Ancestral Grain Puppy Lamb &amp; Blueberry Mini<\/strong><\/p>\n<p>Jagnjetina, spelta, ovas i borovnica. Kompletna hrana za \u0161tence, kuje u laktaciji i gravidne kuje.<\/p>\n<p><strong>SASTAV<\/strong><br \/>\nSve\u017ee jagnje\u0107e meso bez kostiju (20%), dehidrirano jagnje\u0107e meso (20%), spelta (10%), ovas (10%), pile\u0107a mast, jaja u prahu, sve\u017ea haringa, dehidrirana haringa, suva pulpa cvekle, riblje ulje (haringe), biljna vlakna gra\u0161ka, osu\u0161ena \u0161argarepa, osu\u0161ena lucerka, pile\u0107a hrskavica (izvor glukozamina i hondroitin sulfata), inulin, fruktooligosaharidi, ekstrakt kvasca (izvor manan-oligosaharida), osu\u0161ena borovnica (0,5%), osu\u0161ena jabuka, osu\u0161eni nar, osu\u0161ena slatka pomorand\u017ea, osu\u0161eni spana\u0107, psilijum (0,3%), natrijum hlorid, suvi pivski kvasac, koren kurkume (0,2%).<\/p>\n<p><strong>NUTRITIVNI SASTOJCI ADITIVI PO KG<\/strong><br \/>\nHranljivi dodaci: vitamin A 16000 IJ; vitamin D3 1600 IJ; vitamin E 600 mg; vitamin C 160 mg; nijacin 40 mg; pantotenska kiselina 16 mg; vitamin B2 8 mg; vitamin B6 6,4 mg; vitamin B1 4,8 mg; vitamin H 0,4 mg; folna kiselina 0,48 mg; vitamin B12 0,1 mg; holin hlorid 2800 mg; beta karoten 1,5 mg; cink helat analog metionin hidroksilaze 910 mg; mangan helat analog metionin hidroksilaze 380 mg; gvo\u017e\u0111e helat glicin hidrata 250 mg; bakar helat analog metionin hidroksilaze 88 mg; selenizovani inaktivisani kvasac 0,4 mg; DL-metionin 6000 mg; taurin 1000 mg; L-karnitin 300 mg. Organolepti\u010dki dodaci: ekstrakt aloe vere 1000 mg; ektrakt zelenog \u010daja 100 mg; ekstrakt ruzmarina. Antiokidant: tokoferolom bogati ekstrakti iz prirodnih izvora.<\/p>\n<p><strong>ANALITI\u010cKI SASTAV<\/strong><br \/>\nSirovi proteini 35%; sirova ulja i masti 20%; sirova vlakna 1,7%; vlaga 9%; sirovi pepeo 8%; kalcijum 1,3%; fosfor 0,9%; omega 6 3,4%; omega 3 0,9%; DHA 0,5%; EPA 0,3%; glukozamin 1400 mg\/kg; hondroitin sulfat 1100 mg\/kg.<\/p>\n<p><strong>ENERGETSKA VREDNOST<\/strong><br \/>\nEM Kcal\/Kg 4158 &#8211; Mj\/Kg 17,39<\/p>\n<p>Serve food in dry form with available fresh water.<br \/>\nFor your pet&#039;s health, consult a veterinarian regularly.<\/p>\n<p>Store the product in a dry, dark and cool place.<\/p>\n<p>Proizvo\u0111a\u010d: Farmina Pet Foods, In\u0111ija, Srbija<br \/>\nZemlja porekla: Srbija<\/p>\n\n    <div class=\"xs_social_share_widget xs_share_url after_content \t\tmain_content  wslu-style-1 wslu-share-box-shaped wslu-fill-colored wslu-none wslu-share-horizontal wslu-theme-font-no wslu-main_content\">\n\n\t\t\n        <ul>\n\t\t\t        <\/ul>\n    <\/div>","protected":false},"excerpt":{"rendered":"<p>N&amp;D AG Puppy Lamb &amp; Blueberry Mini &#8211; Jagnjetina, spelta, ovas i borovnica. Kompletna hrana za \u0161tence, kuje u laktaciji i gravidne kuje.<\/p>","protected":false},"featured_media":4385,"comment_status":"open","ping_status":"closed","template":"","meta":{"_acf_changed":false},"pwb-brand":[309,311],"product_cat":[49,48,47],"product_tag":[],"class_list":{"0":"post-4381","1":"product","2":"type-product","3":"status-publish","4":"has-post-thumbnail","6":"pwb-brand-nd-natural-delicious","7":"pwb-brand-nd-natural-delicious-hrana-za-pse","8":"product_cat-granule-za-pse","9":"product_cat-hrana-za-pse","10":"product_cat-psi","12":"first","13":"instock","14":"taxable","15":"shipping-taxable","16":"purchasable","17":"product-type-variable","18":"has-default-attributes"},"acf":[],"brands":[{"id":309,"name":"N&amp;D - Natural &amp; Delicious","slug":"nd-natural-delicious"},{"id":311,"name":"N&amp;D \u2013 Natural &amp; Delicious Dog Food","slug":"nd-natural-delicious-hrana-za-pse"}],"_links":{"self":[{"href":"https:\/\/pawz.rs\/en\/wp-json\/wp\/v2\/product\/4381","targetHints":{"allow":["GET"]}}],"collection":[{"href":"https:\/\/pawz.rs\/en\/wp-json\/wp\/v2\/product"}],"about":[{"href":"https:\/\/pawz.rs\/en\/wp-json\/wp\/v2\/types\/product"}],"replies":[{"embeddable":true,"href":"https:\/\/pawz.rs\/en\/wp-json\/wp\/v2\/comments?post=4381"}],"wp:featuredmedia":[{"embeddable":true,"href":"https:\/\/pawz.rs\/en\/wp-json\/wp\/v2\/media\/4385"}],"wp:attachment":[{"href":"https:\/\/pawz.rs\/en\/wp-json\/wp\/v2\/media?parent=4381"}],"wp:term":[{"taxonomy":"pwb-brand","embeddable":true,"href":"https:\/\/pawz.rs\/en\/wp-json\/wp\/v2\/pwb-brand?post=4381"},{"taxonomy":"product_cat","embeddable":true,"href":"https:\/\/pawz.rs\/en\/wp-json\/wp\/v2\/product_cat?post=4381"},{"taxonomy":"product_tag","embeddable":true,"href":"https:\/\/pawz.rs\/en\/wp-json\/wp\/v2\/product_tag?post=4381"}],"curies":[{"name":"wp","href":"https:\/\/api.w.org\/{rel}","templated":true}]}}