{"id":43829,"date":"2025-07-06T14:01:10","date_gmt":"2025-07-06T12:01:10","guid":{"rendered":"https:\/\/pawz.rs\/?post_type=product&#038;p=43829"},"modified":"2025-07-06T14:01:11","modified_gmt":"2025-07-06T12:01:11","slug":"padovan-hrana-za-divlje-ptice-1-kg","status":"publish","type":"product","link":"https:\/\/pawz.rs\/en\/padovan-hrana-za-divlje-ptice-1-kg\/","title":{"rendered":"Padovan Hrana za Divlje Ptice 1 kg"},"content":{"rendered":"<p><strong>Padovan Hrana za divlje ptice 1 kg<\/p>\n<p><\/strong>Padovan BA\u0160TENSKA HRANA<br \/>\nHrana za divlje ptice<strong><br \/>\n<\/strong><\/p>\n<p><strong>Sastav:<\/strong> lomljena zrna kukuruza, p\u0161enica, proso, p\u0161eni\u010dne pahuljice, sirak, crveno proso, seme suncokreta, heljda, kikiriki.<\/p>\n<p><strong>Analiti\u010dki sastav<\/strong>: sirovi proteini 10%, sirova vlakna 5,5%, sirova ulja i masti 6,5%, sirov pepeo 2%, vlaga 11%.<\/p>\n<p>Me\u0161avina odabranih \u017eitarica i semena u odnosu koji zadovoljava nutritivne potrebe divljih ptica tokom cele godine.<br \/>\n\u010cuvati na hladnom i suvom mestu. Koli\u010dina i serijski broj su od\u0161tampani na pakovanju. Najbolje upotrebiti do datuma od\u0161tampanog na pakovanju.<\/p>\n<p>Proizvo\u0111a\u010d: Valman s.r.l<br \/>\nCountry of origin: Germany<\/p>\n\n    <div class=\"xs_social_share_widget xs_share_url after_content \t\tmain_content  wslu-style-1 wslu-share-box-shaped wslu-fill-colored wslu-none wslu-share-horizontal wslu-theme-font-no wslu-main_content\">\n\n\t\t\n        <ul>\n\t\t\t        <\/ul>\n    <\/div>","protected":false},"excerpt":{"rendered":"<p><strong>Padovan Hrana za divlje ptice 1 kg<br \/>\n<\/strong><\/p>","protected":false},"featured_media":43830,"comment_status":"closed","ping_status":"closed","template":"","meta":{"_acf_changed":false},"pwb-brand":[1362],"product_cat":[1277,1119],"product_tag":[],"class_list":{"0":"post-43829","1":"product","2":"type-product","3":"status-publish","4":"has-post-thumbnail","6":"pwb-brand-padovan","7":"product_cat-hrana-za-ptice","8":"product_cat-ptice","10":"first","11":"instock","12":"taxable","13":"shipping-taxable","14":"purchasable","15":"product-type-simple"},"acf":[],"brands":[{"id":1362,"name":"Padovan","slug":"padovan"}],"_links":{"self":[{"href":"https:\/\/pawz.rs\/en\/wp-json\/wp\/v2\/product\/43829","targetHints":{"allow":["GET"]}}],"collection":[{"href":"https:\/\/pawz.rs\/en\/wp-json\/wp\/v2\/product"}],"about":[{"href":"https:\/\/pawz.rs\/en\/wp-json\/wp\/v2\/types\/product"}],"replies":[{"embeddable":true,"href":"https:\/\/pawz.rs\/en\/wp-json\/wp\/v2\/comments?post=43829"}],"wp:featuredmedia":[{"embeddable":true,"href":"https:\/\/pawz.rs\/en\/wp-json\/wp\/v2\/media\/43830"}],"wp:attachment":[{"href":"https:\/\/pawz.rs\/en\/wp-json\/wp\/v2\/media?parent=43829"}],"wp:term":[{"taxonomy":"pwb-brand","embeddable":true,"href":"https:\/\/pawz.rs\/en\/wp-json\/wp\/v2\/pwb-brand?post=43829"},{"taxonomy":"product_cat","embeddable":true,"href":"https:\/\/pawz.rs\/en\/wp-json\/wp\/v2\/product_cat?post=43829"},{"taxonomy":"product_tag","embeddable":true,"href":"https:\/\/pawz.rs\/en\/wp-json\/wp\/v2\/product_tag?post=43829"}],"curies":[{"name":"wp","href":"https:\/\/api.w.org\/{rel}","templated":true}]}}