{"id":43833,"date":"2025-07-06T14:01:11","date_gmt":"2025-07-06T12:01:11","guid":{"rendered":"https:\/\/pawz.rs\/?post_type=product&#038;p=43833"},"modified":"2025-07-06T14:01:12","modified_gmt":"2025-07-06T12:01:12","slug":"padovan-gran-patee-insectes-1kg","status":"publish","type":"product","link":"https:\/\/pawz.rs\/en\/padovan-gran-patee-insectes-1kg\/","title":{"rendered":"Padovan Gran Patee Insectes 1kg"},"content":{"rendered":"<p><strong>Padovan Gran Patee Insectes 1kg<\/strong><\/p>\n<p>Potpuna\u00a0hrana\u00a0za\u00a0ptice\u00a0koje\u00a0jedu\u00a0insekte\u00a0sa\u00a0uskim\u00a0kljunom\u00a0(japanski\u00a0slavuj,\u00a0beloglavi\u00a0\u0161ama,\u00a0bulbul)\u00a0i\u00a0druge\u00a0ptice.\u00a0Kompletna\u00a0hrana\u00a0sa\u00a0insektima\u00a0i\u00a0malim\u00a0\u0161koljkama,\u00a0sa\u00a0dodatkom\u00a0vitamina\u00a0i\u00a0aminokiselina.<\/p>\n<p><strong>Sastav<\/strong>: \u017ditarice, pekarski proizvodi, ulja i masti, derivati biljnog porekla, ekstrakti biljnih proteina, vo\u0107e (4.5%), razni \u0161e\u0107eri (med 1%), minerali, meku\u0161ci i rakovi (\u0161kampi 2%), sorbitol, insekti (vodene mu\u0161ice 0.5%).<\/p>\n<p><strong>NACIN UPOTREBE:<\/strong>\u00a0sipati u posudicu i ostaviti na slobodno raspolaganje pticice. Davati svaki dan sve\u017eu i \u010distu vodu.<\/p>\n<p>Cuvati na sve\u017eem i suvom mestu.<\/p>\n<p><strong>SPAKOVANO U ZA\u0160TICENOJ ATMOSFERI<\/strong><\/p>\n<p>Najbolje upotrebljivo do datuma utisnutog na pakovanju.<\/p>\n<p>Proizvo\u0111a\u010d: Valman s.r.l<br \/>\nCountry of origin: Germany<\/p>\n\n    <div class=\"xs_social_share_widget xs_share_url after_content \t\tmain_content  wslu-style-1 wslu-share-box-shaped wslu-fill-colored wslu-none wslu-share-horizontal wslu-theme-font-no wslu-main_content\">\n\n\t\t\n        <ul>\n\t\t\t        <\/ul>\n    <\/div>","protected":false},"excerpt":{"rendered":"<p><strong>Padovan Gran Patee Insectes 1kg<\/strong><\/p>","protected":false},"featured_media":43834,"comment_status":"closed","ping_status":"closed","template":"","meta":{"_acf_changed":false},"pwb-brand":[1362],"product_cat":[1277,1119],"product_tag":[],"class_list":{"0":"post-43833","1":"product","2":"type-product","3":"status-publish","4":"has-post-thumbnail","6":"pwb-brand-padovan","7":"product_cat-hrana-za-ptice","8":"product_cat-ptice","10":"first","11":"instock","12":"taxable","13":"shipping-taxable","14":"purchasable","15":"product-type-simple"},"acf":[],"brands":[{"id":1362,"name":"Padovan","slug":"padovan"}],"_links":{"self":[{"href":"https:\/\/pawz.rs\/en\/wp-json\/wp\/v2\/product\/43833","targetHints":{"allow":["GET"]}}],"collection":[{"href":"https:\/\/pawz.rs\/en\/wp-json\/wp\/v2\/product"}],"about":[{"href":"https:\/\/pawz.rs\/en\/wp-json\/wp\/v2\/types\/product"}],"replies":[{"embeddable":true,"href":"https:\/\/pawz.rs\/en\/wp-json\/wp\/v2\/comments?post=43833"}],"wp:featuredmedia":[{"embeddable":true,"href":"https:\/\/pawz.rs\/en\/wp-json\/wp\/v2\/media\/43834"}],"wp:attachment":[{"href":"https:\/\/pawz.rs\/en\/wp-json\/wp\/v2\/media?parent=43833"}],"wp:term":[{"taxonomy":"pwb-brand","embeddable":true,"href":"https:\/\/pawz.rs\/en\/wp-json\/wp\/v2\/pwb-brand?post=43833"},{"taxonomy":"product_cat","embeddable":true,"href":"https:\/\/pawz.rs\/en\/wp-json\/wp\/v2\/product_cat?post=43833"},{"taxonomy":"product_tag","embeddable":true,"href":"https:\/\/pawz.rs\/en\/wp-json\/wp\/v2\/product_tag?post=43833"}],"curies":[{"name":"wp","href":"https:\/\/api.w.org\/{rel}","templated":true}]}}