{"id":43835,"date":"2025-07-06T14:01:12","date_gmt":"2025-07-06T12:01:12","guid":{"rendered":"https:\/\/pawz.rs\/?post_type=product&#038;p=43835"},"modified":"2025-07-06T14:01:13","modified_gmt":"2025-07-06T12:01:13","slug":"padovan-gran-patee-universelle-1-kg","status":"publish","type":"product","link":"https:\/\/pawz.rs\/en\/padovan-gran-patee-universelle-1-kg\/","title":{"rendered":"Padovan Gran Patee Universelle 1 kg"},"content":{"rendered":"<p><strong>Padovan Gran Patee Universelle 1 kg<\/strong><\/p>\n<p><strong>POPTUNA HRANA ZA PTICE INSEKTOJEDE, INDIJSKOG KOSA i druge ptice (kos, drozd cikelj, \u010dvorak, poljska \u0161eva, drozd bravenjak, japanski slavuj, mali drozd, itd.)<\/strong><\/p>\n<p>Potpuna hrana sa medom kao i dodatkom vitamina i aminokiselina.<\/p>\n<p><strong>SASTAV:<\/strong>\u00a0\u017eitarice (kukuruz 30%), preradjevine biljnoga porekla, biljni proteinski ekstrakti, ulja i masno\u0107e, minerali, razni \u0161eceri (med 1%), semenke, sorbitol, vo\u0107e (jabuka 0,5%).<\/p>\n<p><strong>ADITIVI PO KG:<\/strong>\u00a0Hranjivi aditivi: A vitamin 2800 IJ, D3 vitamin 560 IJ, E vitamin 6 mg, L-lizin (3.2.1) 740 mg, DL-metionin (3c301) 375 mg, bakar (3b405) 0,9 mg, jod (3b201) 0,4 mg, gvo\u017ede (3b103) 9,5 mg, mangan (3b502) 34 mg, selen (3b801) 0,04 mg, cink (3b603) 15 mg. Konzervansi, antioksidansi. Veziva: sepiolit 9 mg.<\/p>\n<p><strong>NACIN UPOTREBE:<\/strong>\u00a0sipati u posudicu i ostaviti na slobodno raspolaganje pticice. Davati svaki dan sve\u017eu i \u010distu vodu.<\/p>\n<p>Cuvati na sve\u017eem i suvom mestu.<\/p>\n<p><strong>SPAKOVANO U ZA\u0160TICENOJ ATMOSFERI<\/strong><\/p>\n<p>Najbolje upotrebljivo do datuma utisnutog na pakovanju.<\/p>\n<p>Proizvo\u0111a\u010d: Valman s.r.l<br \/>\nCountry of origin: Germany<\/p>\n\n    <div class=\"xs_social_share_widget xs_share_url after_content \t\tmain_content  wslu-style-1 wslu-share-box-shaped wslu-fill-colored wslu-none wslu-share-horizontal wslu-theme-font-no wslu-main_content\">\n\n\t\t\n        <ul>\n\t\t\t        <\/ul>\n    <\/div>","protected":false},"excerpt":{"rendered":"<p><strong>Padovan Gran Patee Universelle 1 kg<\/strong><\/p>","protected":false},"featured_media":43837,"comment_status":"closed","ping_status":"closed","template":"","meta":{"_acf_changed":false},"pwb-brand":[1362],"product_cat":[1277,1119],"product_tag":[],"class_list":{"0":"post-43835","1":"product","2":"type-product","3":"status-publish","4":"has-post-thumbnail","6":"pwb-brand-padovan","7":"product_cat-hrana-za-ptice","8":"product_cat-ptice","10":"first","11":"instock","12":"taxable","13":"shipping-taxable","14":"purchasable","15":"product-type-simple"},"acf":[],"brands":[{"id":1362,"name":"Padovan","slug":"padovan"}],"_links":{"self":[{"href":"https:\/\/pawz.rs\/en\/wp-json\/wp\/v2\/product\/43835","targetHints":{"allow":["GET"]}}],"collection":[{"href":"https:\/\/pawz.rs\/en\/wp-json\/wp\/v2\/product"}],"about":[{"href":"https:\/\/pawz.rs\/en\/wp-json\/wp\/v2\/types\/product"}],"replies":[{"embeddable":true,"href":"https:\/\/pawz.rs\/en\/wp-json\/wp\/v2\/comments?post=43835"}],"wp:featuredmedia":[{"embeddable":true,"href":"https:\/\/pawz.rs\/en\/wp-json\/wp\/v2\/media\/43837"}],"wp:attachment":[{"href":"https:\/\/pawz.rs\/en\/wp-json\/wp\/v2\/media?parent=43835"}],"wp:term":[{"taxonomy":"pwb-brand","embeddable":true,"href":"https:\/\/pawz.rs\/en\/wp-json\/wp\/v2\/pwb-brand?post=43835"},{"taxonomy":"product_cat","embeddable":true,"href":"https:\/\/pawz.rs\/en\/wp-json\/wp\/v2\/product_cat?post=43835"},{"taxonomy":"product_tag","embeddable":true,"href":"https:\/\/pawz.rs\/en\/wp-json\/wp\/v2\/product_tag?post=43835"}],"curies":[{"name":"wp","href":"https:\/\/api.w.org\/{rel}","templated":true}]}}