{"id":43842,"date":"2025-07-06T14:01:13","date_gmt":"2025-07-06T12:01:13","guid":{"rendered":"https:\/\/pawz.rs\/?post_type=product&#038;p=43842"},"modified":"2025-07-06T14:01:14","modified_gmt":"2025-07-06T12:01:14","slug":"padovan-grandmix-cardellini","status":"publish","type":"product","link":"https:\/\/pawz.rs\/en\/padovan-grandmix-cardellini\/","title":{"rendered":"Padovan Grandmix Cardellini"},"content":{"rendered":"<p><strong>Padovan Grandmix Cardellini\u00a0<\/strong><\/p>\n<p><strong>POTPUNA KRMNA SMESA ZA \u010cE\u0160LJUGARE<\/strong><\/p>\n<p>Me\u0161avina semena, sa su\u0161enim vo\u0107em, usitnjenim keksom i mlevenim \u0161koljkama, kao i dodatkom vitamina i oligoelemenata.<\/p>\n<p><strong>SASTAV:<\/strong>\u00a0semenke (sikavica 10%), minerali (mevene \u0161koljkice 3%), pekarski proizvodi (keks 2,5%), vo\u0107e (jabuka 1%).<\/p>\n<p><strong>ADITIVI PO KG:<\/strong>\u00a0Hranjivi aditivi: A vitamin 6000 IJ, D3 vitamin 750 IJ, E vitamin 10 mg, jod (3b201) 1,5 mg, mangan (3b503) 50 mg, cink (3b605) 40 mg. Boje.<\/p>\n<p><strong>NACIN UPOTREBE:<\/strong>\u00a0sipati u posudicu i ostaviti na slobodno raspolaganje pticice. Davati svaki dan sve\u017eu i \u010distu vodu.<\/p>\n<p>Cuvati na sve\u017eem i suvom mestu.<\/p>\n<p><strong>SPAKOVANO U ZA\u0160TICENOJ ATMOSFERI<\/strong><\/p>\n<p>Najbolje upotrebiti do datuma utisnutog na pakovanju.<\/p>\n<p>Proizvo\u0111a\u010d: Valman s.r.l<br \/>\nCountry of origin: Germany<\/p>\n\n    <div class=\"xs_social_share_widget xs_share_url after_content \t\tmain_content  wslu-style-1 wslu-share-box-shaped wslu-fill-colored wslu-none wslu-share-horizontal wslu-theme-font-no wslu-main_content\">\n\n\t\t\n        <ul>\n\t\t\t        <\/ul>\n    <\/div>","protected":false},"excerpt":{"rendered":"<p><strong>Padovan Grandmix Cardellini\u00a0<\/strong><\/p>","protected":false},"featured_media":43846,"comment_status":"closed","ping_status":"closed","template":"","meta":{"_acf_changed":false},"pwb-brand":[1362],"product_cat":[1277,1119],"product_tag":[],"class_list":{"0":"post-43842","1":"product","2":"type-product","3":"status-publish","4":"has-post-thumbnail","6":"pwb-brand-padovan","7":"product_cat-hrana-za-ptice","8":"product_cat-ptice","10":"first","11":"instock","12":"taxable","13":"shipping-taxable","14":"purchasable","15":"product-type-variable","16":"has-default-attributes"},"acf":[],"brands":[{"id":1362,"name":"Padovan","slug":"padovan"}],"_links":{"self":[{"href":"https:\/\/pawz.rs\/en\/wp-json\/wp\/v2\/product\/43842","targetHints":{"allow":["GET"]}}],"collection":[{"href":"https:\/\/pawz.rs\/en\/wp-json\/wp\/v2\/product"}],"about":[{"href":"https:\/\/pawz.rs\/en\/wp-json\/wp\/v2\/types\/product"}],"replies":[{"embeddable":true,"href":"https:\/\/pawz.rs\/en\/wp-json\/wp\/v2\/comments?post=43842"}],"wp:featuredmedia":[{"embeddable":true,"href":"https:\/\/pawz.rs\/en\/wp-json\/wp\/v2\/media\/43846"}],"wp:attachment":[{"href":"https:\/\/pawz.rs\/en\/wp-json\/wp\/v2\/media?parent=43842"}],"wp:term":[{"taxonomy":"pwb-brand","embeddable":true,"href":"https:\/\/pawz.rs\/en\/wp-json\/wp\/v2\/pwb-brand?post=43842"},{"taxonomy":"product_cat","embeddable":true,"href":"https:\/\/pawz.rs\/en\/wp-json\/wp\/v2\/product_cat?post=43842"},{"taxonomy":"product_tag","embeddable":true,"href":"https:\/\/pawz.rs\/en\/wp-json\/wp\/v2\/product_tag?post=43842"}],"curies":[{"name":"wp","href":"https:\/\/api.w.org\/{rel}","templated":true}]}}