{"id":43857,"date":"2025-07-06T14:01:16","date_gmt":"2025-07-06T12:01:16","guid":{"rendered":"https:\/\/pawz.rs\/?post_type=product&#038;p=43857"},"modified":"2025-07-06T14:01:17","modified_gmt":"2025-07-06T12:01:17","slug":"padovan-grandmix-pappagalli-600g","status":"publish","type":"product","link":"https:\/\/pawz.rs\/en\/padovan-grandmix-pappagalli-600g\/","title":{"rendered":"Padovan Grandmix Pappagalli 600g"},"content":{"rendered":"<p><strong>Padovan Grandmix Pappagalli 600g<\/strong><\/p>\n<p>PADOVAN GrandMix Pappagalli hrana za velike papagaje<br \/>\nKompletna hrana za velike papagaje<\/p>\n<p>Grandmix Papagali je hrana namenjena ve\u0107im papagajima poput ara i kakadua. Kompletna hrana napravljena od omiljenih \u017eitarica, vo\u0107a i biskvita, obezbe\u0111uje uravnote\u017eenu i izbalansiranu ishranu. Hrana je oboga\u0107ena vitaminima, mineralima i biljnim ekstraktima \u0161to doprinosi zdravlju i vitalnosti.<\/p>\n<p><strong>Sastav<\/strong>: Seme (prirodno): safflower (carthamus tincotorius) 5,6%, p\u0161enica (titicum vulgare) 6,2%, seme suncokreta (helianthus annus) 44,5%, kukuruz (zea mays) 5,6%, seme bundeve (cucurbita pepo) 4,4%, ovas (avena sativa) 5,6%, je\u010dam (hordeum vulgare) 4,4%; Vo\u0107e (dehidrirano): badem, le\u0161nik, kikiriki, jabuka, roga\u010d (ceratonia siliqua), banana;<br \/>\nEkstrudirani proizvodi: kukuruz (zea amys), p\u0161enica (triticum vulgare), spana\u0107, masno\u0107a.<br \/>\nMinerali iz lju\u0161tura \u0161koljki, biljno ulje.<\/p>\n<p><strong>Analiti\u010dki sastav<\/strong>: Ugljeni hidrati 47,5%, Sirovi protein 16,0%, Sirove masno\u0107e 12,0%, Vlaga 10,0%, Sirova vlakna 9,0%, Sirovi pepeo 5,5%, Fosfor 0,73%, Kalcijum 0,22%.<\/p>\n<p><strong>Uputstvo za hranjenje<\/strong>: Osigurajte da je u posudi uvek dovoljna koli\u010dina hrane. \u010cista i sve\u017ea voda za pi\u0107e treba da bude uvek dostupna.<\/p>\n<p>Proizvo\u0111a\u010d: Valman s.r.l<br \/>\nCountry of origin: Germany<\/p>\n\n    <div class=\"xs_social_share_widget xs_share_url after_content \t\tmain_content  wslu-style-1 wslu-share-box-shaped wslu-fill-colored wslu-none wslu-share-horizontal wslu-theme-font-no wslu-main_content\">\n\n\t\t\n        <ul>\n\t\t\t        <\/ul>\n    <\/div>","protected":false},"excerpt":{"rendered":"<p><strong>Padovan Grandmix Pappagalli<\/strong><\/p>","protected":false},"featured_media":43863,"comment_status":"closed","ping_status":"closed","template":"","meta":{"_acf_changed":false},"pwb-brand":[1362],"product_cat":[1277,1119],"product_tag":[],"class_list":{"0":"post-43857","1":"product","2":"type-product","3":"status-publish","4":"has-post-thumbnail","6":"pwb-brand-padovan","7":"product_cat-hrana-za-ptice","8":"product_cat-ptice","10":"first","11":"instock","12":"taxable","13":"shipping-taxable","14":"purchasable","15":"product-type-simple"},"acf":[],"brands":[{"id":1362,"name":"Padovan","slug":"padovan"}],"_links":{"self":[{"href":"https:\/\/pawz.rs\/en\/wp-json\/wp\/v2\/product\/43857","targetHints":{"allow":["GET"]}}],"collection":[{"href":"https:\/\/pawz.rs\/en\/wp-json\/wp\/v2\/product"}],"about":[{"href":"https:\/\/pawz.rs\/en\/wp-json\/wp\/v2\/types\/product"}],"replies":[{"embeddable":true,"href":"https:\/\/pawz.rs\/en\/wp-json\/wp\/v2\/comments?post=43857"}],"wp:featuredmedia":[{"embeddable":true,"href":"https:\/\/pawz.rs\/en\/wp-json\/wp\/v2\/media\/43863"}],"wp:attachment":[{"href":"https:\/\/pawz.rs\/en\/wp-json\/wp\/v2\/media?parent=43857"}],"wp:term":[{"taxonomy":"pwb-brand","embeddable":true,"href":"https:\/\/pawz.rs\/en\/wp-json\/wp\/v2\/pwb-brand?post=43857"},{"taxonomy":"product_cat","embeddable":true,"href":"https:\/\/pawz.rs\/en\/wp-json\/wp\/v2\/product_cat?post=43857"},{"taxonomy":"product_tag","embeddable":true,"href":"https:\/\/pawz.rs\/en\/wp-json\/wp\/v2\/product_tag?post=43857"}],"curies":[{"name":"wp","href":"https:\/\/api.w.org\/{rel}","templated":true}]}}