{"id":43860,"date":"2025-07-06T13:39:35","date_gmt":"2025-07-06T11:39:35","guid":{"rendered":"https:\/\/pawz.rs\/?post_type=product&#038;p=43860"},"modified":"2025-07-06T13:39:35","modified_gmt":"2025-07-06T11:39:35","slug":"padovan-granpatee-insects-25-kg","status":"publish","type":"product","link":"https:\/\/pawz.rs\/en\/padovan-granpatee-insects-25-kg\/","title":{"rendered":"Padovan Granpatee Insects 25 kg"},"content":{"rendered":"<p><strong>Padovan Granpatee Insects 25 kg<\/strong><\/p>\n<div class=\"container\">\n<div class=\"col-md-6\">\n<p><strong>POTPUNA HRANA ZA PTICE INSEKTOJEDE S TANKIM KLJUNOM (japanski slavuj, kos shama, Bulbul) I DRUGE PTICE<\/strong><\/p>\n<p>Potpuna hrana S insektima i malim ljuskarima kao i dodatkom vitamina i aminokiselina.<\/p>\n<p><strong>SASTAV:<\/strong>\u00a0\u017eitarice, pekarski proizvodi, ulja i masno\u0107e, preradjevine biljnoga porekla, biljni proteinski ekstrakti, vo\u0107e (plodovi smreke 0,5%, jabuka 0,5%), razni \u0161eceri (med 1%), minerali, meku\u0161ci i rakovi (kozice 2%), sorbitol, kukci (vodene muhe 0,5%).<\/p>\n<p><strong>ADITIVI PO KG:<\/strong>\u00a0Hranjivi aditivi: A vitamin 1900 IJ, D3 vitamin 380 IJ, E vitamin 4 mg, L-lizin (3.2.1) 500 mg, DL-metionin (3c301) 250 mg, bakar (3b405) 0,6 mg, jod (3b201) 0,3 mg, gvo\u017ede (3b103) 6,5 mg, mangan (3b502) 23 mg, selen (3b801) 0,03 mg, cink (3b603) 10 mg. Boje, konzervansi, antioksidansi. Veziva: sepiolit 6 mg.<\/p>\n<p><strong>NACIN UPOTREBE:<\/strong>\u00a0usuti u posudicu i ostaviti na slobodno raspolaganje pticice. Davati svaki dan sve\u017eu i \u010distu vodu.<\/p>\n<p>Cuvati na sve\u017eem i suvom mestu.<\/p>\n<p><strong>SPAKOVANO U ZA\u0160TICENOJ ATMOSFERI<\/strong><\/p>\n<p>Najbolje upotrebljivo do datuma utisnutog na pakovanju.<\/p>\n<\/div>\n<\/div>\n<p>Proizvo\u0111a\u010d: Valman s.r.l<br \/>\nCountry of origin: Germany<\/p>\n\n    <div class=\"xs_social_share_widget xs_share_url after_content \t\tmain_content  wslu-style-1 wslu-share-box-shaped wslu-fill-colored wslu-none wslu-share-horizontal wslu-theme-font-no wslu-main_content\">\n\n\t\t\n        <ul>\n\t\t\t        <\/ul>\n    <\/div>","protected":false},"excerpt":{"rendered":"<p>Padovan Granpatee Insects 25 kg<\/p>","protected":false},"featured_media":43865,"comment_status":"closed","ping_status":"closed","template":"","meta":{"_acf_changed":false},"pwb-brand":[1362],"product_cat":[1277,1119],"product_tag":[],"class_list":{"0":"post-43860","1":"product","2":"type-product","3":"status-publish","4":"has-post-thumbnail","6":"pwb-brand-padovan","7":"product_cat-hrana-za-ptice","8":"product_cat-ptice","10":"first","11":"instock","12":"taxable","13":"shipping-taxable","14":"purchasable","15":"product-type-simple"},"acf":[],"brands":[{"id":1362,"name":"Padovan","slug":"padovan"}],"_links":{"self":[{"href":"https:\/\/pawz.rs\/en\/wp-json\/wp\/v2\/product\/43860","targetHints":{"allow":["GET"]}}],"collection":[{"href":"https:\/\/pawz.rs\/en\/wp-json\/wp\/v2\/product"}],"about":[{"href":"https:\/\/pawz.rs\/en\/wp-json\/wp\/v2\/types\/product"}],"replies":[{"embeddable":true,"href":"https:\/\/pawz.rs\/en\/wp-json\/wp\/v2\/comments?post=43860"}],"wp:featuredmedia":[{"embeddable":true,"href":"https:\/\/pawz.rs\/en\/wp-json\/wp\/v2\/media\/43865"}],"wp:attachment":[{"href":"https:\/\/pawz.rs\/en\/wp-json\/wp\/v2\/media?parent=43860"}],"wp:term":[{"taxonomy":"pwb-brand","embeddable":true,"href":"https:\/\/pawz.rs\/en\/wp-json\/wp\/v2\/pwb-brand?post=43860"},{"taxonomy":"product_cat","embeddable":true,"href":"https:\/\/pawz.rs\/en\/wp-json\/wp\/v2\/product_cat?post=43860"},{"taxonomy":"product_tag","embeddable":true,"href":"https:\/\/pawz.rs\/en\/wp-json\/wp\/v2\/product_tag?post=43860"}],"curies":[{"name":"wp","href":"https:\/\/api.w.org\/{rel}","templated":true}]}}