{"id":43866,"date":"2025-07-06T14:01:17","date_gmt":"2025-07-06T12:01:17","guid":{"rendered":"https:\/\/pawz.rs\/?post_type=product&#038;p=43866"},"modified":"2025-07-06T14:01:18","modified_gmt":"2025-07-06T12:01:18","slug":"padovan-melange-fruit-300-gr","status":"publish","type":"product","link":"https:\/\/pawz.rs\/en\/padovan-melange-fruit-300-gr\/","title":{"rendered":"Padovan Melange Fruit 300 gr"},"content":{"rendered":"<p><strong>Padovan Melange Fruit 300 gr<\/strong><\/p>\n<div class=\"container\">\n<div class=\"col-md-6\">\n<p><strong>DOPUNSKA HRANA ZA PTICE ZRNOJEDE<\/strong><\/p>\n<p>Smesa S vo\u0107em i jajem \u2013 mo\u017ee se upotrebiti kao dodatak prehrani ptica tokom cele godine.<\/p>\n<p><strong>SASTAV:<\/strong>pekarski proizvodi, \u017eitarice, razni \u0161eceri, ulja i masno\u0107e, vo\u0107e (marelica 2%, kru\u0161ka 2%, jabuka 0,5%), minerali, jaja i preradjevine od jaja (jaje 4%), sorbitol, semenke, orasi (kokos 0,5%).<\/p>\n<p><strong>ADITIVI PO KG:<\/strong>\u00a0Hranjivi aditivi<strong>:<\/strong>\u00a0A vitamin 27000 IJ, D3 vitamin 800 IJ, E vitamin 10 mg, L-lizin (3c322) 200 mg, DL-metionin (3c301) 200 mg. Boje, antioksidansi.<\/p>\n<p><strong>NACIN UPOTREBE:<\/strong>sipati u posudicu kolicinu dovoljnu za zadovoljavanje dnevne potrebe i ostaviti na slobodno raspolaganje pticice, bolje svakodnevno sve\u017ee. Davati svaki dan sve\u017eu i \u010distu vodu.<\/p>\n<p>Cuvati na sve\u017eem i suvom mestu.<\/p>\n<p><strong>SPAKOVANO U ZA\u0160TICENOJ ATMOSFERI<\/strong><\/p>\n<p>Najbolje upotrebljivo do datuma utisnutog na pakovanju.<\/p>\n<\/div>\n<\/div>\n<p>Proizvo\u0111a\u010d: Valman s.r.l<br \/>\nCountry of origin: Germany<\/p>\n\n    <div class=\"xs_social_share_widget xs_share_url after_content \t\tmain_content  wslu-style-1 wslu-share-box-shaped wslu-fill-colored wslu-none wslu-share-horizontal wslu-theme-font-no wslu-main_content\">\n\n\t\t\n        <ul>\n\t\t\t        <\/ul>\n    <\/div>","protected":false},"excerpt":{"rendered":"<p><strong>Padovan Melange Fruit 300 gr<\/strong><\/p>","protected":false},"featured_media":43867,"comment_status":"closed","ping_status":"closed","template":"","meta":{"_acf_changed":false},"pwb-brand":[1362],"product_cat":[1277,1119],"product_tag":[],"class_list":{"0":"post-43866","1":"product","2":"type-product","3":"status-publish","4":"has-post-thumbnail","6":"pwb-brand-padovan","7":"product_cat-hrana-za-ptice","8":"product_cat-ptice","10":"first","11":"instock","12":"taxable","13":"shipping-taxable","14":"purchasable","15":"product-type-simple"},"acf":[],"brands":[{"id":1362,"name":"Padovan","slug":"padovan"}],"_links":{"self":[{"href":"https:\/\/pawz.rs\/en\/wp-json\/wp\/v2\/product\/43866","targetHints":{"allow":["GET"]}}],"collection":[{"href":"https:\/\/pawz.rs\/en\/wp-json\/wp\/v2\/product"}],"about":[{"href":"https:\/\/pawz.rs\/en\/wp-json\/wp\/v2\/types\/product"}],"replies":[{"embeddable":true,"href":"https:\/\/pawz.rs\/en\/wp-json\/wp\/v2\/comments?post=43866"}],"wp:featuredmedia":[{"embeddable":true,"href":"https:\/\/pawz.rs\/en\/wp-json\/wp\/v2\/media\/43867"}],"wp:attachment":[{"href":"https:\/\/pawz.rs\/en\/wp-json\/wp\/v2\/media?parent=43866"}],"wp:term":[{"taxonomy":"pwb-brand","embeddable":true,"href":"https:\/\/pawz.rs\/en\/wp-json\/wp\/v2\/pwb-brand?post=43866"},{"taxonomy":"product_cat","embeddable":true,"href":"https:\/\/pawz.rs\/en\/wp-json\/wp\/v2\/product_cat?post=43866"},{"taxonomy":"product_tag","embeddable":true,"href":"https:\/\/pawz.rs\/en\/wp-json\/wp\/v2\/product_tag?post=43866"}],"curies":[{"name":"wp","href":"https:\/\/api.w.org\/{rel}","templated":true}]}}