{"id":43890,"date":"2025-07-06T14:01:19","date_gmt":"2025-07-06T12:01:19","guid":{"rendered":"https:\/\/pawz.rs\/?post_type=product&#038;p=43890"},"modified":"2025-07-06T14:01:19","modified_gmt":"2025-07-06T12:01:19","slug":"padovan-melodymix-semi-della-salute-300g","status":"publish","type":"product","link":"https:\/\/pawz.rs\/en\/padovan-melodymix-semi-della-salute-300g\/","title":{"rendered":"Padovan Melodymix\/Semi Della Salute 300g"},"content":{"rendered":"<p><strong>Padovan Melodymix\/Semi Della Salute 300g<\/strong><\/p>\n<div class=\"container\">\n<div class=\"col-md-6\">\n<p><strong>DOPUNSKA HRANA ZA PTICE ZRNOJEDE (kanarince, papigice, egzote, ce\u0161ljugare, zebe, vrapce itd.)<\/strong><\/p>\n<p>Vitaminska SMESA za pticice S tradicionalnim semenkama i \u017eitaricama, obogacena semenkama povrtnjaka i usitnjenim keksom.<\/p>\n<p><strong>SASTAV:<\/strong>semenke (komorac 8%, radic 8%, \u0161argarepa 2%, bela salata 1%, per\u0161un 0,5%), \u017eitarice, pekarski proizvodi (keks 4%).<\/p>\n<p><strong>ADITIVI PO KG:<\/strong>\u00a0Hranjivi aditivi: A vitamin 4300 IJ, D3 vitamin 550 IJ, E vitamin 7 mg. Boje.<\/p>\n<p><strong>NACIN UPOTREBE:<\/strong>sipati proizvod u posebnu posudicu<strong><s>,<\/s><\/strong>\u00a0ili ga pome\u0161ati sa obicnom hranom i ostaviti na slobodno raspolaganje pticica. Davati svaki dan sve\u017eu i \u010distu vodu.<\/p>\n<p>Cuvati na sve\u017eem i suvom mestu.<\/p>\n<p><strong>SPAKOVANO U ZA\u0160TICENOJ ATMOSFERI<\/strong><\/p>\n<p>Najbolje upotrebiti do datuma utisnutog na pakovanju.<\/p>\n<\/div>\n<\/div>\n<p>Proizvo\u0111a\u010d: Valman s.r.l<br \/>\nCountry of origin: Germany<\/p>\n\n    <div class=\"xs_social_share_widget xs_share_url after_content \t\tmain_content  wslu-style-1 wslu-share-box-shaped wslu-fill-colored wslu-none wslu-share-horizontal wslu-theme-font-no wslu-main_content\">\n\n\t\t\n        <ul>\n\t\t\t        <\/ul>\n    <\/div>","protected":false},"excerpt":{"rendered":"<p><strong>Padovan Melodymix\/Semi Della Salute 300g<\/strong><\/p>","protected":false},"featured_media":43891,"comment_status":"closed","ping_status":"closed","template":"","meta":{"_acf_changed":false},"pwb-brand":[1362],"product_cat":[1277,1119],"product_tag":[],"class_list":{"0":"post-43890","1":"product","2":"type-product","3":"status-publish","4":"has-post-thumbnail","6":"pwb-brand-padovan","7":"product_cat-hrana-za-ptice","8":"product_cat-ptice","10":"first","11":"instock","12":"taxable","13":"shipping-taxable","14":"purchasable","15":"product-type-simple"},"acf":[],"brands":[{"id":1362,"name":"Padovan","slug":"padovan"}],"_links":{"self":[{"href":"https:\/\/pawz.rs\/en\/wp-json\/wp\/v2\/product\/43890","targetHints":{"allow":["GET"]}}],"collection":[{"href":"https:\/\/pawz.rs\/en\/wp-json\/wp\/v2\/product"}],"about":[{"href":"https:\/\/pawz.rs\/en\/wp-json\/wp\/v2\/types\/product"}],"replies":[{"embeddable":true,"href":"https:\/\/pawz.rs\/en\/wp-json\/wp\/v2\/comments?post=43890"}],"wp:featuredmedia":[{"embeddable":true,"href":"https:\/\/pawz.rs\/en\/wp-json\/wp\/v2\/media\/43891"}],"wp:attachment":[{"href":"https:\/\/pawz.rs\/en\/wp-json\/wp\/v2\/media?parent=43890"}],"wp:term":[{"taxonomy":"pwb-brand","embeddable":true,"href":"https:\/\/pawz.rs\/en\/wp-json\/wp\/v2\/pwb-brand?post=43890"},{"taxonomy":"product_cat","embeddable":true,"href":"https:\/\/pawz.rs\/en\/wp-json\/wp\/v2\/product_cat?post=43890"},{"taxonomy":"product_tag","embeddable":true,"href":"https:\/\/pawz.rs\/en\/wp-json\/wp\/v2\/product_tag?post=43890"}],"curies":[{"name":"wp","href":"https:\/\/api.w.org\/{rel}","templated":true}]}}