{"id":43892,"date":"2025-07-06T13:39:34","date_gmt":"2025-07-06T11:39:34","guid":{"rendered":"https:\/\/pawz.rs\/?post_type=product&#038;p=43892"},"modified":"2025-07-06T13:39:35","modified_gmt":"2025-07-06T11:39:35","slug":"padovan-mistro-cardelini-20kg","status":"publish","type":"product","link":"https:\/\/pawz.rs\/en\/padovan-mistro-cardelini-20kg\/","title":{"rendered":"Padovan Mistro Cardelini 20kg"},"content":{"rendered":"<p><strong>Padovan Mistro Cardelini 20kg<\/strong><\/p>\n<div class=\"container\">\n<div class=\"col-md-6\">\n<h3>Kompletna hrana za ce\u0161ljuge<\/h3>\n<p>Me\u0161avina semenki, sa dehidriranim vo\u0107em, izmrvljenim keksima i mlevenim ljuskama, sa dodatkom vitamina.<\/p>\n<p><strong>Sastav: <\/strong>Me\u0161avina semena sa su\u0161enim vo\u0107em (jabuka 1%), keksom 2,5%, mlevenim \u0161koljkama 3%, vitaminima. Vo\u0107e (dehidrirano): jabuka. Biskviti: p\u0161eni\u010dno bra\u0161no (triticum vulgare), kvasac, \u0161e\u0107er, jestive boje (E102-E124 E133-E110). Minerali iz lju\u0161tura \u0161koljki, biljno ulje.<\/p>\n<p><strong>ANALITI\u010cKI SASTAV<\/strong>: Ugljeni hidrati 58,5%, Vlaga 13,0%, Sirovi proteini 12,5%, Sirova vlakna 6,0%, Sirove masno\u0107e 5,0%, Sirovi pepeo 5,0%, Fosfor 0,4%, Kalcijum 0,2%.<\/p>\n<p><strong>NACIN UPOTREBE:<\/strong>sipati proizvod u posebnu posudicu<strong><s>,<\/s><\/strong>\u00a0ili ga pome\u0161ati sa obicnom hranom i ostaviti na slobodno raspolaganje pticica. Davati svaki dan sve\u017eu i \u010distu vodu.<\/p>\n<p>Cuvati na sve\u017eem i suvom mestu.<\/p>\n<p><strong>SPAKOVANO U ZA\u0160TICENOJ ATMOSFERI<\/strong><\/p>\n<p>Najbolje upotrebiti do datuma utisnutog na pakovanju.<\/p>\n<\/div>\n<\/div>\n<p>Proizvo\u0111a\u010d: Valman s.r.l<br \/>\nCountry of origin: Germany<\/p>\n\n    <div class=\"xs_social_share_widget xs_share_url after_content \t\tmain_content  wslu-style-1 wslu-share-box-shaped wslu-fill-colored wslu-none wslu-share-horizontal wslu-theme-font-no wslu-main_content\">\n\n\t\t\n        <ul>\n\t\t\t        <\/ul>\n    <\/div>","protected":false},"excerpt":{"rendered":"<p><strong>Padovan Mistro Cardelini 20kg<\/strong><\/p>","protected":false},"featured_media":43893,"comment_status":"closed","ping_status":"closed","template":"","meta":{"_acf_changed":false},"pwb-brand":[1362],"product_cat":[1277,1119],"product_tag":[],"class_list":{"0":"post-43892","1":"product","2":"type-product","3":"status-publish","4":"has-post-thumbnail","6":"pwb-brand-padovan","7":"product_cat-hrana-za-ptice","8":"product_cat-ptice","10":"first","11":"instock","12":"taxable","13":"shipping-taxable","14":"purchasable","15":"product-type-simple"},"acf":[],"brands":[{"id":1362,"name":"Padovan","slug":"padovan"}],"_links":{"self":[{"href":"https:\/\/pawz.rs\/en\/wp-json\/wp\/v2\/product\/43892","targetHints":{"allow":["GET"]}}],"collection":[{"href":"https:\/\/pawz.rs\/en\/wp-json\/wp\/v2\/product"}],"about":[{"href":"https:\/\/pawz.rs\/en\/wp-json\/wp\/v2\/types\/product"}],"replies":[{"embeddable":true,"href":"https:\/\/pawz.rs\/en\/wp-json\/wp\/v2\/comments?post=43892"}],"wp:featuredmedia":[{"embeddable":true,"href":"https:\/\/pawz.rs\/en\/wp-json\/wp\/v2\/media\/43893"}],"wp:attachment":[{"href":"https:\/\/pawz.rs\/en\/wp-json\/wp\/v2\/media?parent=43892"}],"wp:term":[{"taxonomy":"pwb-brand","embeddable":true,"href":"https:\/\/pawz.rs\/en\/wp-json\/wp\/v2\/pwb-brand?post=43892"},{"taxonomy":"product_cat","embeddable":true,"href":"https:\/\/pawz.rs\/en\/wp-json\/wp\/v2\/product_cat?post=43892"},{"taxonomy":"product_tag","embeddable":true,"href":"https:\/\/pawz.rs\/en\/wp-json\/wp\/v2\/product_tag?post=43892"}],"curies":[{"name":"wp","href":"https:\/\/api.w.org\/{rel}","templated":true}]}}