{"id":43894,"date":"2025-07-06T13:39:33","date_gmt":"2025-07-06T11:39:33","guid":{"rendered":"https:\/\/pawz.rs\/?post_type=product&#038;p=43894"},"modified":"2025-07-06T13:40:21","modified_gmt":"2025-07-06T11:40:21","slug":"padovan-mistro-della-salute-20kg","status":"publish","type":"product","link":"https:\/\/pawz.rs\/en\/padovan-mistro-della-salute-20kg\/","title":{"rendered":"Padovan Mistro Della Salute 20kg"},"content":{"rendered":"<p><strong>Padovan Mistro Della Salute 20kg<\/strong><\/p>\n<div class=\"container\">\n<div class=\"col-md-6\">\n<div class=\"tabs-container product_extra product_tabs product_tabs-default\">\n<div class=\"tab-content\">\n<div id=\"product_tabs-68666bf3ea25e\" class=\"product_extra-242 tab-pane active\">\n<div class=\"block-body expand-block\">\n<div class=\"block-wrapper\">\n<div class=\"block-content\">\n<p>Melody Mix je hrana namenjena pticama peva\u010dicama, papagajima i egzoti\u010dnim pticama.<br \/>\nMe\u0161avina vitamina iz semena i livadske trave ima osve\u017eavaju\u0107a i hranjiva svojstva i stimuli\u0161e pevanje kod ptica peva\u010dica. Sastoji se od semenki, povr\u0107a, livadskih trava i biskvita.<br \/>\nPru\u017ea raznovrsnu i uravnote\u017eenu ishranu.<br \/>\nHrana je oboga\u0107ena vitaminima, mineralima i biljnim ekstraktima \u0161to doprinosi zdravlju i vitalnosti.<\/p>\n<p><strong>Sastav<\/strong>: Seme (prirodno): divlja semena (seme \u010dikorije, seme miro\u0111ije, seme bele salate, seme \u0161argarepe, seme maka, seme spana\u0107a), proso 5,4%, niger 4,6%, proso (millet) 4,6%, seme repice i uljane repice 9,1%, laneno seme 4,6%.<\/p>\n<p><strong>ANALITI\u010cKI SASTAV<\/strong>: Ugljeni hidrati 34,0%, Sirove masno\u0107e 18,0%, Sirovi protein 17,0%, Sirova vlakna 17,0%, Vlaga 9%, Sirovi pepeo 5,0%, Fosfor 0,4%, Kalcijum 0,2%.<\/p>\n<p><strong>DODACI po kg<\/strong>: Vitamin A 3800 UI, Vitamin D3 500 UI, Vitamin E (alfa tokoferol 91%) 7 mg.<br \/>\nEnergetska vrednost po Kcal\/kg: 1726 Kcal\/kg.<br \/>\nNivo vitamina zagarantovan je do isteka roka upotrebe.<br \/>\nIzra\u0111eno po proizvo\u0111a\u010dkoj specifikaciji.<\/p>\n<p><strong>UPUTSTVO ZA HRANJENJE:<\/strong> Osigurajte da je u posudi uvek dovoljna koli\u010dina hrane. \u010cista i sve\u017ea voda za pi\u0107e treba da bude uvek dostupna.<\/p>\n<p>Proizvod \u010duvati zatvoren na suvom i hladnom mestu, za\u0161ti\u0107en od insekata.<\/p>\n<p>Pakovanje sadr\u017ei kesu sa hranom upakovanu u za\u0161titnu atmosferu, CO2 i N.<\/p>\n<\/div>\n<\/div>\n<\/div>\n<\/div>\n<\/div>\n<\/div>\n<\/div>\n<\/div>\n<p>Proizvo\u0111a\u010d: Valman s.r.l<br \/>\nCountry of origin: Germany<\/p>\n\n    <div class=\"xs_social_share_widget xs_share_url after_content \t\tmain_content  wslu-style-1 wslu-share-box-shaped wslu-fill-colored wslu-none wslu-share-horizontal wslu-theme-font-no wslu-main_content\">\n\n\t\t\n        <ul>\n\t\t\t        <\/ul>\n    <\/div>","protected":false},"excerpt":{"rendered":"<p><strong>Padovan Mistro Della Salute 20kg<\/strong><\/p>","protected":false},"featured_media":43895,"comment_status":"closed","ping_status":"closed","template":"","meta":{"_acf_changed":false},"pwb-brand":[1362],"product_cat":[1277,1119],"product_tag":[],"class_list":{"0":"post-43894","1":"product","2":"type-product","3":"status-publish","4":"has-post-thumbnail","6":"pwb-brand-padovan","7":"product_cat-hrana-za-ptice","8":"product_cat-ptice","10":"first","11":"instock","12":"taxable","13":"shipping-taxable","14":"purchasable","15":"product-type-simple"},"acf":[],"brands":[{"id":1362,"name":"Padovan","slug":"padovan"}],"_links":{"self":[{"href":"https:\/\/pawz.rs\/en\/wp-json\/wp\/v2\/product\/43894","targetHints":{"allow":["GET"]}}],"collection":[{"href":"https:\/\/pawz.rs\/en\/wp-json\/wp\/v2\/product"}],"about":[{"href":"https:\/\/pawz.rs\/en\/wp-json\/wp\/v2\/types\/product"}],"replies":[{"embeddable":true,"href":"https:\/\/pawz.rs\/en\/wp-json\/wp\/v2\/comments?post=43894"}],"wp:featuredmedia":[{"embeddable":true,"href":"https:\/\/pawz.rs\/en\/wp-json\/wp\/v2\/media\/43895"}],"wp:attachment":[{"href":"https:\/\/pawz.rs\/en\/wp-json\/wp\/v2\/media?parent=43894"}],"wp:term":[{"taxonomy":"pwb-brand","embeddable":true,"href":"https:\/\/pawz.rs\/en\/wp-json\/wp\/v2\/pwb-brand?post=43894"},{"taxonomy":"product_cat","embeddable":true,"href":"https:\/\/pawz.rs\/en\/wp-json\/wp\/v2\/product_cat?post=43894"},{"taxonomy":"product_tag","embeddable":true,"href":"https:\/\/pawz.rs\/en\/wp-json\/wp\/v2\/product_tag?post=43894"}],"curies":[{"name":"wp","href":"https:\/\/api.w.org\/{rel}","templated":true}]}}