{"id":43900,"date":"2025-07-06T13:39:33","date_gmt":"2025-07-06T11:39:33","guid":{"rendered":"https:\/\/pawz.rs\/?post_type=product&#038;p=43900"},"modified":"2025-07-06T13:39:33","modified_gmt":"2025-07-06T11:39:33","slug":"padovan-naturalmix-pappaggalli-18kg","status":"publish","type":"product","link":"https:\/\/pawz.rs\/en\/padovan-naturalmix-pappaggalli-18kg\/","title":{"rendered":"Padovan Naturalmix Pappaggalli 18kg"},"content":{"rendered":"<p><strong>Padovan Naturalmix Pappaggalli 18kg<\/strong><\/p>\n<div class=\"container\">\n<div class=\"col-md-6\">\n<div class=\"tabs-container product_extra product_tabs product_tabs-default\">\n<div class=\"tab-content\">\n<div id=\"product_tabs-68666bf3ea25e\" class=\"product_extra-242 tab-pane active\">\n<div class=\"block-body expand-block\">\n<div class=\"block-wrapper\">\n<div class=\"block-content\">\n<p><strong>POTPUNA HRANA ZA VELIKE PAPIGE (amazonske, psittacidi, kakatua, ara)<\/strong><\/p>\n<p>Me\u0161avina semena i \u017eitarica, sa dehidriranim vo\u0107em i orasima.<\/p>\n<p><strong>SASTAV:<\/strong>\u00a0semena, \u017eitarice, vo\u0107e (7%), orasi (3,5%), \u201apovr\u0107e.<\/p>\n<p><strong>ADITIVI:<\/strong>\u00a0Boje.<\/p>\n<p><strong>NACIN UPOTREBE:<\/strong>\u00a0staviti proizvod u posudu na slobodno raspolaganje \u017eivotinji. Obezbediti svakodnevno sve\u017eu vodu.<\/p>\n<p>Cuvati na sve\u017eem i suvom mestu.<\/p>\n<p>Najbolje upotrebljivo do datuma utisnutog na pakovanju.<\/p>\n<\/div>\n<\/div>\n<\/div>\n<\/div>\n<\/div>\n<\/div>\n<\/div>\n<\/div>\n<p>Proizvo\u0111a\u010d: Valman s.r.l<br \/>\nCountry of origin: Germany<\/p>\n\n    <div class=\"xs_social_share_widget xs_share_url after_content \t\tmain_content  wslu-style-1 wslu-share-box-shaped wslu-fill-colored wslu-none wslu-share-horizontal wslu-theme-font-no wslu-main_content\">\n\n\t\t\n        <ul>\n\t\t\t        <\/ul>\n    <\/div>","protected":false},"excerpt":{"rendered":"<p><strong>Padovan Naturalmix Pappaggalli 18kg<\/strong><\/p>","protected":false},"featured_media":43901,"comment_status":"closed","ping_status":"closed","template":"","meta":{"_acf_changed":false},"pwb-brand":[1362],"product_cat":[1277,1119],"product_tag":[],"class_list":{"0":"post-43900","1":"product","2":"type-product","3":"status-publish","4":"has-post-thumbnail","6":"pwb-brand-padovan","7":"product_cat-hrana-za-ptice","8":"product_cat-ptice","10":"first","11":"instock","12":"taxable","13":"shipping-taxable","14":"purchasable","15":"product-type-simple"},"acf":[],"brands":[{"id":1362,"name":"Padovan","slug":"padovan"}],"_links":{"self":[{"href":"https:\/\/pawz.rs\/en\/wp-json\/wp\/v2\/product\/43900","targetHints":{"allow":["GET"]}}],"collection":[{"href":"https:\/\/pawz.rs\/en\/wp-json\/wp\/v2\/product"}],"about":[{"href":"https:\/\/pawz.rs\/en\/wp-json\/wp\/v2\/types\/product"}],"replies":[{"embeddable":true,"href":"https:\/\/pawz.rs\/en\/wp-json\/wp\/v2\/comments?post=43900"}],"wp:featuredmedia":[{"embeddable":true,"href":"https:\/\/pawz.rs\/en\/wp-json\/wp\/v2\/media\/43901"}],"wp:attachment":[{"href":"https:\/\/pawz.rs\/en\/wp-json\/wp\/v2\/media?parent=43900"}],"wp:term":[{"taxonomy":"pwb-brand","embeddable":true,"href":"https:\/\/pawz.rs\/en\/wp-json\/wp\/v2\/pwb-brand?post=43900"},{"taxonomy":"product_cat","embeddable":true,"href":"https:\/\/pawz.rs\/en\/wp-json\/wp\/v2\/product_cat?post=43900"},{"taxonomy":"product_tag","embeddable":true,"href":"https:\/\/pawz.rs\/en\/wp-json\/wp\/v2\/product_tag?post=43900"}],"curies":[{"name":"wp","href":"https:\/\/api.w.org\/{rel}","templated":true}]}}