{"id":4392,"date":"2023-02-26T19:44:30","date_gmt":"2023-02-26T18:44:30","guid":{"rendered":"https:\/\/pawz.rs\/?post_type=product&#038;p=4392"},"modified":"2023-06-01T15:26:03","modified_gmt":"2023-06-01T13:26:03","slug":"nd-ag-senior-chicken-pomegranate-medium-maxi-12kg","status":"publish","type":"product","link":"https:\/\/pawz.rs\/en\/nd-ag-senior-chicken-pomegranate-medium-maxi-12kg\/","title":{"rendered":"N&#038;D AG Senior Chicken &#038; Pomegranate Medium\/Maxi 12kg"},"content":{"rendered":"<p><strong>N&amp;D Ancestral Grain Senior Chicken &amp; Pomegranate Medium\/Maxi<\/strong><\/p>\n<p>Piletina, spelta, ovas i nar. Kompletna hrana za starije pse.<\/p>\n<p><strong>SASTAV<\/strong><br \/>\nSve\u017ee pile\u0107e meso bez kostiju (20%), dehidrirano pile\u0107e meso (18%), spelta (10%), ovas (10%), pile\u0107a mast, sve\u017ea haringa, dehidrirana haringa, osu\u0161ena cela jaja, suva pulpa cvekle, riblje ulje (haringe), biljna vlakna gra\u0161ka, osu\u0161ena lucerka, osu\u0161ena \u0161argarepa, inulin, fruktooligosaharidi, ekstrakt kvasca (izvor manan-oligosaharida), osu\u0161eni nar (0,5%), osu\u0161ena jabuka, osu\u0161eni spana\u0107, psilijum (0,3%), osu\u0161ena slatka pomorand\u017ea, osu\u0161ena borovnica, natrijum hlorid, suvi pivski kvasac, koren kurkume (0,2%), glukozamin, hondroitin sulfat.<\/p>\n<p><strong>NUTRITIVNI SASTOJCI ADITIVI PO KG<\/strong><br \/>\nHranljivi dodaci: vitamin A 15000 IJ; vitamin D3 1500 IJ; vitamin E 600 mg; vitamin C 150 mg; nijacin 37,5 mg; pantotenska kiselina 15 mg; vitamin B2 7,5 mg; vitamin B6 6 mg; vitamin B1 4,5 mg; vitamin H 0,38 mg; folna kiselina 0,45 mg; vitamin B12 0,1 mg; holin hlorid 2500 mg; beta-karoten 1,5 mg; cink helat analog metionin hidroksilaze 910 mg; mangan helat analog metionin hidroksilaze 380 mg; gvo\u017e\u0111e helat glicin hidrata 250 mg; bakar helat analog metionin hidroksilaze 88 mg; selenizovani inaktivisani kvasac 0,4 mg; DL-metionin 4000 mg; L-lizin HCl 1500 mg; taurin 1500 mg; L-karnitin 400 mg. Organolepti\u010dki dodaci: ekstrakt aloe vere 1000 mg; ekstrakt zelenog \u010daja 100 mg; ekstrakt ruzmarina. Antiokidant: ekstrakti prirodnog porekla bogati tokoferolom.<\/p>\n<p><strong>ANALITI\u010cKI SASTAV<\/strong><br \/>\nSirovi proteini 27%; sirova ulja i masti 15%; sirova vlakna 5%; vlaga 9%; sirovi pepeo 7,70%; kalcijum 1,20%; fosfor 0,85%; omega-6 3%; omega-3 0,7%; DHA 0,4%; EPA 0,25%; glukozamin 1200 mg\/kg; hondroitin sulfat 1000 mg\/kg.<\/p>\n<p><strong>ENERGETSKA VREDNOST<\/strong><br \/>\nEM Kcal\/Kg 3701 &#8211; Mj\/Kg 15,48<\/p>\n<p>Serve food in dry form with available fresh water.<br \/>\nFor your pet&#039;s health, consult a veterinarian regularly.<\/p>\n<p>Store the product in a dry, dark and cool place.<\/p>\n<p>Proizvo\u0111a\u010d: Farmina Pet Foods, In\u0111ija, Srbija<br \/>\nZemlja porekla: Srbija<\/p>\n\n    <div class=\"xs_social_share_widget xs_share_url after_content \t\tmain_content  wslu-style-1 wslu-share-box-shaped wslu-fill-colored wslu-none wslu-share-horizontal wslu-theme-font-no wslu-main_content\">\n\n\t\t\n        <ul>\n\t\t\t        <\/ul>\n    <\/div>","protected":false},"excerpt":{"rendered":"<p>N&amp;D AG Senior Chicken &amp; Pomegranate Medium\/Maxi &#8211; Piletina, spelta, ovas i nar. Kompletna hrana za starije pse.<\/p>","protected":false},"featured_media":4393,"comment_status":"open","ping_status":"closed","template":"","meta":{"_acf_changed":false},"pwb-brand":[309,311],"product_cat":[49,47,48],"product_tag":[],"class_list":{"0":"post-4392","1":"product","2":"type-product","3":"status-publish","4":"has-post-thumbnail","6":"pwb-brand-nd-natural-delicious","7":"pwb-brand-nd-natural-delicious-hrana-za-pse","8":"product_cat-granule-za-pse","9":"product_cat-psi","10":"product_cat-hrana-za-pse","12":"first","13":"instock","14":"taxable","15":"shipping-taxable","16":"purchasable","17":"product-type-simple"},"acf":[],"brands":[{"id":309,"name":"N&amp;D - Natural &amp; Delicious","slug":"nd-natural-delicious"},{"id":311,"name":"N&amp;D \u2013 Natural &amp; Delicious Dog Food","slug":"nd-natural-delicious-hrana-za-pse"}],"_links":{"self":[{"href":"https:\/\/pawz.rs\/en\/wp-json\/wp\/v2\/product\/4392","targetHints":{"allow":["GET"]}}],"collection":[{"href":"https:\/\/pawz.rs\/en\/wp-json\/wp\/v2\/product"}],"about":[{"href":"https:\/\/pawz.rs\/en\/wp-json\/wp\/v2\/types\/product"}],"replies":[{"embeddable":true,"href":"https:\/\/pawz.rs\/en\/wp-json\/wp\/v2\/comments?post=4392"}],"wp:featuredmedia":[{"embeddable":true,"href":"https:\/\/pawz.rs\/en\/wp-json\/wp\/v2\/media\/4393"}],"wp:attachment":[{"href":"https:\/\/pawz.rs\/en\/wp-json\/wp\/v2\/media?parent=4392"}],"wp:term":[{"taxonomy":"pwb-brand","embeddable":true,"href":"https:\/\/pawz.rs\/en\/wp-json\/wp\/v2\/pwb-brand?post=4392"},{"taxonomy":"product_cat","embeddable":true,"href":"https:\/\/pawz.rs\/en\/wp-json\/wp\/v2\/product_cat?post=4392"},{"taxonomy":"product_tag","embeddable":true,"href":"https:\/\/pawz.rs\/en\/wp-json\/wp\/v2\/product_tag?post=4392"}],"curies":[{"name":"wp","href":"https:\/\/api.w.org\/{rel}","templated":true}]}}