{"id":43921,"date":"2025-07-06T14:01:21","date_gmt":"2025-07-06T12:01:21","guid":{"rendered":"https:\/\/pawz.rs\/?post_type=product&#038;p=43921"},"modified":"2025-07-06T14:01:21","modified_gmt":"2025-07-06T12:01:21","slug":"padovan-ocean-fresh-air","status":"publish","type":"product","link":"https:\/\/pawz.rs\/en\/padovan-ocean-fresh-air\/","title":{"rendered":"Padovan Ocean Fresh Air"},"content":{"rendered":"<p><strong>Padovan Ocean Fresh Air<\/p>\n<p>HIGIJENSKI GRANULAT sa MLEVENIM \u0160KOLJKAMA KAMENICE, AROMATIZIRAN ANI\u0161OM<\/strong><\/p>\n<p>Ocean je sastav od sterilisanog peska bez pra\u0161ine, aromatiziran ani\u0161om, obogacen morskim mlevenim \u0161koljkama. Osim osiguravanja higijene i sve\u017eine kaveza, zobanje komadica \u0161koljaka i cestica kvarca poma\u017ee pticama drobljenje hrane.<\/p>\n<p><strong>NACIN UPOTREBE:<\/strong>posle \u010di\u0161\u0107enja dna kaveza, pokriti ga slojem peska Ocean, menjati \u010distim proizvodom po potrebi.<\/p>\n<p>Cuvati na sve\u017eem i suvom mestu.<\/p>\n<p>Proizvo\u0111a\u010d: Valman s.r.l<br \/>\nCountry of origin: Germany<\/p>\n\n    <div class=\"xs_social_share_widget xs_share_url after_content \t\tmain_content  wslu-style-1 wslu-share-box-shaped wslu-fill-colored wslu-none wslu-share-horizontal wslu-theme-font-no wslu-main_content\">\n\n\t\t\n        <ul>\n\t\t\t        <\/ul>\n    <\/div>","protected":false},"excerpt":{"rendered":"<p><strong>Padovan Ocean Fresh Air<\/p>\n<p><\/strong><\/p>","protected":false},"featured_media":43925,"comment_status":"closed","ping_status":"closed","template":"","meta":{"_acf_changed":false},"pwb-brand":[1362],"product_cat":[1277,1119],"product_tag":[],"class_list":{"0":"post-43921","1":"product","2":"type-product","3":"status-publish","4":"has-post-thumbnail","6":"pwb-brand-padovan","7":"product_cat-hrana-za-ptice","8":"product_cat-ptice","10":"first","11":"instock","12":"taxable","13":"shipping-taxable","14":"purchasable","15":"product-type-variable","16":"has-default-attributes"},"acf":[],"brands":[{"id":1362,"name":"Padovan","slug":"padovan"}],"_links":{"self":[{"href":"https:\/\/pawz.rs\/en\/wp-json\/wp\/v2\/product\/43921","targetHints":{"allow":["GET"]}}],"collection":[{"href":"https:\/\/pawz.rs\/en\/wp-json\/wp\/v2\/product"}],"about":[{"href":"https:\/\/pawz.rs\/en\/wp-json\/wp\/v2\/types\/product"}],"replies":[{"embeddable":true,"href":"https:\/\/pawz.rs\/en\/wp-json\/wp\/v2\/comments?post=43921"}],"wp:featuredmedia":[{"embeddable":true,"href":"https:\/\/pawz.rs\/en\/wp-json\/wp\/v2\/media\/43925"}],"wp:attachment":[{"href":"https:\/\/pawz.rs\/en\/wp-json\/wp\/v2\/media?parent=43921"}],"wp:term":[{"taxonomy":"pwb-brand","embeddable":true,"href":"https:\/\/pawz.rs\/en\/wp-json\/wp\/v2\/pwb-brand?post=43921"},{"taxonomy":"product_cat","embeddable":true,"href":"https:\/\/pawz.rs\/en\/wp-json\/wp\/v2\/product_cat?post=43921"},{"taxonomy":"product_tag","embeddable":true,"href":"https:\/\/pawz.rs\/en\/wp-json\/wp\/v2\/product_tag?post=43921"}],"curies":[{"name":"wp","href":"https:\/\/api.w.org\/{rel}","templated":true}]}}