{"id":43933,"date":"2025-07-06T14:01:21","date_gmt":"2025-07-06T12:01:21","guid":{"rendered":"https:\/\/pawz.rs\/?post_type=product&#038;p=43933"},"modified":"2025-07-06T14:01:22","modified_gmt":"2025-07-06T12:01:22","slug":"padovan-ovomix-gold-giallo-zuti","status":"publish","type":"product","link":"https:\/\/pawz.rs\/en\/padovan-ovomix-gold-giallo-zuti\/","title":{"rendered":"Padovan Ovomix Gold Giallo \u017duti"},"content":{"rendered":"<p><strong>Padovan Ovomix Gold Giallo \u017duti<\/strong><\/p>\n<div class=\"container\">\n<div class=\"col-md-6\">\n<div class=\"tabs-container product_extra product_tabs product_tabs-default\">\n<div class=\"tab-content\">\n<div id=\"product_tabs-68666bf3ea25e\" class=\"product_extra-242 tab-pane active\">\n<div class=\"block-body expand-block\">\n<div class=\"block-wrapper\">\n<div class=\"block-content\">\n<p><strong>DOPUNSKA HRANA ZA PTICE ZRNOJEDE<\/strong><\/p>\n<p>\u017duta, meka, jajcana hrana kao dodatak osnovnoj prehrani \u2013 slu\u017ei za pove\u0107anje unosa hranjivih supstance u posebnim fazama \u017eivota ptica zrnojeda (mitarenje i reprodukcija) ili u periodima kad je \u017eivotinja pod stresom. Takoder korisna kao dodatak svakodnevnoj prehrani.<\/p>\n<p><strong>SASTAV: <\/strong>pekarski proizvodi, ulja i masno\u0107e, \u017eitarice, razni \u0161eceri (med 1%), jaja i preradjevine od jaja (jaje 4%), minerali, semenke, sorbitol, biljni proteinski ekstrakti, vo\u0107e (jabuka 0,5%).<\/p>\n<p><strong>ADITIVI PO KG:<\/strong>\u00a0Hranjivi aditivi<strong>:<\/strong>\u00a0A vitamin 19000 IJ, D3 vitamin 600 IJ, E vitamin 8 mg, L-lizin (3c322) 400 mg, DL-metionin (3c301) 400 mg. Boje, antioksidansi.<\/p>\n<p><strong>NACIN UPOTREBE: <\/strong>sipati u posudicu kolicinu dovoljnu za zadovoljavanje dnevne potrebe i ostaviti na slobodno raspolaganje pticice, bolje ako u dnevnoj kolicini. Davati svaki dan sve\u017eu i \u010distu vodu.<\/p>\n<p>Cuvati na sve\u017eem i suvom mestu.<\/p>\n<p><strong>SPAKOVANO U ZA\u0160TICENOJ ATMOSFERI<\/strong><\/p>\n<p>Najbolje upotrebljivo do datuma utisnutog na pakovanju.<\/p>\n<\/div>\n<\/div>\n<\/div>\n<\/div>\n<\/div>\n<\/div>\n<\/div>\n<\/div>\n<p>Proizvo\u0111a\u010d: Valman s.r.l<br \/>\nCountry of origin: Germany<\/p>\n\n    <div class=\"xs_social_share_widget xs_share_url after_content \t\tmain_content  wslu-style-1 wslu-share-box-shaped wslu-fill-colored wslu-none wslu-share-horizontal wslu-theme-font-no wslu-main_content\">\n\n\t\t\n        <ul>\n\t\t\t        <\/ul>\n    <\/div>","protected":false},"excerpt":{"rendered":"<p><strong>Padovan Ovomix Gold Giallo \u017duti<\/strong><\/p>","protected":false},"featured_media":43934,"comment_status":"closed","ping_status":"closed","template":"","meta":{"_acf_changed":false},"pwb-brand":[1362],"product_cat":[1277,1119],"product_tag":[],"class_list":{"0":"post-43933","1":"product","2":"type-product","3":"status-publish","4":"has-post-thumbnail","6":"pwb-brand-padovan","7":"product_cat-hrana-za-ptice","8":"product_cat-ptice","10":"first","11":"instock","12":"taxable","13":"shipping-taxable","14":"purchasable","15":"product-type-variable","16":"has-default-attributes"},"acf":[],"brands":[{"id":1362,"name":"Padovan","slug":"padovan"}],"_links":{"self":[{"href":"https:\/\/pawz.rs\/en\/wp-json\/wp\/v2\/product\/43933","targetHints":{"allow":["GET"]}}],"collection":[{"href":"https:\/\/pawz.rs\/en\/wp-json\/wp\/v2\/product"}],"about":[{"href":"https:\/\/pawz.rs\/en\/wp-json\/wp\/v2\/types\/product"}],"replies":[{"embeddable":true,"href":"https:\/\/pawz.rs\/en\/wp-json\/wp\/v2\/comments?post=43933"}],"wp:featuredmedia":[{"embeddable":true,"href":"https:\/\/pawz.rs\/en\/wp-json\/wp\/v2\/media\/43934"}],"wp:attachment":[{"href":"https:\/\/pawz.rs\/en\/wp-json\/wp\/v2\/media?parent=43933"}],"wp:term":[{"taxonomy":"pwb-brand","embeddable":true,"href":"https:\/\/pawz.rs\/en\/wp-json\/wp\/v2\/pwb-brand?post=43933"},{"taxonomy":"product_cat","embeddable":true,"href":"https:\/\/pawz.rs\/en\/wp-json\/wp\/v2\/product_cat?post=43933"},{"taxonomy":"product_tag","embeddable":true,"href":"https:\/\/pawz.rs\/en\/wp-json\/wp\/v2\/product_tag?post=43933"}],"curies":[{"name":"wp","href":"https:\/\/api.w.org\/{rel}","templated":true}]}}