{"id":43973,"date":"2025-07-06T13:39:31","date_gmt":"2025-07-06T11:39:31","guid":{"rendered":"https:\/\/pawz.rs\/?post_type=product&#038;p=43973"},"modified":"2025-07-06T13:39:32","modified_gmt":"2025-07-06T11:39:32","slug":"padovan-reddix-karotin-za-ukrasne-ptice-30g","status":"publish","type":"product","link":"https:\/\/pawz.rs\/en\/padovan-reddix-karotin-za-ukrasne-ptice-30g\/","title":{"rendered":"Padovan Reddix Karotin za Ukrasne Ptice 30g"},"content":{"rendered":"<p><strong>Padovan Reddix Karotin za Ukrasne Ptice 30g<\/strong><\/p>\n<div class=\"container\">\n<div class=\"col-md-6\">\n<div class=\"tabs-container product_extra product_tabs product_tabs-default\">\n<div class=\"tab-content\">\n<div id=\"product_tabs-68666bf3ea25e\" class=\"product_extra-242 tab-pane active\">\n<div class=\"block-body expand-block\">\n<div class=\"block-wrapper\">\n<div class=\"block-content\">\n<p><strong>DOPUNSKA PIGMENTIRAJUCA HRANA ZA PTICE ZRNOJEDE<\/strong><\/p>\n<p>Pigmentirajuca hrana za ptice sa crvenim perjem, kao \u0161to su kanarinci sa crvenim faktorom, crveni kardinali, zimovke. Poma\u017ee odr\u017eavanje i intenziviranje crvene boje perja, koje bi inace imalo tendenciju posveliti.<\/p>\n<p><strong>SASTAV:<\/strong>\u00a0\u017eitarice, \u0161eceri.<\/p>\n<p><strong>ADITIVI PO KG:<\/strong>\u00a0Hranjivi aditivi: betakaroten 32.000 mg, DL-metionin (3c301) 80.000 mg. Boje: ksantaksantin 10.000 mg. Konzervansi.<\/p>\n<p><strong>NACIN UPOTREBE:<\/strong>\u00a0pa\u017eljivo prome\u0161ajte smesu, u omeru 10 grama za kg hrane, odnosno 1 merica za 60 gr hrane, za vreme mitarenja ili dve nedelje PRE no\u0161enja jaja. Kod ptica za izlo\u017ebu, savetujemo svakodnevnu primenu.<\/p>\n<p>Cuvati na sve\u017eem i suvom mestu.<\/p>\n<p>Najbolje upotrebljivo do datuma utisnutog na pakovanju.<\/p>\n<\/div>\n<\/div>\n<\/div>\n<\/div>\n<\/div>\n<\/div>\n<\/div>\n<\/div>\n<p>Proizvo\u0111a\u010d: Valman s.r.l<br \/>\nCountry of origin: Germany<\/p>\n\n    <div class=\"xs_social_share_widget xs_share_url after_content \t\tmain_content  wslu-style-1 wslu-share-box-shaped wslu-fill-colored wslu-none wslu-share-horizontal wslu-theme-font-no wslu-main_content\">\n\n\t\t\n        <ul>\n\t\t\t        <\/ul>\n    <\/div>","protected":false},"excerpt":{"rendered":"<p><strong>Padovan Reddix Karotin za Ukrasne Ptice 30g<\/strong><\/p>","protected":false},"featured_media":43976,"comment_status":"closed","ping_status":"closed","template":"","meta":{"_acf_changed":false},"pwb-brand":[1362],"product_cat":[1280,1119],"product_tag":[],"class_list":{"0":"post-43973","1":"product","2":"type-product","3":"status-publish","4":"has-post-thumbnail","6":"pwb-brand-padovan","7":"product_cat-dodaci-ishrani-za-ptice","8":"product_cat-ptice","10":"first","11":"instock","12":"taxable","13":"shipping-taxable","14":"purchasable","15":"product-type-simple"},"acf":[],"brands":[{"id":1362,"name":"Padovan","slug":"padovan"}],"_links":{"self":[{"href":"https:\/\/pawz.rs\/en\/wp-json\/wp\/v2\/product\/43973","targetHints":{"allow":["GET"]}}],"collection":[{"href":"https:\/\/pawz.rs\/en\/wp-json\/wp\/v2\/product"}],"about":[{"href":"https:\/\/pawz.rs\/en\/wp-json\/wp\/v2\/types\/product"}],"replies":[{"embeddable":true,"href":"https:\/\/pawz.rs\/en\/wp-json\/wp\/v2\/comments?post=43973"}],"wp:featuredmedia":[{"embeddable":true,"href":"https:\/\/pawz.rs\/en\/wp-json\/wp\/v2\/media\/43976"}],"wp:attachment":[{"href":"https:\/\/pawz.rs\/en\/wp-json\/wp\/v2\/media?parent=43973"}],"wp:term":[{"taxonomy":"pwb-brand","embeddable":true,"href":"https:\/\/pawz.rs\/en\/wp-json\/wp\/v2\/pwb-brand?post=43973"},{"taxonomy":"product_cat","embeddable":true,"href":"https:\/\/pawz.rs\/en\/wp-json\/wp\/v2\/product_cat?post=43973"},{"taxonomy":"product_tag","embeddable":true,"href":"https:\/\/pawz.rs\/en\/wp-json\/wp\/v2\/product_tag?post=43973"}],"curies":[{"name":"wp","href":"https:\/\/api.w.org\/{rel}","templated":true}]}}