{"id":44026,"date":"2025-07-06T14:01:24","date_gmt":"2025-07-06T12:01:24","guid":{"rendered":"https:\/\/pawz.rs\/?post_type=product&#038;p=44026"},"modified":"2026-02-04T22:21:47","modified_gmt":"2026-02-04T21:21:47","slug":"padovan-sanipet-posip-za-male-zivotinje","status":"publish","type":"product","link":"https:\/\/pawz.rs\/en\/padovan-sanipet-posip-za-male-zivotinje\/","title":{"rendered":"Padovan Sanipet Posip Za Male \u017divotinje"},"content":{"rendered":"<p><strong>Padovan Sanipet Posip Za Male \u017divotinje<\/strong><\/p>\n<div class=\"container\">\n<div class=\"col-md-6\">\n<div class=\"tabs-container product_extra product_tabs product_tabs-default\">\n<div class=\"tab-content\">\n<div id=\"product_tabs-68666bf3ea25e\" class=\"product_extra-242 tab-pane active\">\n<div class=\"block-body expand-block\">\n<div class=\"block-wrapper\">\n<div class=\"block-content\">\n<p><strong>HIGIJENSKI PESAK OD ZRNA KUKURUZNIH KLIPOVA, AROMATIZIRAN LIMUNOM<\/strong><\/p>\n<p>Osu\u0161ena zrna kukuruznih klipova odli\u010dna su kao higijenski biorastvoriv pesak za male \u017eivotinje, posebno za ptice, gmizavce i glodare. Postupak jaceg su\u0161enja zrna znatno pove\u0107ava apsorpciju (138 % na te\u017eini vode), osim toga posebna sundjerasta struktura, ne samo zadr\u017eava tecnost, ali i smanjuje \u0161irenje mirisa. Dobro \u010di\u0161\u0107enje zrna od sitnih cestica i od pra\u0161ine, izbegava da se zrna lepe na telo \u017eivotinje, odr\u017eavaju\u0107i tako \u010distocu va\u0161e kuce. Posle UPOTREBE sanipet mo\u017ee slu\u017eiti kao odli\u010dno gnojivo.<\/p>\n<p><strong>NACIN UPOTREBE: <\/strong>posipati proizvod na dno kaveza ili terariuma, menjaju\u0107i ga po potrebi.<\/p>\n<\/div>\n<\/div>\n<\/div>\n<\/div>\n<\/div>\n<\/div>\n<\/div>\n<\/div>\n<p>Proizvo\u0111a\u010d: Valman s.r.l<br \/>\nCountry of origin: Germany<\/p>\n\n    <div class=\"xs_social_share_widget xs_share_url after_content \t\tmain_content  wslu-style-1 wslu-share-box-shaped wslu-fill-colored wslu-none wslu-share-horizontal wslu-theme-font-no wslu-main_content\">\n\n\t\t\n        <ul>\n\t\t\t        <\/ul>\n    <\/div>","protected":false},"excerpt":{"rendered":"<p><strong>Padovan Sanipet Posip Za Male \u017divotinje<\/strong><\/p>","protected":false},"featured_media":44027,"comment_status":"closed","ping_status":"closed","template":"","meta":{"_acf_changed":false},"pwb-brand":[1362],"product_cat":[1010,1030,986,1106,1108,1109,1110,1107,988,1007,1281,1119,987],"product_tag":[],"class_list":{"0":"post-44026","1":"product","2":"type-product","3":"status-publish","4":"has-post-thumbnail","6":"pwb-brand-padovan","7":"product_cat-cincila","8":"product_cat-feretka","9":"product_cat-glodari","10":"product_cat-higijena-za-cincile","11":"product_cat-higijena-za-feretke","12":"product_cat-higijena-za-hrcke","13":"product_cat-higijena-za-morsko-prase","14":"product_cat-higijena-za-zeceve","15":"product_cat-hrcci","16":"product_cat-morsko-prase","17":"product_cat-oprema-higijena-za-ptice","18":"product_cat-ptice","19":"product_cat-zecevi","21":"first","22":"instock","23":"taxable","24":"shipping-taxable","25":"purchasable","26":"product-type-variable","27":"has-default-attributes"},"acf":[],"brands":[{"id":1362,"name":"Padovan","slug":"padovan"}],"_links":{"self":[{"href":"https:\/\/pawz.rs\/en\/wp-json\/wp\/v2\/product\/44026","targetHints":{"allow":["GET"]}}],"collection":[{"href":"https:\/\/pawz.rs\/en\/wp-json\/wp\/v2\/product"}],"about":[{"href":"https:\/\/pawz.rs\/en\/wp-json\/wp\/v2\/types\/product"}],"replies":[{"embeddable":true,"href":"https:\/\/pawz.rs\/en\/wp-json\/wp\/v2\/comments?post=44026"}],"wp:featuredmedia":[{"embeddable":true,"href":"https:\/\/pawz.rs\/en\/wp-json\/wp\/v2\/media\/44027"}],"wp:attachment":[{"href":"https:\/\/pawz.rs\/en\/wp-json\/wp\/v2\/media?parent=44026"}],"wp:term":[{"taxonomy":"pwb-brand","embeddable":true,"href":"https:\/\/pawz.rs\/en\/wp-json\/wp\/v2\/pwb-brand?post=44026"},{"taxonomy":"product_cat","embeddable":true,"href":"https:\/\/pawz.rs\/en\/wp-json\/wp\/v2\/product_cat?post=44026"},{"taxonomy":"product_tag","embeddable":true,"href":"https:\/\/pawz.rs\/en\/wp-json\/wp\/v2\/product_tag?post=44026"}],"curies":[{"name":"wp","href":"https:\/\/api.w.org\/{rel}","templated":true}]}}