{"id":44116,"date":"2025-07-06T14:01:26","date_gmt":"2025-07-06T12:01:26","guid":{"rendered":"https:\/\/pawz.rs\/?post_type=product&#038;p=44116"},"modified":"2026-03-24T10:50:57","modified_gmt":"2026-03-24T09:50:57","slug":"padovan-stix-energy-posza-egzoticne-ptice-80g","status":"publish","type":"product","link":"https:\/\/pawz.rs\/en\/padovan-stix-energy-posza-egzoticne-ptice-80g\/","title":{"rendered":"Padovan Stix Energy Posza Egzoti\u010dne Ptice 80g"},"content":{"rendered":"<p><strong>Padovan Stix Energy Posza Egzoti\u010dne Ptice 80g<\/strong><\/p>\n<div class=\"container\">\n<div class=\"col-md-6\">\n<div class=\"tabs-container product_extra product_tabs product_tabs-default\">\n<div class=\"tab-content\">\n<div id=\"product_tabs-68666bf3ea25e\" class=\"product_extra-242 tab-pane active\">\n<div class=\"block-body expand-block\">\n<div class=\"block-wrapper\">\n<div class=\"block-content\">\n<p>Dopunska hrana za papagaje i male egzoti\u010dne ptice. Mrvi\u010dasto pe\u010deni \u0161tapi\u0107i sa jajima bogatim aminokiselinama i mlevenim ljuskama, koji se daju kao dodatak normalnoj prehrani ptica.<\/p>\n<p><strong>Sastav<\/strong>: \u017ditarice, semena, jaja i derivati jaja (jaja 4%), minerali (zdrobljene \u0161koljke 2%), pekarski proizvodi, razni \u0161e\u0107eri.<\/p>\n<p><strong>Na\u010din upotrebe<\/strong>: Ostavite \u0161tapi\u0107 pri\u010dvr\u0161\u0107en unutar kaveza kako bi ptica jela po volji.<\/p>\n<p>Dr\u017eati na suvom mestu.<\/p>\n<\/div>\n<\/div>\n<\/div>\n<\/div>\n<\/div>\n<\/div>\n<\/div>\n<\/div>\n<p>Proizvo\u0111a\u010d: Valman s.r.l<br \/>\nCountry of origin: Germany<\/p>\n\n    <div class=\"xs_social_share_widget xs_share_url after_content \t\tmain_content  wslu-style-1 wslu-share-box-shaped wslu-fill-colored wslu-none wslu-share-horizontal wslu-theme-font-no wslu-main_content\">\n\n\t\t\n        <ul>\n\t\t\t        <\/ul>\n    <\/div>","protected":false},"excerpt":{"rendered":"<p><strong>Padovan Stix Energy Posza Egzoti\u010dne Ptice 80g<\/strong><\/p>","protected":false},"featured_media":44117,"comment_status":"closed","ping_status":"closed","template":"","meta":{"_acf_changed":false},"pwb-brand":[1362],"product_cat":[1277,1278,1119],"product_tag":[],"class_list":{"0":"post-44116","1":"product","2":"type-product","3":"status-publish","4":"has-post-thumbnail","6":"pwb-brand-padovan","7":"product_cat-hrana-za-ptice","8":"product_cat-poslastice-za-ptice","9":"product_cat-ptice","11":"first","12":"instock","13":"taxable","14":"shipping-taxable","15":"purchasable","16":"product-type-simple"},"acf":[],"brands":[{"id":1362,"name":"Padovan","slug":"padovan"}],"_links":{"self":[{"href":"https:\/\/pawz.rs\/en\/wp-json\/wp\/v2\/product\/44116","targetHints":{"allow":["GET"]}}],"collection":[{"href":"https:\/\/pawz.rs\/en\/wp-json\/wp\/v2\/product"}],"about":[{"href":"https:\/\/pawz.rs\/en\/wp-json\/wp\/v2\/types\/product"}],"replies":[{"embeddable":true,"href":"https:\/\/pawz.rs\/en\/wp-json\/wp\/v2\/comments?post=44116"}],"wp:featuredmedia":[{"embeddable":true,"href":"https:\/\/pawz.rs\/en\/wp-json\/wp\/v2\/media\/44117"}],"wp:attachment":[{"href":"https:\/\/pawz.rs\/en\/wp-json\/wp\/v2\/media?parent=44116"}],"wp:term":[{"taxonomy":"pwb-brand","embeddable":true,"href":"https:\/\/pawz.rs\/en\/wp-json\/wp\/v2\/pwb-brand?post=44116"},{"taxonomy":"product_cat","embeddable":true,"href":"https:\/\/pawz.rs\/en\/wp-json\/wp\/v2\/product_cat?post=44116"},{"taxonomy":"product_tag","embeddable":true,"href":"https:\/\/pawz.rs\/en\/wp-json\/wp\/v2\/product_tag?post=44116"}],"curies":[{"name":"wp","href":"https:\/\/api.w.org\/{rel}","templated":true}]}}