{"id":44118,"date":"2025-07-06T14:01:27","date_gmt":"2025-07-06T12:01:27","guid":{"rendered":"https:\/\/pawz.rs\/?post_type=product&#038;p=44118"},"modified":"2026-03-24T10:50:55","modified_gmt":"2026-03-24T09:50:55","slug":"padovan-stix-herbs-kanarinci-80g","status":"publish","type":"product","link":"https:\/\/pawz.rs\/en\/padovan-stix-herbs-kanarinci-80g\/","title":{"rendered":"Padovan Stix Herbs Kanarinci 80g"},"content":{"rendered":"<p><strong>Padovan Stix Herbs Kanarinci 80g<\/strong><\/p>\n<div class=\"container\">\n<div class=\"col-md-6\">\n<div class=\"tabs-container product_extra product_tabs product_tabs-default\">\n<div class=\"tab-content\">\n<div id=\"product_tabs-68666bf3ea25e\" class=\"product_extra-242 tab-pane active\">\n<div class=\"block-body expand-block\">\n<div class=\"block-wrapper\">\n<div class=\"block-content\">\n<p><strong>DOPUNSKA KRMNA SMESA ZA KANARINCE I CE\u0160LJUGARE<\/strong><\/p>\n<p>Hrskavi peceni \u0161tapi\u0107i, sa semenkama vrtnih biljaka, ponuditi ih kao dodatak dnevnoj pticjoj prehrani.<\/p>\n<p><strong>SASTAV:<\/strong>\u00a0semenke (bela salata 1%, komorac 1%), \u017eitarice, pekarski proizvodi, razni \u0161eceri, vo\u0107e (naranca 1,5%), minerali.<\/p>\n<p><strong>ADITIVI:<\/strong>\u00a0Boje.<\/p>\n<p><strong>NACIN UPOTREBE:<\/strong>\u00a0ostaviti pri\u010dvr\u0161\u0107eni \u0161tapi\u0107 u kavez, na slobodno kori\u0161cenje pticice.<\/p>\n<p>Najbolje upotrebiti do datuma utisnutog na pakovanju.<\/p>\n<p><strong>SPAKOVANO U ZA\u0160TICENOJ ATMOSFERI<\/strong><\/p>\n<p>Dr\u017eati na suvom mestu.<\/p>\n<\/div>\n<\/div>\n<\/div>\n<\/div>\n<\/div>\n<\/div>\n<\/div>\n<\/div>\n<p>Proizvo\u0111a\u010d: Valman s.r.l<br \/>\nCountry of origin: Germany<\/p>\n\n    <div class=\"xs_social_share_widget xs_share_url after_content \t\tmain_content  wslu-style-1 wslu-share-box-shaped wslu-fill-colored wslu-none wslu-share-horizontal wslu-theme-font-no wslu-main_content\">\n\n\t\t\n        <ul>\n\t\t\t        <\/ul>\n    <\/div>","protected":false},"excerpt":{"rendered":"<p><strong>Padovan Stix Herbs Kanarinci 80g<\/strong><\/p>","protected":false},"featured_media":44119,"comment_status":"closed","ping_status":"closed","template":"","meta":{"_acf_changed":false},"pwb-brand":[1362],"product_cat":[1277,1278,1119],"product_tag":[],"class_list":{"0":"post-44118","1":"product","2":"type-product","3":"status-publish","4":"has-post-thumbnail","6":"pwb-brand-padovan","7":"product_cat-hrana-za-ptice","8":"product_cat-poslastice-za-ptice","9":"product_cat-ptice","11":"first","12":"instock","13":"taxable","14":"shipping-taxable","15":"purchasable","16":"product-type-simple"},"acf":[],"brands":[{"id":1362,"name":"Padovan","slug":"padovan"}],"_links":{"self":[{"href":"https:\/\/pawz.rs\/en\/wp-json\/wp\/v2\/product\/44118","targetHints":{"allow":["GET"]}}],"collection":[{"href":"https:\/\/pawz.rs\/en\/wp-json\/wp\/v2\/product"}],"about":[{"href":"https:\/\/pawz.rs\/en\/wp-json\/wp\/v2\/types\/product"}],"replies":[{"embeddable":true,"href":"https:\/\/pawz.rs\/en\/wp-json\/wp\/v2\/comments?post=44118"}],"wp:featuredmedia":[{"embeddable":true,"href":"https:\/\/pawz.rs\/en\/wp-json\/wp\/v2\/media\/44119"}],"wp:attachment":[{"href":"https:\/\/pawz.rs\/en\/wp-json\/wp\/v2\/media?parent=44118"}],"wp:term":[{"taxonomy":"pwb-brand","embeddable":true,"href":"https:\/\/pawz.rs\/en\/wp-json\/wp\/v2\/pwb-brand?post=44118"},{"taxonomy":"product_cat","embeddable":true,"href":"https:\/\/pawz.rs\/en\/wp-json\/wp\/v2\/product_cat?post=44118"},{"taxonomy":"product_tag","embeddable":true,"href":"https:\/\/pawz.rs\/en\/wp-json\/wp\/v2\/product_tag?post=44118"}],"curies":[{"name":"wp","href":"https:\/\/api.w.org\/{rel}","templated":true}]}}