{"id":44149,"date":"2025-07-06T14:01:59","date_gmt":"2025-07-06T12:01:59","guid":{"rendered":"https:\/\/pawz.rs\/?post_type=product&#038;p=44149"},"modified":"2026-03-24T10:50:50","modified_gmt":"2026-03-24T09:50:50","slug":"padovan-tartabel-balzam-za-oci-kornjaca-30ml","status":"publish","type":"product","link":"https:\/\/pawz.rs\/en\/padovan-tartabel-balzam-za-oci-kornjaca-30ml\/","title":{"rendered":"Padovan Tartabel Balzam za O\u010di Kornja\u010da 30ml"},"content":{"rendered":"<p><strong>Padovan Tartabel Balzam za O\u010di Kornja\u010da 30ml<\/strong><\/p>\n<div class=\"container\">\n<div class=\"col-md-6\">\n<div class=\"tabs-container product_extra product_tabs product_tabs-default\">\n<div class=\"tab-content\">\n<div id=\"product_tabs-68666bf3ea25e\" class=\"product_extra-242 tab-pane active\">\n<div class=\"block-body expand-block\">\n<div class=\"block-wrapper\">\n<div class=\"block-content\">\n<p><strong>LOSION ZA CI\u0160CENJE OCIJU KORNJA\u010cA<\/strong><\/p>\n<p><strong>UPUTSTVO<\/strong>: omek\u0161avaju\u0107i losion za \u010di\u0161\u0107enje ociju kornjaca kod oteklih i zatvorenh ocnih kapaka.<\/p>\n<p><strong>UPOTREBA<\/strong>: \u010distiti oci sa vatom upijenom losionom.<\/p>\n<p>PRE UPOTREBE PROME\u0160ATI.<\/p>\n<p>Dr\u017eati na suvom mestu.<\/p>\n<\/div>\n<\/div>\n<\/div>\n<\/div>\n<\/div>\n<\/div>\n<\/div>\n<\/div>\n<p>Proizvo\u0111a\u010d: Valman s.r.l<br \/>\nCountry of origin: Germany<\/p>\n\n    <div class=\"xs_social_share_widget xs_share_url after_content \t\tmain_content  wslu-style-1 wslu-share-box-shaped wslu-fill-colored wslu-none wslu-share-horizontal wslu-theme-font-no wslu-main_content\">\n\n\t\t\n        <ul>\n\t\t\t        <\/ul>\n    <\/div>","protected":false},"excerpt":{"rendered":"<p><strong>Padovan Tartabel Balzam za O\u010di Kornja\u010da 30ml<\/strong><\/p>","protected":false},"featured_media":44150,"comment_status":"closed","ping_status":"closed","template":"","meta":{"_acf_changed":false},"pwb-brand":[1362],"product_cat":[993,1001],"product_tag":[],"class_list":{"0":"post-44149","1":"product","2":"type-product","3":"status-publish","4":"has-post-thumbnail","6":"pwb-brand-padovan","7":"product_cat-akvaristika","8":"product_cat-nega-i-odrzavanje","10":"first","11":"instock","12":"taxable","13":"shipping-taxable","14":"purchasable","15":"product-type-simple"},"acf":[],"brands":[{"id":1362,"name":"Padovan","slug":"padovan"}],"_links":{"self":[{"href":"https:\/\/pawz.rs\/en\/wp-json\/wp\/v2\/product\/44149","targetHints":{"allow":["GET"]}}],"collection":[{"href":"https:\/\/pawz.rs\/en\/wp-json\/wp\/v2\/product"}],"about":[{"href":"https:\/\/pawz.rs\/en\/wp-json\/wp\/v2\/types\/product"}],"replies":[{"embeddable":true,"href":"https:\/\/pawz.rs\/en\/wp-json\/wp\/v2\/comments?post=44149"}],"wp:featuredmedia":[{"embeddable":true,"href":"https:\/\/pawz.rs\/en\/wp-json\/wp\/v2\/media\/44150"}],"wp:attachment":[{"href":"https:\/\/pawz.rs\/en\/wp-json\/wp\/v2\/media?parent=44149"}],"wp:term":[{"taxonomy":"pwb-brand","embeddable":true,"href":"https:\/\/pawz.rs\/en\/wp-json\/wp\/v2\/pwb-brand?post=44149"},{"taxonomy":"product_cat","embeddable":true,"href":"https:\/\/pawz.rs\/en\/wp-json\/wp\/v2\/product_cat?post=44149"},{"taxonomy":"product_tag","embeddable":true,"href":"https:\/\/pawz.rs\/en\/wp-json\/wp\/v2\/product_tag?post=44149"}],"curies":[{"name":"wp","href":"https:\/\/api.w.org\/{rel}","templated":true}]}}