{"id":44151,"date":"2025-07-06T14:02:00","date_gmt":"2025-07-06T12:02:00","guid":{"rendered":"https:\/\/pawz.rs\/?post_type=product&#038;p=44151"},"modified":"2026-03-24T10:50:49","modified_gmt":"2026-03-24T09:50:49","slug":"padovan-tartafor-za-oklop-kornjace-30ml","status":"publish","type":"product","link":"https:\/\/pawz.rs\/en\/padovan-tartafor-za-oklop-kornjace-30ml\/","title":{"rendered":"Padovan Tartafor za Oklop Kornja\u010de 30ml"},"content":{"rendered":"<p><strong>Padovan Tartafor za Oklop Kornja\u010de 30ml<\/strong><\/p>\n<div class=\"container\">\n<div class=\"col-md-6\">\n<div class=\"tabs-container product_extra product_tabs product_tabs-default\">\n<div class=\"tab-content\">\n<div id=\"product_tabs-68666bf3ea25e\" class=\"product_extra-242 tab-pane active\">\n<div class=\"block-body expand-block\">\n<div class=\"block-wrapper\">\n<div class=\"block-content\">\n<p><strong>DOPUNSKA TEKU\u0106A HRANA ZA KORNJA\u010cE<\/strong><\/p>\n<p>Vitaminsko-mineralni kompleks koji, zahvaljuju\u0107i prisutnosti kalcijuma i vitamina D3, potice jacanju oklopa, kako kopnenim tako i vodenim kornjacama.<\/p>\n<p><strong>SASTAV<\/strong>: sorbitol, kalcijumev hlorid, dekstroza.<\/p>\n<p><strong>ADITIVI ZA KG<\/strong>: Hranjivi aditivi: A vitamin 2000000 IJ, D3 vitamin 200000 IJ, kalcijumov D-pantotenat 200 mg.<\/p>\n<p><strong>ANALIZA<\/strong>: vla\u017enost 86%, kalcijum 0,45%.<\/p>\n<p><strong>NACIN UPOTREBE:<\/strong> pa\u017eljivo pome\u0161ajte 2 kapi za svaki g potpune hrane za 8-10 uzastopnih dana. Ponovite tretman svaki mesec; udvostrucite kolicinu kod \u017eivotinja sa mekanim oklopom. PRE UPOTREBE PROME\u0160ATI.<\/p>\n<p>Cuvati na sve\u017eem i suvom mestu.<\/p>\n<p>Najbolje upotrebljivo do datuma utisnutog na pakovanju.<\/p>\n<p>Dr\u017eati na suvom mestu.<\/p>\n<\/div>\n<\/div>\n<\/div>\n<\/div>\n<\/div>\n<\/div>\n<\/div>\n<\/div>\n<p>Proizvo\u0111a\u010d: Valman s.r.l<br \/>\nCountry of origin: Germany<\/p>\n\n    <div class=\"xs_social_share_widget xs_share_url after_content \t\tmain_content  wslu-style-1 wslu-share-box-shaped wslu-fill-colored wslu-none wslu-share-horizontal wslu-theme-font-no wslu-main_content\">\n\n\t\t\n        <ul>\n\t\t\t        <\/ul>\n    <\/div>","protected":false},"excerpt":{"rendered":"<p><strong>Padovan Tartafor za Oklop Kornja\u010de 30ml<\/strong><\/p>","protected":false},"featured_media":44152,"comment_status":"closed","ping_status":"closed","template":"","meta":{"_acf_changed":false},"pwb-brand":[1362],"product_cat":[993,1001],"product_tag":[],"class_list":{"0":"post-44151","1":"product","2":"type-product","3":"status-publish","4":"has-post-thumbnail","6":"pwb-brand-padovan","7":"product_cat-akvaristika","8":"product_cat-nega-i-odrzavanje","10":"first","11":"instock","12":"taxable","13":"shipping-taxable","14":"purchasable","15":"product-type-simple"},"acf":[],"brands":[{"id":1362,"name":"Padovan","slug":"padovan"}],"_links":{"self":[{"href":"https:\/\/pawz.rs\/en\/wp-json\/wp\/v2\/product\/44151","targetHints":{"allow":["GET"]}}],"collection":[{"href":"https:\/\/pawz.rs\/en\/wp-json\/wp\/v2\/product"}],"about":[{"href":"https:\/\/pawz.rs\/en\/wp-json\/wp\/v2\/types\/product"}],"replies":[{"embeddable":true,"href":"https:\/\/pawz.rs\/en\/wp-json\/wp\/v2\/comments?post=44151"}],"wp:featuredmedia":[{"embeddable":true,"href":"https:\/\/pawz.rs\/en\/wp-json\/wp\/v2\/media\/44152"}],"wp:attachment":[{"href":"https:\/\/pawz.rs\/en\/wp-json\/wp\/v2\/media?parent=44151"}],"wp:term":[{"taxonomy":"pwb-brand","embeddable":true,"href":"https:\/\/pawz.rs\/en\/wp-json\/wp\/v2\/pwb-brand?post=44151"},{"taxonomy":"product_cat","embeddable":true,"href":"https:\/\/pawz.rs\/en\/wp-json\/wp\/v2\/product_cat?post=44151"},{"taxonomy":"product_tag","embeddable":true,"href":"https:\/\/pawz.rs\/en\/wp-json\/wp\/v2\/product_tag?post=44151"}],"curies":[{"name":"wp","href":"https:\/\/api.w.org\/{rel}","templated":true}]}}