{"id":44157,"date":"2025-07-06T14:02:00","date_gmt":"2025-07-06T12:02:00","guid":{"rendered":"https:\/\/pawz.rs\/?post_type=product&#038;p=44157"},"modified":"2025-07-06T14:02:01","modified_gmt":"2025-07-06T12:02:01","slug":"padovan-tropical-patee-700g","status":"publish","type":"product","link":"https:\/\/pawz.rs\/en\/padovan-tropical-patee-700g\/","title":{"rendered":"Padovan Tropical Patee 700g"},"content":{"rendered":"<p><strong>Padovan Tropical Patee 700g<\/strong><\/p>\n<div class=\"container\">\n<div class=\"col-md-6\">\n<div class=\"tabs-container product_extra product_tabs product_tabs-default\">\n<div class=\"tab-content\">\n<div id=\"product_tabs-68666bf3ea25e\" class=\"product_extra-242 tab-pane active\">\n<div class=\"block-body expand-block\">\n<div class=\"block-wrapper\">\n<div class=\"block-content\">\n<p>Mekana hrana, koja se daje uz glavnu hranu ptice, radi povec\u0301anja snabdevanja hranljivim materijama u odre\u0111enim fazama \u017eivota ptica koje jedu seme (mintanje i parenje) ili kada je \u017eivotinja pod stresom. Tako\u0111e je korisna kao dopuna svakodnevnoj ishrani ptice.<\/p>\n<p><strong>Sastav<\/strong>: pekarski proizvodi, razni \u0161ec\u0301eri, voc\u0301e (ananas 2%, banana 2%, gro\u017e\u0111e 1%), ulja i masti, ekstrakti biljnih proteina, semenke, sorbitol, \u017eitarice, povrc\u0301e, jaja i derivati od jaja (jaje 2%), minerali (zgnje\u010dene ljuske 2%)<\/p>\n<p><strong>Analiti\u010dki sadr\u017eaj:<\/strong>, sirovi proteini 12%, sirova vlakna 6%, sirova ulja i masti 8%, sirovi pepeo 5%, vlaga 12%<\/p>\n<p>Sipajte proizvod u posudu za hranu koja je dostupna ptici, po\u017eeljno u koli\u010dini koju c\u0301e ptica pojesti tokom dana. Obezbedite sve\u017eu, \u010distu vodu svakog dana.<br \/>\n\u010cuvati na hladnom i suvom mestu.<\/p>\n<\/div>\n<\/div>\n<\/div>\n<\/div>\n<\/div>\n<\/div>\n<\/div>\n<\/div>\n<p>Proizvo\u0111a\u010d: Valman s.r.l<br \/>\nCountry of origin: Germany<\/p>\n\n    <div class=\"xs_social_share_widget xs_share_url after_content \t\tmain_content  wslu-style-1 wslu-share-box-shaped wslu-fill-colored wslu-none wslu-share-horizontal wslu-theme-font-no wslu-main_content\">\n\n\t\t\n        <ul>\n\t\t\t        <\/ul>\n    <\/div>","protected":false},"excerpt":{"rendered":"<p><strong>Padovan Tropical Patee 700g<\/strong><\/p>","protected":false},"featured_media":44158,"comment_status":"closed","ping_status":"closed","template":"","meta":{"_acf_changed":false},"pwb-brand":[1362],"product_cat":[1119,1277,986,1014,987,1017,988,1015],"product_tag":[],"class_list":{"0":"post-44157","1":"product","2":"type-product","3":"status-publish","4":"has-post-thumbnail","6":"pwb-brand-padovan","7":"product_cat-ptice","8":"product_cat-hrana-za-ptice","9":"product_cat-glodari","10":"product_cat-poslastice-za-cincile","11":"product_cat-zecevi","12":"product_cat-poslastice-za-zeceve","13":"product_cat-hrcci","14":"product_cat-poslastice-za-hrcke","16":"first","17":"instock","18":"taxable","19":"shipping-taxable","20":"purchasable","21":"product-type-simple"},"acf":[],"brands":[{"id":1362,"name":"Padovan","slug":"padovan"}],"_links":{"self":[{"href":"https:\/\/pawz.rs\/en\/wp-json\/wp\/v2\/product\/44157","targetHints":{"allow":["GET"]}}],"collection":[{"href":"https:\/\/pawz.rs\/en\/wp-json\/wp\/v2\/product"}],"about":[{"href":"https:\/\/pawz.rs\/en\/wp-json\/wp\/v2\/types\/product"}],"replies":[{"embeddable":true,"href":"https:\/\/pawz.rs\/en\/wp-json\/wp\/v2\/comments?post=44157"}],"wp:featuredmedia":[{"embeddable":true,"href":"https:\/\/pawz.rs\/en\/wp-json\/wp\/v2\/media\/44158"}],"wp:attachment":[{"href":"https:\/\/pawz.rs\/en\/wp-json\/wp\/v2\/media?parent=44157"}],"wp:term":[{"taxonomy":"pwb-brand","embeddable":true,"href":"https:\/\/pawz.rs\/en\/wp-json\/wp\/v2\/pwb-brand?post=44157"},{"taxonomy":"product_cat","embeddable":true,"href":"https:\/\/pawz.rs\/en\/wp-json\/wp\/v2\/product_cat?post=44157"},{"taxonomy":"product_tag","embeddable":true,"href":"https:\/\/pawz.rs\/en\/wp-json\/wp\/v2\/product_tag?post=44157"}],"curies":[{"name":"wp","href":"https:\/\/api.w.org\/{rel}","templated":true}]}}