{"id":44547,"date":"2025-07-27T18:01:15","date_gmt":"2025-07-27T16:01:15","guid":{"rendered":"https:\/\/pawz.rs\/?post_type=product&#038;p=44547"},"modified":"2025-07-27T18:06:23","modified_gmt":"2025-07-27T16:06:23","slug":"trixie-set-za-hranjenje","status":"publish","type":"product","link":"https:\/\/pawz.rs\/en\/trixie-set-za-hranjenje\/","title":{"rendered":"Trixie Set za Hranjenje"},"content":{"rendered":"<p><strong>Trixie Set za Hranjenje<br \/>\n<\/strong><\/p>\n<ul>\n<li>Za \u0161tence i ma\u010di\u0107e malih, srednjih i velikih rasa<\/li>\n<li>3 mekane silikonske cucle u razli\u010ditim veli\u010dinama (mogu se sterilisati)<\/li>\n<li>sa poklopcem i mericom, 10 ml<\/li>\n<li>zapremina 120 ml<strong><br \/>\n<\/strong><\/li>\n<\/ul>\n<p>Proizvo\u0111a\u010d: Trixie<br \/>\nCountry of origin: Germany<\/p>\n\n    <div class=\"xs_social_share_widget xs_share_url after_content \t\tmain_content  wslu-style-1 wslu-share-box-shaped wslu-fill-colored wslu-none wslu-share-horizontal wslu-theme-font-no wslu-main_content\">\n\n\t\t\n        <ul>\n\t\t\t        <\/ul>\n    <\/div>","protected":false},"excerpt":{"rendered":"<p>Trixie set za hranjenje &#8211; savr\u0161en za ishranu novoro\u0111enih i mladih \u017eivotinja.<\/p>","protected":false},"featured_media":44548,"comment_status":"open","ping_status":"closed","template":"","meta":{"_acf_changed":false},"pwb-brand":[465],"product_cat":[23,270,201,47],"product_tag":[],"class_list":{"0":"post-44547","1":"product","2":"type-product","3":"status-publish","4":"has-post-thumbnail","6":"pwb-brand-trixie","7":"product_cat-macke","8":"product_cat-mleko-za-macke","9":"product_cat-mleko-za-stence","10":"product_cat-psi","12":"first","13":"instock","14":"taxable","15":"shipping-taxable","16":"purchasable","17":"product-type-simple"},"acf":[],"brands":[{"id":465,"name":"Trixie","slug":"trixie"}],"_links":{"self":[{"href":"https:\/\/pawz.rs\/en\/wp-json\/wp\/v2\/product\/44547","targetHints":{"allow":["GET"]}}],"collection":[{"href":"https:\/\/pawz.rs\/en\/wp-json\/wp\/v2\/product"}],"about":[{"href":"https:\/\/pawz.rs\/en\/wp-json\/wp\/v2\/types\/product"}],"replies":[{"embeddable":true,"href":"https:\/\/pawz.rs\/en\/wp-json\/wp\/v2\/comments?post=44547"}],"wp:featuredmedia":[{"embeddable":true,"href":"https:\/\/pawz.rs\/en\/wp-json\/wp\/v2\/media\/44548"}],"wp:attachment":[{"href":"https:\/\/pawz.rs\/en\/wp-json\/wp\/v2\/media?parent=44547"}],"wp:term":[{"taxonomy":"pwb-brand","embeddable":true,"href":"https:\/\/pawz.rs\/en\/wp-json\/wp\/v2\/pwb-brand?post=44547"},{"taxonomy":"product_cat","embeddable":true,"href":"https:\/\/pawz.rs\/en\/wp-json\/wp\/v2\/product_cat?post=44547"},{"taxonomy":"product_tag","embeddable":true,"href":"https:\/\/pawz.rs\/en\/wp-json\/wp\/v2\/product_tag?post=44547"}],"curies":[{"name":"wp","href":"https:\/\/api.w.org\/{rel}","templated":true}]}}