{"id":4474,"date":"2023-02-27T19:08:53","date_gmt":"2023-02-27T18:08:53","guid":{"rendered":"https:\/\/pawz.rs\/?post_type=product&#038;p=4474"},"modified":"2026-04-25T15:46:24","modified_gmt":"2026-04-25T13:46:24","slug":"nd-ocean-codfish-pumpkin-orange-medium-maxi","status":"publish","type":"product","link":"https:\/\/pawz.rs\/en\/nd-ocean-codfish-pumpkin-orange-medium-maxi\/","title":{"rendered":"N&#038;D Ocean Codfish Pumpkin &#038; Orange Medium\/Maxi"},"content":{"rendered":"<p><strong>N&amp;D Ocean Codfish Pumpkin &amp; Orange Medium\/Maxi<\/strong><\/p>\n<div class=\"intro\">\n<p>Bakalar, bundeva i pomorand\u017ea. Kompletna hrana za odrasle pse.<\/p>\n<\/div>\n<p><strong>SASTAV<\/strong><br \/>\nSve\u017ee meso bakalara (25%), dehidrirano meso bakalara (25%), skrob iz gra\u0161ka, riblje ulje, dehidrirana bundeva (5%), vlakna gra\u0161ka, osu\u0161ena \u0161argarepa, osu\u0161ena lucerka, inulin, fruktooligosaharidi, manan-oligosaharidi, dehidrirana slatka pomorand\u017ea (0.5%), dehidrirana jabuka, dehidriran nar, osu\u0161en spana\u0107, psilijum (0.3%), dehidrirana crna ribizla, dehidrirana kupina, natrijum hlorid, pivski kvasac, koren kurkume (0.2%), glukozamin, hondroitin sulfat.<\/p>\n<p><strong>NUTRITIVNI SASTOJCI ADITIVI PO KG<\/strong><br \/>\nDodaci po kg &#8211; nutritivni dodaci: vitamin A 15000 IJ; vitamin D3 1500 IJ; vitamin E 600 mg; vitamin C 150 mg; niacin 37.5 mg; pantotenska kiselina 15 mg; vitamin B2 7.5 mg; vitamin B6 6 mg; vitamin B1 4.5 mg; vitamin H 0.38 mg; folna kiselina 0.45 mg; vitamin B12 0.1 mg; holin hlorid 2500 mg; beta karoten 1.5 mg; cink helat analoga metionin hidroksilaze 910 mg; mangan helat analoga metionin hidroksilaze 380 mg; gvo\u017e\u0111e helat glicin hidrat 250 mg; bakar helat analoga metionin hidroksilaze 88 mg; selenometionin 0.40 mg; DL metionin 4000 mg; taurin 1000 mg; L karnitin 300 mg. Organolepti\u010dki dodaci: ekstrakt aloe vere 1000 mg; ekstrakt zelenog \u010daja 100 mg; ekstrakt ruzmarina. Antioksidansi: bogati ekstraktima tokoferola prirodnog porekla.<\/p>\n<p><strong>ANALITI\u010cKI SASTAV<\/strong><br \/>\nSirovi proteini 30%; sirove masti 18%; sirova vlakna 2.90%; pepeo 7.30%; Kalcijum 1.20%; Fosfor 0.90%; Omega 6 1.60%; Omega 3 2.30%; DHA 1%; EPA 0.70%; Glukozamin 1200 mg\/kg; Hondroitin 900 mg\/kg.<\/p>\n<p><strong>ENERGETSKA VREDNOST<\/strong><br \/>\nEM Kcal\/Kg 3980 &#8211; Mj\/Kg 16,65<\/p>\n<p>Serve food in dry form with available fresh water.<br \/>\nFor your pet&#039;s health, consult a veterinarian regularly.<\/p>\n<p>Store the product in a dry, dark and cool place.<\/p>\n<p>Proizvo\u0111a\u010d: Farmina Pet Foods, In\u0111ija, Srbija<br \/>\nZemlja porekla: Srbija<\/p>\n\n    <div class=\"xs_social_share_widget xs_share_url after_content \t\tmain_content  wslu-style-1 wslu-share-box-shaped wslu-fill-colored wslu-none wslu-share-horizontal wslu-theme-font-no wslu-main_content\">\n\n\t\t\n        <ul>\n\t\t\t        <\/ul>\n    <\/div>","protected":false},"excerpt":{"rendered":"<p>N&amp;D Ocean Codfish Pumpkin &amp; Orange Medium\/Maxi &#8211; Bakalar, bundeva i pomorand\u017ea. Kompletna hrana za odrasle pse.<\/p>","protected":false},"featured_media":4477,"comment_status":"open","ping_status":"closed","template":"","meta":{"_acf_changed":false},"pwb-brand":[309,311],"product_cat":[49,47,48],"product_tag":[],"class_list":{"0":"post-4474","1":"product","2":"type-product","3":"status-publish","4":"has-post-thumbnail","6":"pwb-brand-nd-natural-delicious","7":"pwb-brand-nd-natural-delicious-hrana-za-pse","8":"product_cat-granule-za-pse","9":"product_cat-psi","10":"product_cat-hrana-za-pse","12":"first","13":"instock","14":"taxable","15":"shipping-taxable","16":"purchasable","17":"product-type-variable","18":"has-default-attributes"},"acf":[],"brands":[{"id":309,"name":"N&amp;D - Natural &amp; Delicious","slug":"nd-natural-delicious"},{"id":311,"name":"N&amp;D \u2013 Natural &amp; Delicious Dog Food","slug":"nd-natural-delicious-hrana-za-pse"}],"_links":{"self":[{"href":"https:\/\/pawz.rs\/en\/wp-json\/wp\/v2\/product\/4474","targetHints":{"allow":["GET"]}}],"collection":[{"href":"https:\/\/pawz.rs\/en\/wp-json\/wp\/v2\/product"}],"about":[{"href":"https:\/\/pawz.rs\/en\/wp-json\/wp\/v2\/types\/product"}],"replies":[{"embeddable":true,"href":"https:\/\/pawz.rs\/en\/wp-json\/wp\/v2\/comments?post=4474"}],"wp:featuredmedia":[{"embeddable":true,"href":"https:\/\/pawz.rs\/en\/wp-json\/wp\/v2\/media\/4477"}],"wp:attachment":[{"href":"https:\/\/pawz.rs\/en\/wp-json\/wp\/v2\/media?parent=4474"}],"wp:term":[{"taxonomy":"pwb-brand","embeddable":true,"href":"https:\/\/pawz.rs\/en\/wp-json\/wp\/v2\/pwb-brand?post=4474"},{"taxonomy":"product_cat","embeddable":true,"href":"https:\/\/pawz.rs\/en\/wp-json\/wp\/v2\/product_cat?post=4474"},{"taxonomy":"product_tag","embeddable":true,"href":"https:\/\/pawz.rs\/en\/wp-json\/wp\/v2\/product_tag?post=4474"}],"curies":[{"name":"wp","href":"https:\/\/api.w.org\/{rel}","templated":true}]}}