{"id":4505,"date":"2023-02-27T20:57:21","date_gmt":"2023-02-27T19:57:21","guid":{"rendered":"https:\/\/pawz.rs\/?post_type=product&#038;p=4505"},"modified":"2026-04-25T15:50:16","modified_gmt":"2026-04-25T13:50:16","slug":"nd-ocean-puppy-cod-pumpkin-cantaloupe-melon-medium-maxi","status":"publish","type":"product","link":"https:\/\/pawz.rs\/en\/nd-ocean-puppy-cod-pumpkin-cantaloupe-melon-medium-maxi\/","title":{"rendered":"N&#038;D Ocean Puppy Cod, Pumpkin &#038; Cantaloupe Melon Medium\/Maxi"},"content":{"rendered":"<p><strong>N&amp;D Ocean Puppy Cod, Pumpkin &amp; Cantaloupe Melon Medium\/Maxi<\/strong><\/p>\n<div class=\"intro\">\n<p>Bakalar, bundeva i dinja. Kompletna hrana za \u0161tence, gravidne kuje i kuje u laktaciji velikih i srednjih rasa<\/p>\n<\/div>\n<p><strong>SASTAV<\/strong><br \/>\nBakalar (28%), dehidrirani protein bakalara (27%), slatki krompir, riblje ulje (iz haringe), dehidrirani protein haringe, su\u0161ena bundeva (5%), dehidrirani \u0161kampi (izvor glukozamina i hondroitin sulfata), vlakna gra\u0161ka, su\u0161ena \u0161argarepa, bra\u0161no lucerke, inulin, frukto-oligosaharidi, ekstrakt kvasca (izvor manano-oligosaharida), su\u0161ena dinja (0,5%), su\u0161ena jabuka, su\u0161eni nar, su\u0161eni spana\u0107, ljuska i seme psilijuma, su\u0161ena borovnica, natrijum hlorid, kalijum hlorid, kalcijum karbonat, suvi pivski kvasac, kurkuma (0,2%), ekstrakt aloa verevera.<\/p>\n<p><strong>NUTRITIVNI SASTOJCI ADITIVI PO KG<\/strong><br \/>\nHranljivi dodaci: vitamin A 16000 IJ; vitamin D3 1600 IJ; vitamin E 600 mg; vitamin C 160 mg; niacin 40 mg; kalcijum D-pantotenat 16 mg; vitamin B2 8 mg; vitamin B6 6,4 mg; vitamin B1 4,8 mg; biotin 0,40 mg; folna kiselina 0,48 mg; vitamin B12 0,1 mg; holin hlorid 2800 mg; beta karoten 1,5 mg; cink (cink helat hidroksi analog metionina): 163,8 mg; mangan (mangan helat hidroksi analog metionin): 64,6 mg; gvo\u017e\u0111e [gvo\u017e\u0111e(II) helat glicin hidrata]: 58,3 mg; bakar (bakar helat hidroksi analog metionina): 15,8 mg; selen (selenizovani inaktivisani kvasac): 0,00088 mg; DL-metionin, tehnolo\u0161ki \u010dist 6000 mg; taurin 1000 mg; L-karnitin 300 mg. Organolepti\u010dki dodaci: ekstrakt zelenog \u010daja 100 mg; ekstrakt ruzmarina. Antioksidanti: ekstrakt tokoferola iz biljnih ulja<\/p>\n<p><strong>ANALITI\u010cKI SASTAV<\/strong><br \/>\nSirovi proteini 35%; sirova mast 20%; sirova vlakna 1,90%; vlaga 9%; sirovi pepeo 8,50%; kalcijum 1,10%; fosfor 0,91%; Omega-6 1,80%; Omega-3 2,50%; DHA 1,10%; EPA 0,80%; Glukozamin glukozamin 1400mg mg\/kg; Hondroitin hondroitin sulfat 1100mg<\/p>\n<p><strong>ENERGETSKA VREDNOST<\/strong><br \/>\nM Kcal\/Kg 4125 &#8211; Mj\/Kg 17,26<\/p>\n<p>Poslu\u017eiti hranu u suvom obliku uz dostupnu sve\u017eu vodu.<br \/>\nZbog zdravlja Va\u0161eg ljubimca redovno konsultujte veterinara.<\/p>\n<p>Proizvod \u010duvati na suvom, tamnom i hladnom mestu.<\/p>\n<p>Proizvo\u0111a\u010d: Farmina Pet Foods, In\u0111ija, Srbija<br \/>\nZemlja porekla: Srbija<\/p>\n\n    <div class=\"xs_social_share_widget xs_share_url after_content \t\tmain_content  wslu-style-1 wslu-share-box-shaped wslu-fill-colored wslu-none wslu-share-horizontal wslu-theme-font-no wslu-main_content\">\n\n\t\t\n        <ul>\n\t\t\t        <\/ul>\n    <\/div> \n","protected":false},"excerpt":{"rendered":"<p>N&amp;D Ocean Puppy Cod, Pumpkin &amp; Cantaloupe Melon Medium\/Maxi &#8211; Bakalar, bundeva i dinja. Kompletna hrana za \u0161tence, gravidne kuje i kuje u laktaciji velikih i srednjih rasa<\/p>","protected":false},"featured_media":4509,"comment_status":"open","ping_status":"closed","template":"","meta":{"_acf_changed":false,"_aa_vp_cena":"","_aa_online_cena":""},"pwb-brand":[309,311],"product_cat":[49,48,47],"product_tag":[],"class_list":{"0":"post-4505","1":"product","2":"type-product","3":"status-publish","4":"has-post-thumbnail","6":"pwb-brand-nd-natural-delicious","7":"pwb-brand-nd-natural-delicious-hrana-za-pse","8":"product_cat-granule-za-pse","9":"product_cat-hrana-za-pse","10":"product_cat-psi","12":"first","13":"instock","14":"taxable","15":"shipping-taxable","16":"purchasable","17":"product-type-variable","18":"has-default-attributes"},"acf":[],"brands":[{"id":309,"name":"N&amp;D - Natural &amp; Delicious","slug":"nd-natural-delicious"},{"id":311,"name":"N&amp;D \u2013 Natural &amp; Delicious Dog Food","slug":"nd-natural-delicious-hrana-za-pse"}],"_links":{"self":[{"href":"https:\/\/pawz.rs\/en\/wp-json\/wp\/v2\/product\/4505","targetHints":{"allow":["GET"]}}],"collection":[{"href":"https:\/\/pawz.rs\/en\/wp-json\/wp\/v2\/product"}],"about":[{"href":"https:\/\/pawz.rs\/en\/wp-json\/wp\/v2\/types\/product"}],"replies":[{"embeddable":true,"href":"https:\/\/pawz.rs\/en\/wp-json\/wp\/v2\/comments?post=4505"}],"wp:featuredmedia":[{"embeddable":true,"href":"https:\/\/pawz.rs\/en\/wp-json\/wp\/v2\/media\/4509"}],"wp:attachment":[{"href":"https:\/\/pawz.rs\/en\/wp-json\/wp\/v2\/media?parent=4505"}],"wp:term":[{"taxonomy":"pwb-brand","embeddable":true,"href":"https:\/\/pawz.rs\/en\/wp-json\/wp\/v2\/pwb-brand?post=4505"},{"taxonomy":"product_cat","embeddable":true,"href":"https:\/\/pawz.rs\/en\/wp-json\/wp\/v2\/product_cat?post=4505"},{"taxonomy":"product_tag","embeddable":true,"href":"https:\/\/pawz.rs\/en\/wp-json\/wp\/v2\/product_tag?post=4505"}],"curies":[{"name":"wp","href":"https:\/\/api.w.org\/{rel}","templated":true}]}}