{"id":4522,"date":"2023-02-28T15:29:45","date_gmt":"2023-02-28T14:29:45","guid":{"rendered":"https:\/\/pawz.rs\/?post_type=product&#038;p=4522"},"modified":"2023-06-01T14:02:46","modified_gmt":"2023-06-01T12:02:46","slug":"nd-prime-boar-apple-medium-maxi","status":"publish","type":"product","link":"https:\/\/pawz.rs\/en\/nd-prime-boar-apple-medium-maxi\/","title":{"rendered":"N&#038;D Prime Boar &#038; Apple Medium\/Maxi"},"content":{"rendered":"<p><strong>N&amp;D Prime Boar &amp; Apple Medium\/Maxi<\/strong><\/p>\n<div class=\"intro\">\n<p>Divlja svinja i jabuka recept. Kompletna hrana za odrasle pse.<\/p>\n<\/div>\n<p><strong>SASTAV<\/strong><br \/>\nDivlja svinja (22%), dehidrirani protein divlje svinje (20%), slatki krompir (batat), piletina bez kostiju, dehidrirani protein piletine, pile\u0107a mast, dehidrirana jaja, dehidrirani riblji protein, riblje ulje (iz haringe), vlakna gra\u0161ka, su\u0161ena \u0161argarepa, bra\u0161no lucerke, inulin, fruktooligosaharidi, ekstrakt kvasca (izvor mano-oligosaharida), su\u0161ena jabuka (0,5%), su\u0161eni nar, su\u0161ena slatka pomorand\u017ea, su\u0161eni spana\u0107, psilijum (0,3%), su\u0161ena borovnica, natrijum hlorid, suvi pivski kvasac, kurkuma (0,2%), ekstrakt aloe vere, glukozamin, hondroitin sulfat<\/p>\n<p><strong>NUTRITIVNI SASTOJCI ADITIVI PO KG<\/strong><br \/>\nDodaci po kg &#8211; hranljivi dodaci: vitamin A 15000 IJ; vitamin D3 1500 IJ; vitamin E 600 mg; vitamin C 150 mg; nijacin 37,5 mg; kalcijum D-pantotenat 15 mg; vitamin B2 7,5 mg; vitamin B6 6 mg; vitamin B1 4,5 mg; biotin 0,38 mg; folna kiselina 0,45 mg; vitamin B12 0,1 mg; holin hlorid 2500 mg; beta-karoten 1,5 mg; cink (cink helat metionin hidrata): 163,8 mg; mangan (mangan helat metionin hidrata): 64,6 mg; gvo\u017e\u0111e (gvo\u017e\u0111e-(II)-helat glicin hidrata): 58,3 mg; bakar (bakar helat metionin hidrata): 15,8 mg; selen (selenizovani kvasac inaktivisani): 0,00088 mg; tehni\u010dki \u010dist DL-metionin 4000 mg; taurin 1000 mg; L-karnitin 300 mg. Organolepti\u010dki dodaci: ekstrakt zelenog \u010daja 100 mg; ekstrakt ruzmarina. Antioksidanti: ekstrakti tokoferola iz biljnih ulja.<\/p>\n<p><strong>ANALITI\u010cKI SASTAV<\/strong><br \/>\nsirovi proteini 34%; sirova mast 18%; sirova vlakna 2,6%; vlaga 9%; sirovi pepeo 7,9%; kalcijum 1,0%; fosfor 0,8%; omega-6 3,3%; omega-3 0,9%; DHA 0,5%; EPA 0,3%; glukozamin 1200 mg\/kg; hondroitin sulfat 900 mg\/kg.<\/p>\n<p><strong>ENERGETSKA VREDNOST<\/strong><br \/>\nEM Kcal\/Kg 3994 &#8211; Mj\/Kg 16,71<\/p>\n<p>Serve food in dry form with available fresh water.<br \/>\nFor your pet&#039;s health, consult a veterinarian regularly.<\/p>\n<p>Store the product in a dry, dark and cool place.<\/p>\n<p>Proizvo\u0111a\u010d: Farmina Pet Foods, In\u0111ija, Srbija<br \/>\nZemlja porekla: Srbija<\/p>\n\n    <div class=\"xs_social_share_widget xs_share_url after_content \t\tmain_content  wslu-style-1 wslu-share-box-shaped wslu-fill-colored wslu-none wslu-share-horizontal wslu-theme-font-no wslu-main_content\">\n\n\t\t\n        <ul>\n\t\t\t        <\/ul>\n    <\/div>","protected":false},"excerpt":{"rendered":"<p>N&amp;D Prime Boar &amp; Apple Medium\/Maxi &#8211; Divlja svinja i jabuka recept. Kompletna hrana za odrasle pse.<\/p>","protected":false},"featured_media":4525,"comment_status":"open","ping_status":"closed","template":"","meta":{"_acf_changed":false},"pwb-brand":[309,311],"product_cat":[49,47,48],"product_tag":[],"class_list":{"0":"post-4522","1":"product","2":"type-product","3":"status-publish","4":"has-post-thumbnail","6":"pwb-brand-nd-natural-delicious","7":"pwb-brand-nd-natural-delicious-hrana-za-pse","8":"product_cat-granule-za-pse","9":"product_cat-psi","10":"product_cat-hrana-za-pse","12":"first","13":"instock","14":"taxable","15":"shipping-taxable","16":"purchasable","17":"product-type-variable","18":"has-default-attributes"},"acf":[],"brands":[{"id":309,"name":"N&amp;D - Natural &amp; Delicious","slug":"nd-natural-delicious"},{"id":311,"name":"N&amp;D \u2013 Natural &amp; Delicious Dog Food","slug":"nd-natural-delicious-hrana-za-pse"}],"_links":{"self":[{"href":"https:\/\/pawz.rs\/en\/wp-json\/wp\/v2\/product\/4522","targetHints":{"allow":["GET"]}}],"collection":[{"href":"https:\/\/pawz.rs\/en\/wp-json\/wp\/v2\/product"}],"about":[{"href":"https:\/\/pawz.rs\/en\/wp-json\/wp\/v2\/types\/product"}],"replies":[{"embeddable":true,"href":"https:\/\/pawz.rs\/en\/wp-json\/wp\/v2\/comments?post=4522"}],"wp:featuredmedia":[{"embeddable":true,"href":"https:\/\/pawz.rs\/en\/wp-json\/wp\/v2\/media\/4525"}],"wp:attachment":[{"href":"https:\/\/pawz.rs\/en\/wp-json\/wp\/v2\/media?parent=4522"}],"wp:term":[{"taxonomy":"pwb-brand","embeddable":true,"href":"https:\/\/pawz.rs\/en\/wp-json\/wp\/v2\/pwb-brand?post=4522"},{"taxonomy":"product_cat","embeddable":true,"href":"https:\/\/pawz.rs\/en\/wp-json\/wp\/v2\/product_cat?post=4522"},{"taxonomy":"product_tag","embeddable":true,"href":"https:\/\/pawz.rs\/en\/wp-json\/wp\/v2\/product_tag?post=4522"}],"curies":[{"name":"wp","href":"https:\/\/api.w.org\/{rel}","templated":true}]}}