{"id":45270,"date":"2025-08-12T12:28:47","date_gmt":"2025-08-12T10:28:47","guid":{"rendered":"https:\/\/pawz.rs\/?post_type=product&#038;p=45270"},"modified":"2025-08-13T16:59:50","modified_gmt":"2025-08-13T14:59:50","slug":"schesir-hrana-za-macke-tuna-u-zeleu-complete-nutrition-jelly","status":"publish","type":"product","link":"https:\/\/pawz.rs\/en\/schesir-hrana-za-macke-tuna-u-zeleu-complete-nutrition-jelly\/","title":{"rendered":"Schesir Hrana za Ma\u010dke Tuna u \u017deleu Complete Nutrition Jelly 85g"},"content":{"rendered":"<p><strong>Schesir Hrana za Ma\u010dke Tuna u \u017deleu Complete Nutrition Jelly<\/p>\n<p>Minimalna kupovina 12 komada<br \/>\n<\/strong><\/p>\n<p>Schesir Complete Nutrition in Jelly \u00a0je vla\u017ena hrana za odrasle ma\u010dke u \u017eeleu. Unapre\u0111uje prirodnu ishranu ma\u010daka sa vla\u017enom konzerviranom hranom koja kombinacijom visoko kvalitetnih sastojaka i predstavlja kompletnu i balansiranu hranu. Svaki recept je bogat vitaminima, mineralima i taurinom, esencijalnim elementima za zdravlje i vitalnost, a koji su napravljeni tako da pru\u017ee sve neophodne nutrijente koji su neophodni ma\u010dkama, dok u isto vreme imaju neodoljiv ukus koji zadovoljava i najizbirljivije ma\u010dke. Poseduje visok sadr\u017eaj proteina i nizak sadr\u017eaj ugljenih hidrata. Potpoma\u017ee hidrataciji. Ne sadr\u017ei konzervanse i ve\u0161ta\u010dke boje.<\/p>\n<p><strong>Sastav:<\/strong> Tuna 51%, pirina\u010d 1,5%, rafinisano suncokretovo ulje 2%, minerali<\/p>\n<p><strong>Analytical composition:<\/strong> Proteini 12%, sirove masti 0,8%, sirova vlakna 0,5% sirovi pepeo 1%, vlaga 85%<\/p>\n<p>Proizvo\u0111a\u010d: AGRAS DELIC S.P.A<br \/>\nZemlja porekla: Italija<\/p>\n<p><strong>\u00a0<\/strong><\/p>\n\n    <div class=\"xs_social_share_widget xs_share_url after_content \t\tmain_content  wslu-style-1 wslu-share-box-shaped wslu-fill-colored wslu-none wslu-share-horizontal wslu-theme-font-no wslu-main_content\">\n\n\t\t\n        <ul>\n\t\t\t        <\/ul>\n    <\/div>","protected":false},"excerpt":{"rendered":"<p>Schesir Hrana za Ma\u010dke Tuna u \u017deleu Complete Nutrition Jelly<\/p>","protected":false},"featured_media":45282,"comment_status":"open","ping_status":"closed","template":"","meta":{"_acf_changed":false},"pwb-brand":[330,331],"product_cat":[21,23,150],"product_tag":[],"class_list":{"0":"post-45270","1":"product","2":"type-product","3":"status-publish","4":"has-post-thumbnail","6":"pwb-brand-schesir","7":"pwb-brand-schesir-hrana-za-macke","8":"product_cat-hrana-za-macke","9":"product_cat-macke","10":"product_cat-vlazna-hrana-za-macke","12":"first","13":"instock","14":"taxable","15":"shipping-taxable","16":"purchasable","17":"product-type-simple"},"acf":[],"brands":[{"id":330,"name":"Schesir","slug":"schesir"},{"id":331,"name":"Schesir Cat Food","slug":"schesir-hrana-za-macke"}],"_links":{"self":[{"href":"https:\/\/pawz.rs\/en\/wp-json\/wp\/v2\/product\/45270","targetHints":{"allow":["GET"]}}],"collection":[{"href":"https:\/\/pawz.rs\/en\/wp-json\/wp\/v2\/product"}],"about":[{"href":"https:\/\/pawz.rs\/en\/wp-json\/wp\/v2\/types\/product"}],"replies":[{"embeddable":true,"href":"https:\/\/pawz.rs\/en\/wp-json\/wp\/v2\/comments?post=45270"}],"wp:featuredmedia":[{"embeddable":true,"href":"https:\/\/pawz.rs\/en\/wp-json\/wp\/v2\/media\/45282"}],"wp:attachment":[{"href":"https:\/\/pawz.rs\/en\/wp-json\/wp\/v2\/media?parent=45270"}],"wp:term":[{"taxonomy":"pwb-brand","embeddable":true,"href":"https:\/\/pawz.rs\/en\/wp-json\/wp\/v2\/pwb-brand?post=45270"},{"taxonomy":"product_cat","embeddable":true,"href":"https:\/\/pawz.rs\/en\/wp-json\/wp\/v2\/product_cat?post=45270"},{"taxonomy":"product_tag","embeddable":true,"href":"https:\/\/pawz.rs\/en\/wp-json\/wp\/v2\/product_tag?post=45270"}],"curies":[{"name":"wp","href":"https:\/\/api.w.org\/{rel}","templated":true}]}}